{"id":21820,"date":"2024-04-18T21:17:12","date_gmt":"2024-04-18T18:17:12","guid":{"rendered":"https:\/\/zooprekes24.lt\/produktas\/canvit-silybum-marianum-sunims-ir-katems\/"},"modified":"2024-07-22T16:14:32","modified_gmt":"2024-07-22T13:14:32","slug":"canvit-silybum-marianum-suniem-un-kakiem","status":"publish","type":"product","link":"https:\/\/zooprekes24.lt\/lv\/produktas\/canvit-silybum-marianum-sunims-ir-katems\/","title":{"rendered":"Canvit Silybum Marianum uztura bag\u0101tin\u0101t\u0101js su\u0146iem un ka\u0137iem 160 g"},"content":{"rendered":"<h3>Canvit Silybum Marianum - ekstrakts no kli\u0146\u0123er\u012b\u0161u s\u0113kl\u0101m (Silybum marianum) satur <a href=\"https:\/\/zooprekes24.lt\/lv\/?s=naturalus&amp;post_type=product&amp;product_cat=0\" target=\"_blank\" rel=\"noopener\">dabas<\/a> silimar\u012bna avots, kas ietver daudzas flavonolign\u0101nu kombin\u0101cijas.<\/h3>\n<ul>\n<li>Uzlabo aknu darb\u012bbu su\u0146iem un ka\u0137iem.<\/li>\n<li>Veicina aknu \u0161\u016bnu veido\u0161anos un re\u0123ener\u0101ciju.<\/li>\n<li>Aizsarg\u0101 jaunas \u0161\u016bnas un pal\u012bdz mazin\u0101t iekaisumu.<\/li>\n<li><a href=\"https:\/\/www.canvit.cz\/en\/\" target=\"_blank\" rel=\"noopener noreferrer\">Canvit<\/a> Silimar\u012bns ir \u013coti efekt\u012bvs antioksidants, kas aizsarg\u0101 aknu \u0161\u016bnas.<\/li>\n<li>Canvit Silybum Marianum bar\u012bbas piedeva ir lieliska izv\u0113le m\u0101jdz\u012bvniekiem, kas barojas ar BARF di\u0113tu.<\/li>\n<\/ul>","protected":false},"excerpt":{"rendered":"<p>Canvit Silybum Marianum &#8211; ekstraktas i\u0161 margaini\u0173 (Silybum marianum) s\u0117kl\u0173 yra nat\u016bralus silimarino \u0161altinis, kuris apima daug flavonolignano derini\u0173. Gerina \u0161un\u0173 ir ka\u010di\u0173 kepen\u0173 funkcij\u0105. Palaiko kepen\u0173 l\u0105steli\u0173 formavim\u0105si ir regeneracij\u0105. Apsaugo naujas l\u0105steles ir padeda suma\u017einti u\u017edegim\u0105. Canvit sud\u0117tyje esantis silimarinas yra labai veiksmingas antioksidantas, kuris apsaugo kepen\u0173 l\u0105steles. Canvit Silybum Marianum maisto papildas&#8230;<\/p>","protected":false},"featured_media":17862,"comment_status":"closed","ping_status":"closed","template":"","meta":{"_acf_changed":false,"slim_seo":{"title":"Canvit Silybum Marianum maisto papildas \u0161unims ir kat\u0117ms 160 g - Zooprekes24","description":"Canvit Silybum Marianum - ekstrakts no margrieti\u0146as (Silybum marianum) s\u0113kl\u0101m ir dab\u012bgs silimar\u012bna avots, kas ietver daudzas flavonolign\u0101nu kombin\u0101cijas. Tas uzlabo matu"},"iawp_total_views":104},"product_brand":[],"product_cat":[9023,9021,83,25,104,32,8999,31,9022,9017],"product_tag":[2441],"class_list":{"0":"post-21820","1":"product","2":"type-product","3":"status-publish","4":"has-post-thumbnail","6":"product_cat-canvit-katems","7":"product_cat-canvit-sunims","8":"product_cat-kaciu-prekiu-gamintojai","9":"product_cat-katems","10":"product_cat-kitos-kaciu-prekes","11":"product_cat-kitos-sunu-prekes","12":"product_cat-sunims","13":"product_cat-sunu-prekiu-gamintojai","14":"product_cat-vitaminai-ir-papildai-sunims","15":"product_cat-vitaminai-ir-papildai-katems","16":"product_tag-vitaminai","17":"pa_prekiu-zenklai-canvit","18":"pa_suns-amzius-jauniems","19":"pa_suns-amzius-senjorams","20":"pa_suns-amzius-suaugusiems","21":"pa_suns-amzius-visiems-amziams","22":"pa_veisles-dydis-didelems-veislems","23":"pa_veisles-dydis-mazoms-veislems","24":"pa_veisles-dydis-vidutinems-veislems","25":"pa_veisles-dydis-visu-dydziu-veislems","27":"first","28":"instock","29":"featured","30":"taxable","31":"shipping-taxable","32":"purchasable","33":"product-type-simple"},"acf":[],"_links":{"self":[{"href":"https:\/\/zooprekes24.lt\/lv\/wp-json\/wp\/v2\/product\/21820","targetHints":{"allow":["GET"]}}],"collection":[{"href":"https:\/\/zooprekes24.lt\/lv\/wp-json\/wp\/v2\/product"}],"about":[{"href":"https:\/\/zooprekes24.lt\/lv\/wp-json\/wp\/v2\/types\/product"}],"replies":[{"embeddable":true,"href":"https:\/\/zooprekes24.lt\/lv\/wp-json\/wp\/v2\/comments?post=21820"}],"wp:featuredmedia":[{"embeddable":true,"href":"https:\/\/zooprekes24.lt\/lv\/wp-json\/wp\/v2\/media\/17862"}],"wp:attachment":[{"href":"https:\/\/zooprekes24.lt\/lv\/wp-json\/wp\/v2\/media?parent=21820"}],"wp:term":[{"taxonomy":"product_brand","embeddable":true,"href":"https:\/\/zooprekes24.lt\/lv\/wp-json\/wp\/v2\/product_brand?post=21820"},{"taxonomy":"product_cat","embeddable":true,"href":"https:\/\/zooprekes24.lt\/lv\/wp-json\/wp\/v2\/product_cat?post=21820"},{"taxonomy":"product_tag","embeddable":true,"href":"https:\/\/zooprekes24.lt\/lv\/wp-json\/wp\/v2\/product_tag?post=21820"}],"curies":[{"name":"wp","href":"https:\/\/api.w.org\/{rel}","templated":true}]}}