{"id":21819,"date":"2024-04-18T21:17:12","date_gmt":"2024-04-18T18:17:12","guid":{"rendered":"https:\/\/zooprekes24.lt\/produktas\/canvit-kelp-sunims-ir-katems\/"},"modified":"2026-03-31T18:01:18","modified_gmt":"2026-03-31T16:01:18","slug":"kanvit-alges-suniem-un-kakiem","status":"publish","type":"product","link":"https:\/\/zooprekes24.lt\/lv\/produktas\/canvit-kelp-sunims-ir-katems\/","title":{"rendered":"Canvit Kelp bar\u012bbas piedeva su\u0146iem un ka\u0137iem 60 g"},"content":{"rendered":"<h3>Canvit Kelp - dab\u012bgs bar\u012bbas papildin\u0101jums <a href=\"https:\/\/zooprekes24.lt\/lv\/?s=sunims&amp;post_type=product&amp;product_cat=0\" target=\"_blank\" rel=\"noopener noreferrer\">su\u0146iem un ka\u0137iem<\/a>, kas ir t\u0101du svar\u012bgu miner\u0101lvielu avots k\u0101 jods, kalcijs, fosfors, magnijs, k\u0101lijs, dzelzs, B un C vitam\u012bni un aminosk\u0101bes.<\/h3>\n<ul>\n<li>Pal\u012bdz samazin\u0101t zobu aplikumu, zobakmeni un kontrol\u0113t sliktu elpu.<\/li>\n<li>To ieteicams lietot, lai uzlabotu visp\u0101r\u0113jo labsaj\u016btu, izskatu un ka\u017eoka kvalit\u0101ti.<\/li>\n<li>Canvit Kelp bar\u012bbas piedeva ir lieliska izv\u0113le m\u0101jdz\u012bvniekiem, kas baroti ar BARF di\u0113tu.<\/li>\n<li>\u0136elsis ir piem\u0113rots uztura bag\u0101tin\u0101t\u0101js visiem su\u0146iem un ka\u0137iem, jo tas ir dab\u012bgs, nerafin\u0113ts, labi sagremojams produkts.<\/li>\n<li><a href=\"https:\/\/www.canvit.cz\/en\/\" target=\"_blank\" rel=\"noopener noreferrer\">Canvit<\/a> \u0136els\u0113m piem\u012bt unik\u0101las antioksidantu \u012bpa\u0161\u012bbas, t\u0101s veicina vairogdziedzera darb\u012bbu, \u0101das pigment\u0101ciju, zobu un smaganu vesel\u012bbu.<\/li>\n<\/ul>","protected":false},"excerpt":{"rendered":"<p>Canvit Kelp &#8211; nat\u016bralus pa\u0161aro papildas \u0161unims ir kat\u0117ms, svarbiausi\u0173 mineral\u0173 \u0161altinis, toki\u0173 kaip jodo, kalcio, fosforo, magnio, kalio, gele\u017eies, vitamin\u0173 B, C ir amino r\u016bg\u0161\u010di\u0173. Padeda suma\u017einti dant\u0173 apna\u0161as, dant\u0173 akmenis bei kontroliuoti blog\u0105 burnos kvap\u0105. Rekomenduojama naudoti siekiant pagerinti bendr\u0105 savijaut\u0105, i\u0161vaizd\u0105 ir kailio kokyb\u0119. Canvit Kelp maisto papildas yra puikus pasirinkimas augintiniams,&#8230;<\/p>","protected":false},"featured_media":17860,"comment_status":"closed","ping_status":"closed","template":"","meta":{"_acf_changed":false,"slim_seo":{"title":"Canvit Kelp maisto papildas \u0161unims ir kat\u0117ms 60 g - Zooprekes24","description":"Canvit Kelp ir dab\u012bgs uztura bag\u0101tin\u0101t\u0101js su\u0146iem un ka\u0137iem, kas ir b\u016btisku miner\u0101lvielu, piem\u0113ram, joda, kalcija, fosfora, magnija, k\u0101lija, dzelzs un B grupas vitam\u012bnu avots,"},"iawp_total_views":125},"product_brand":[],"product_cat":[9021,9023,83,25,104,32,8999,31,9017,9022],"product_tag":[3063,2441],"class_list":{"0":"post-21819","1":"product","2":"type-product","3":"status-publish","4":"has-post-thumbnail","6":"product_cat-canvit-sunims","7":"product_cat-canvit-katems","8":"product_cat-kaciu-prekiu-gamintojai","9":"product_cat-katems","10":"product_cat-kitos-kaciu-prekes","11":"product_cat-kitos-sunu-prekes","12":"product_cat-sunims","13":"product_cat-sunu-prekiu-gamintojai","14":"product_cat-vitaminai-ir-papildai-katems","15":"product_cat-vitaminai-ir-papildai-sunims","16":"product_tag-barf-papildai-sunims","17":"product_tag-vitaminai","18":"pa_prekiu-zenklai-canvit","19":"pa_suns-amzius-jauniems","20":"pa_suns-amzius-senjorams","21":"pa_suns-amzius-suaugusiems","22":"pa_suns-amzius-visiems-amziams","23":"pa_veisles-dydis-didelems-veislems","24":"pa_veisles-dydis-mazoms-veislems","25":"pa_veisles-dydis-vidutinems-veislems","26":"pa_veisles-dydis-visu-dydziu-veislems","28":"first","29":"instock","30":"featured","31":"taxable","32":"shipping-taxable","33":"purchasable","34":"product-type-simple"},"acf":[],"_links":{"self":[{"href":"https:\/\/zooprekes24.lt\/lv\/wp-json\/wp\/v2\/product\/21819","targetHints":{"allow":["GET"]}}],"collection":[{"href":"https:\/\/zooprekes24.lt\/lv\/wp-json\/wp\/v2\/product"}],"about":[{"href":"https:\/\/zooprekes24.lt\/lv\/wp-json\/wp\/v2\/types\/product"}],"replies":[{"embeddable":true,"href":"https:\/\/zooprekes24.lt\/lv\/wp-json\/wp\/v2\/comments?post=21819"}],"wp:featuredmedia":[{"embeddable":true,"href":"https:\/\/zooprekes24.lt\/lv\/wp-json\/wp\/v2\/media\/17860"}],"wp:attachment":[{"href":"https:\/\/zooprekes24.lt\/lv\/wp-json\/wp\/v2\/media?parent=21819"}],"wp:term":[{"taxonomy":"product_brand","embeddable":true,"href":"https:\/\/zooprekes24.lt\/lv\/wp-json\/wp\/v2\/product_brand?post=21819"},{"taxonomy":"product_cat","embeddable":true,"href":"https:\/\/zooprekes24.lt\/lv\/wp-json\/wp\/v2\/product_cat?post=21819"},{"taxonomy":"product_tag","embeddable":true,"href":"https:\/\/zooprekes24.lt\/lv\/wp-json\/wp\/v2\/product_tag?post=21819"}],"curies":[{"name":"wp","href":"https:\/\/api.w.org\/{rel}","templated":true}]}}