{"id":21818,"date":"2024-04-18T21:17:12","date_gmt":"2024-04-18T18:17:12","guid":{"rendered":"https:\/\/zooprekes24.lt\/produktas\/ethical-zaislas-sunims-vovere-58cm\/"},"modified":"2025-09-02T21:30:18","modified_gmt":"2025-09-02T19:30:18","slug":"ethical-zaislas-sunims-vovere-cypsi-ruda","status":"publish","type":"product","link":"https:\/\/zooprekes24.lt\/lv\/produktas\/ethical-zaislas-sunims-vovere-cypsi-ruda\/","title":{"rendered":"Ethical \u017eaislas \u0161unims vover\u0117, cypsi, ruda"},"content":{"rendered":"<h3>Sp\u0113le ir noz\u012bm\u012bga dz\u012bvnieku dz\u012bves sast\u0101vda\u013ca. <a href=\"https:\/\/www.ethicalpet.com\/\" target=\"_blank\" rel=\"noopener noreferrer\">\u0112tikas<\/a> \u017eaislas \u0161unims vover\u0117 &#8211; puiki <a href=\"https:\/\/zooprekes24.lt\/lv\/?s=dovana&amp;post_type=product&amp;product_cat=0\" target=\"_blank\" rel=\"noopener noreferrer\">D\u0101vana<\/a>lai uzmundrin\u0101tu savu m\u012b\u013coto \u010detrk\u0101jaino draugu.<\/h3>\n<ul>\n<li>Bez polster\u0113juma iek\u0161pus\u0113.<\/li>\n<li>\u0160\u012b rota\u013clieta apmierina su\u0146u dabisko med\u012bbu instinktu.<\/li>\n<li>Ne\u013caujiet m\u0101jdz\u012bvniekam sp\u0113l\u0113ties ar rota\u013clietu, ja k\u0101da rota\u013clietas da\u013ca ir sapl\u0113sta vai nodilusi.<\/li>\n<li>Rota\u013clieta ir iztur\u012bga, ta\u010du, lai nodro\u0161in\u0101tu j\u016bsu m\u012blu\u013ca dro\u0161\u012bbu, l\u016bdzu, uzraugiet savu m\u012bluli visu sp\u0113les laiku.<\/li>\n<\/ul>","protected":false},"excerpt":{"rendered":"<p>Did\u017ei\u0105j\u0105 gyv\u016bn\u0173 gyvenimo dal\u012f sudaro \u017eaidimai. Ethical \u017eaislas \u0161unims vover\u0117 &#8211; puiki dovana, kuria galite prad\u017eiuginti savo mylim\u0105 keturkoj\u012f bi\u010diul\u012f. Be kam\u0161alo viduje. \u0160is \u017eaislas patenkina nat\u016bral\u0173 \u0161un\u0173 med\u017eiokl\u0117s instinkt\u0105. Neleiskite savo augintojui \u017eaisti su \u017eaislu, jei kuri nors \u017eaislo dalis yra \u012fply\u0161usi arba nusidev\u0117jusi. \u017daislas yra tvirtas, ta\u010diau norint u\u017etikrinti savo gyv\u016bno saugum\u0105, vis\u0105&#8230;<\/p>","protected":false},"featured_media":17859,"comment_status":"closed","ping_status":"closed","template":"","meta":{"_acf_changed":false,"slim_seo":{"title":"Ethical \u017eaislas \u0161unims vover\u0117, cypsi, ruda - Zooprekes24","description":"Did\u017ei\u0105j\u0105 gyv\u016bn\u0173 gyvenimo dal\u012f sudaro \u017eaidimai. Ethical \u017eaislas \u0161unims vover\u0117 - puiki dovana , kuria galite prad\u017eiuginti savo mylim\u0105 keturkoj\u012f bi\u010diul\u012f. Be kam\u0161al"},"iawp_total_views":17},"product_brand":[],"product_cat":[32,8999,9024],"product_tag":[3365,3375,3397],"class_list":{"0":"post-21818","1":"product","2":"type-product","3":"status-publish","4":"has-post-thumbnail","6":"product_cat-kitos-sunu-prekes","7":"product_cat-sunims","8":"product_cat-zaislai-sunims","9":"product_tag-cypiantis-zaislas-suniui","10":"product_tag-kamuoliukas-sunims","11":"product_tag-zaislas-suniui-cypiantis","12":"pa_prekiu-zenklai-ethical","13":"pa_zaislo-tipas-cypiantis","15":"first","16":"instock","17":"featured","18":"taxable","19":"shipping-taxable","20":"purchasable","21":"product-type-simple"},"acf":[],"_links":{"self":[{"href":"https:\/\/zooprekes24.lt\/lv\/wp-json\/wp\/v2\/product\/21818","targetHints":{"allow":["GET"]}}],"collection":[{"href":"https:\/\/zooprekes24.lt\/lv\/wp-json\/wp\/v2\/product"}],"about":[{"href":"https:\/\/zooprekes24.lt\/lv\/wp-json\/wp\/v2\/types\/product"}],"replies":[{"embeddable":true,"href":"https:\/\/zooprekes24.lt\/lv\/wp-json\/wp\/v2\/comments?post=21818"}],"wp:featuredmedia":[{"embeddable":true,"href":"https:\/\/zooprekes24.lt\/lv\/wp-json\/wp\/v2\/media\/17859"}],"wp:attachment":[{"href":"https:\/\/zooprekes24.lt\/lv\/wp-json\/wp\/v2\/media?parent=21818"}],"wp:term":[{"taxonomy":"product_brand","embeddable":true,"href":"https:\/\/zooprekes24.lt\/lv\/wp-json\/wp\/v2\/product_brand?post=21818"},{"taxonomy":"product_cat","embeddable":true,"href":"https:\/\/zooprekes24.lt\/lv\/wp-json\/wp\/v2\/product_cat?post=21818"},{"taxonomy":"product_tag","embeddable":true,"href":"https:\/\/zooprekes24.lt\/lv\/wp-json\/wp\/v2\/product_tag?post=21818"}],"curies":[{"name":"wp","href":"https:\/\/api.w.org\/{rel}","templated":true}]}}