{"id":21816,"date":"2024-04-18T21:17:12","date_gmt":"2024-04-18T18:17:12","guid":{"rendered":"https:\/\/zooprekes24.lt\/produktas\/canvit-brewers-yest-sunims-ir-katems\/"},"modified":"2026-03-31T17:59:17","modified_gmt":"2026-03-31T15:59:17","slug":"canvit-alus-raugs-suniem-un-kakiem","status":"publish","type":"product","link":"https:\/\/zooprekes24.lt\/lv\/produktas\/canvit-brewers-yeast-sunims-ir-katems\/","title":{"rendered":"Canvit Alus raugs uztura bag\u0101tin\u0101t\u0101js su\u0146iem un ka\u0137iem 180 g"},"content":{"rendered":"<h3>Canvit alus raugs - dab\u012bgais alus raugs ir ne tikai labs j\u016bsu m\u012blu\u013ca labsaj\u016btai, bet ar\u012b akt\u012bvam dz\u012bvesveidam.<strong><br \/>\n<\/strong><\/h3>\n<ul>\n<li>Ide\u0101ls <a href=\"https:\/\/zooprekes24.lt\/lv\/?s=papildas&amp;post_type=product&amp;product_cat=0\" target=\"_blank\" rel=\"noopener noreferrer\">Papildin\u0101jums<\/a> svara zuduma profilaksei, ar\u012b barojot ar BARF di\u0113tu.<\/li>\n<li>Canvit alus raugs ir dab\u012bgo pretparaz\u012btu l\u012bdzek\u013cu grupa.<\/li>\n<li>Lielisks aminosk\u0101bju, B vitam\u012bna, miner\u0101lvielu, mikroelementu un citu akt\u012bvo vielu avots.<\/li>\n<li>Tas labv\u0113l\u012bgi ietekm\u0113 gremo\u0161anas sist\u0113mu, zarnu mikrofloras sast\u0101vu un \u0101das un ka\u017eoka kvalit\u0101ti.<\/li>\n<li><a href=\"https:\/\/www.canvit.cz\/en\/\" target=\"_blank\" rel=\"noopener noreferrer\">Canvit<\/a> Alus raugs ir piem\u0113rots jaunie\u0161iem un pieaugu\u0161ajiem, gr\u016btniec\u0113m un m\u0101t\u012bt\u0113m lakt\u0101cijas period\u0101, m\u0101jdz\u012bvnieka atvese\u013co\u0161an\u0101s laik\u0101 un tiem, kam nepiecie\u0161ams daudz ener\u0123ijas.<\/li>\n<\/ul>","protected":false},"excerpt":{"rendered":"<p>Canvit Brewer&#8217;s Yeast &#8211; nat\u016bralios alaus miel\u0117s naudingos ne tik puikiai augintinio savijautai u\u017etikrinti bet ir aktyviai gyvensenai palaikyti. Idealus papildas svorio ma\u017einimo profilaktikai taip pat ir \u0161eriant BARF mityba. Canvit Brewer&#8217;s Yeast alaus miel\u0117s priskiriamiamos prie nat\u016brali\u0173 antiparazitik\u0173 grup\u0117s. Puikus amino r\u016bg\u0161\u010di\u0173, vitamino B, mineral\u0173, mikroelement\u0173, ir kit\u0173 veikli\u0173j\u0173 med\u017eiag\u0173 \u0161altinis. Teigiamai veikia vir\u0161kinamojo&#8230;<\/p>","protected":false},"featured_media":28522,"comment_status":"closed","ping_status":"closed","template":"","meta":{"_acf_changed":false,"slim_seo":{"title":"Canvit Brewer's Yeast maisto papildas \u0161unims ir kat\u0117ms 180 g - Zooprekes24","description":"Canvit alus raugs - dab\u012bgais alus raugs ir ne tikai labs j\u016bsu m\u012blu\u013ca labsaj\u016btai, bet ar\u012b akt\u012bvam dz\u012bvesveidam. Ide\u0101ls papildin\u0101jums"},"iawp_total_views":85},"product_brand":[],"product_cat":[9021,9023,83,25,104,32,8999,31,9017,9022],"product_tag":[3337,2441],"class_list":{"0":"post-21816","1":"product","2":"type-product","3":"status-publish","4":"has-post-thumbnail","6":"product_cat-canvit-sunims","7":"product_cat-canvit-katems","8":"product_cat-kaciu-prekiu-gamintojai","9":"product_cat-katems","10":"product_cat-kitos-kaciu-prekes","11":"product_cat-kitos-sunu-prekes","12":"product_cat-sunims","13":"product_cat-sunu-prekiu-gamintojai","14":"product_cat-vitaminai-ir-papildai-katems","15":"product_cat-vitaminai-ir-papildai-sunims","16":"product_tag-alaus-mieles","17":"product_tag-vitaminai","18":"pa_prekiu-zenklai-canvit","19":"pa_suns-amzius-jauniems","20":"pa_suns-amzius-senjorams","21":"pa_suns-amzius-suaugusiems","22":"pa_suns-amzius-visiems-amziams","23":"pa_veisles-dydis-didelems-veislems","24":"pa_veisles-dydis-mazoms-veislems","25":"pa_veisles-dydis-vidutinems-veislems","26":"pa_veisles-dydis-visu-dydziu-veislems","28":"first","29":"instock","30":"featured","31":"taxable","32":"shipping-taxable","33":"purchasable","34":"product-type-simple"},"acf":[],"_links":{"self":[{"href":"https:\/\/zooprekes24.lt\/lv\/wp-json\/wp\/v2\/product\/21816","targetHints":{"allow":["GET"]}}],"collection":[{"href":"https:\/\/zooprekes24.lt\/lv\/wp-json\/wp\/v2\/product"}],"about":[{"href":"https:\/\/zooprekes24.lt\/lv\/wp-json\/wp\/v2\/types\/product"}],"replies":[{"embeddable":true,"href":"https:\/\/zooprekes24.lt\/lv\/wp-json\/wp\/v2\/comments?post=21816"}],"wp:featuredmedia":[{"embeddable":true,"href":"https:\/\/zooprekes24.lt\/lv\/wp-json\/wp\/v2\/media\/28522"}],"wp:attachment":[{"href":"https:\/\/zooprekes24.lt\/lv\/wp-json\/wp\/v2\/media?parent=21816"}],"wp:term":[{"taxonomy":"product_brand","embeddable":true,"href":"https:\/\/zooprekes24.lt\/lv\/wp-json\/wp\/v2\/product_brand?post=21816"},{"taxonomy":"product_cat","embeddable":true,"href":"https:\/\/zooprekes24.lt\/lv\/wp-json\/wp\/v2\/product_cat?post=21816"},{"taxonomy":"product_tag","embeddable":true,"href":"https:\/\/zooprekes24.lt\/lv\/wp-json\/wp\/v2\/product_tag?post=21816"}],"curies":[{"name":"wp","href":"https:\/\/api.w.org\/{rel}","templated":true}]}}