{"id":21814,"date":"2024-04-18T21:17:12","date_gmt":"2024-04-18T18:17:12","guid":{"rendered":"https:\/\/zooprekes24.lt\/produktas\/royal-canin-babycat-milk\/"},"modified":"2025-07-01T15:01:10","modified_gmt":"2025-07-01T13:01:10","slug":"royal-canin-babycat-piens","status":"publish","type":"product","link":"https:\/\/zooprekes24.lt\/lv\/produktas\/royal-canin-babycat-milk\/","title":{"rendered":"Royal Canin Babycat Milk piena aizst\u0101j\u0113js ka\u0137\u0113niem 300 g"},"content":{"rendered":"<h3>Royal Canin Babycat Milk -\u00a0<a href=\"https:\/\/youtu.be\/eqSuN1uYpy0\" target=\"_blank\" rel=\"noopener\">\u012bpa\u0161i sabalans\u0113ts<\/a> piens ka\u0137\u0113niem, kas paredz\u0113ts stabilai un harmoniskai ka\u0137\u0113nu aug\u0161anai. Tas ir bag\u0101ts ar ener\u0123iju un olbaltumviel\u0101m un gandr\u012bz neat\u0161\u0137iras no z\u012bdo\u0161a ka\u0137a piena. S<span lang=\"en-us\">krustoti ka\u0137\u0113ni<\/span><span lang=\"lt-lt\">\u00a0baro\u0161ana no dzim\u0161anas l\u012bdz at\u0161\u0137ir\u0161anai no m\u0101tes.<\/span><\/h3>\n<ul>\n<li><a href=\"https:\/\/zooprekes24.lt\/lv\/?s=ka%C4%8Diukams&amp;post_type=product&amp;product_cat=0\" target=\"_blank\" rel=\"noopener noreferrer\">Ka\u0137\u0113niem<\/a> l\u012bdz 4 ned\u0113\u013cu vecumam.<\/li>\n<li>Royal Canin Babycat Milk satur r\u016bp\u012bgi atlas\u012btas, labi sagremojamas olbaltumvielas un laktozi, kas gandr\u012bz neat\u0161\u0137iras no m\u0101tes piena. Tas ir \u012bpa\u0161i piem\u0113rots ka\u0137\u0113nu gremo\u0161anas sist\u0113mai, jo nesatur cieti (ka\u0137\u0113ni neizdala pietiekami daudz amil\u0101zes, lai sagremotu cieti). Turkl\u0101t fruktooligosahar\u012bdi (FOS) pal\u012bdz uztur\u0113t vesel\u012bgu un l\u012bdzsvarotu ka\u0137\u0113na zarnu floru.<\/li>\n<li>Viegli pagatavojams. Ekskluz\u012bv\u0101 formula \u013coti \u0101tri iz\u0161\u0137\u012bdina pienu un nodro\u0161ina pilnv\u0113rt\u012bgu, viendab\u012bgu mais\u012bjumu bez nogulsn\u0113m.<\/li>\n<li>P\u0113c dzim\u0161anas ka\u0137\u0113nu nervu sist\u0113ma turpina att\u012bst\u012bties. M\u0101tes pien\u0101 eso\u0161\u0101s dokozaheksa\u0113nsk\u0101bes (DHA) pal\u012bdz att\u012bst\u012bties ka\u0137\u0113na kognit\u012bvaj\u0101m funkcij\u0101m, un tas ir tas pats iemesls, k\u0101d\u0113\u013c tas ir... <a href=\"https:\/\/www.royalcanin.com\/lt\/about-us\/quality-and-food-safety\" target=\"_blank\" rel=\"noopener noreferrer\">bag\u0101tin\u0101ts ar (DHA) sk\u0101bi.<\/a><\/li>\n<li><a href=\"https:\/\/www.youtube.com\/watch?reload=9&amp;reload=9&amp;v=FYwO1fiYoa8\" target=\"_blank\" rel=\"noopener noreferrer\">Ar ekskluz\u012bv\u0101m augu un miner\u0101lu izcelsmes sast\u0101vda\u013c\u0101m<\/a>lai nodro\u0161in\u0101tu j\u016bsu m\u0101jdz\u012bvniekam labu gremo\u0161anu.<\/li>\n<li>Iepakojum\u0101 ir piena pudel\u012bte, 3 z\u012bdai\u0146i un karot\u012bte prec\u012bzai doz\u0113\u0161anai.<\/li>\n<\/ul>\n<p><img loading=\"lazy\" decoding=\"async\" class=\"\" src=\"https:\/\/cdn.royalcanin-weshare-online.io\/UvrCK2oBIYfdNSoCExcd\/v10\/sacred-birman-mother-kitten-birth-growth-brand-emblematic?w=1440&amp;auto=compress&amp;fm=jpg\" width=\"350\" height=\"273\" \/><\/p>","protected":false},"excerpt":{"rendered":"<p>Royal Canin Babycat Milk &#8211;\u00a0specialiai subalansuotas pienas ka\u010diukams, kuris skirtas stabiliam ir harmoningam ma\u017eyli\u0173 augimui. Pieno sud\u0117tyje daug energijos ir baltym\u0173 kurie beveik nesiskiria nuo maitinan\u010dios kat\u0117s pieno. Skirta ka\u010diuk\u0173\u00a0maitinimui nuo gimimo iki nujunkymo. Skirta\u00a0ka\u010diukams iki 4 savai\u010di\u0173 am\u017eiaus. Royal Canin Babycat Milk pieno sud\u0117t\u012f sudaro kruop\u0161\u010diai atrinkti labai lengvai vir\u0161kinami baltymai ir laktoz\u0117, kuri&#8230;<\/p>","protected":false},"featured_media":17840,"comment_status":"closed","ping_status":"closed","template":"","meta":{"_acf_changed":false,"slim_seo":{"title":"Royal Canin Babycat Milk pieno pakaitalas ka\u010diukams 300 g - Zooprekes24","description":"Royal Canin Babycat Milk ir \u012bpa\u0161i sabalans\u0113ts piens ka\u0137\u0113niem, kas paredz\u0113ts stabilai un harmoniskai aug\u0161anai. Piens ir bag\u0101ts ar ener\u0123iju un"},"iawp_total_views":387},"product_brand":[],"product_cat":[72,83,25,9019,9020],"product_tag":[1671,1675,1682,2185,1696],"class_list":{"0":"post-21814","1":"product","2":"type-product","3":"status-publish","4":"has-post-thumbnail","6":"product_cat-kaciu-maistas","7":"product_cat-kaciu-prekiu-gamintojai","8":"product_cat-katems","9":"product_cat-royal-canin-kaciu-prekiu-gamintojai","10":"product_cat-slapias-maistas-kaciu-maistas","11":"product_tag-begrudis-kaciu-maistas","12":"product_tag-kaciu-edalas","13":"product_tag-kaciu-maistas-super-premium-klases","14":"product_tag-nujunkomiems-kaciukams","15":"product_tag-super-premium-maistas-katems","16":"pa_prekiu-zenklai-royal-canin","18":"first","19":"instock","20":"featured","21":"taxable","22":"shipping-taxable","23":"purchasable","24":"product-type-simple"},"acf":[],"_links":{"self":[{"href":"https:\/\/zooprekes24.lt\/lv\/wp-json\/wp\/v2\/product\/21814","targetHints":{"allow":["GET"]}}],"collection":[{"href":"https:\/\/zooprekes24.lt\/lv\/wp-json\/wp\/v2\/product"}],"about":[{"href":"https:\/\/zooprekes24.lt\/lv\/wp-json\/wp\/v2\/types\/product"}],"replies":[{"embeddable":true,"href":"https:\/\/zooprekes24.lt\/lv\/wp-json\/wp\/v2\/comments?post=21814"}],"wp:featuredmedia":[{"embeddable":true,"href":"https:\/\/zooprekes24.lt\/lv\/wp-json\/wp\/v2\/media\/17840"}],"wp:attachment":[{"href":"https:\/\/zooprekes24.lt\/lv\/wp-json\/wp\/v2\/media?parent=21814"}],"wp:term":[{"taxonomy":"product_brand","embeddable":true,"href":"https:\/\/zooprekes24.lt\/lv\/wp-json\/wp\/v2\/product_brand?post=21814"},{"taxonomy":"product_cat","embeddable":true,"href":"https:\/\/zooprekes24.lt\/lv\/wp-json\/wp\/v2\/product_cat?post=21814"},{"taxonomy":"product_tag","embeddable":true,"href":"https:\/\/zooprekes24.lt\/lv\/wp-json\/wp\/v2\/product_tag?post=21814"}],"curies":[{"name":"wp","href":"https:\/\/api.w.org\/{rel}","templated":true}]}}