{"id":21811,"date":"2024-04-18T21:17:12","date_gmt":"2024-04-18T18:17:12","guid":{"rendered":"https:\/\/zooprekes24.lt\/produktas\/sanal-salmon-bites\/"},"modified":"2024-09-09T12:59:55","modified_gmt":"2024-09-09T09:59:55","slug":"lasa-kumosini","status":"publish","type":"product","link":"https:\/\/zooprekes24.lt\/lv\/produktas\/sanal-salmon-bites\/","title":{"rendered":"Sanal Salmon Bites Cup ka\u0137u bar\u012bbas piedeva 75 g"},"content":{"rendered":"<h3>Palutiniet savu m\u012bluli ar \u0161iem gardajiem Sanal la\u0161a kodumu kausa spilventi\u0146iem. Krauk\u0161\u0137\u012bgi no \u0101rpuses un pild\u012bti ar gardu la\u0161a pild\u012bjumu iek\u0161pus\u0113, tie ir \u012bsts k\u0101rums pat <a href=\"https:\/\/zooprekes24.lt\/lv\/kategorija\/prekes-katems\/ciema-partika\/skanestai-katems\/\" target=\"_blank\" rel=\"noopener noreferrer\">visizv\u0113l\u012bg\u0101kajam ka\u0137im.<\/a><\/h3>\n<ul>\n<li>Ar A, D vitam\u012bniem<span style=\"font-size: xx-small;\">3<\/span>, E un sirdi stiprino\u0161s taur\u012bns.<\/li>\n<li>Granulas ir krauk\u0161\u0137\u012bgas, viegli ko\u0161\u013c\u0101jamas un lieliski gar\u0161o.<\/li>\n<li>Papildin\u0101jums pal\u012bdz barot j\u016bsu m\u012blu\u013ca ka\u017eoku, saglab\u0101jot to vesel\u012bgu un sp\u012bd\u012bgu.<\/li>\n<li>Ar Omega-3 tauksk\u0101b\u0113m sirds un asinsvadu sist\u0113mas stiprin\u0101\u0161anai.<\/li>\n<li><a href=\"https:\/\/www.youtube.com\/watch?v=jqPw_qlY_Kg\" target=\"_blank\" rel=\"noopener noreferrer\">Iepakots \u0113rt\u0101 plastmasas kast\u012bt\u0113 ar v\u0101ci\u0146u, lai produkts ilg\u0101k saglab\u0101tos svaigs.<\/a><\/li>\n<\/ul>","protected":false},"excerpt":{"rendered":"<p>Palepinkite savo augintin\u012f \u0161iomis gard\u017eiomis Sanal Salmon Bites Cup pagalv\u0117l\u0117mis. Tra\u0161kios i\u0161or\u0117je, o viduje u\u017epildytos gard\u017eiu la\u0161i\u0161os \u012fdaru \u2013 tikras skanumynas net ir i\u0161rankiausiai katei. Su vitaminais A, D3, E ir \u0161ird\u012f stiprinan\u010diu taurinu. Granul\u0117s tra\u0161kios, lengvai sukramtomos ir puikaus skonio. Papildas padeda puosel\u0117ti gyv\u016bno kail\u012f, palaikyti j\u012f sveik\u0105 ir \u017evilgant\u012f. Su Omega-3 riebal\u0173 r\u016bg\u0161timis&#8230;<\/p>","protected":false},"featured_media":17805,"comment_status":"closed","ping_status":"closed","template":"","meta":{"_acf_changed":false,"slim_seo":{"title":"Sanal Salmon Bites Cup pa\u0161aro papildas kat\u0117ms 75 g - Zooprekes24","description":"Palutiniet savu m\u012bluli ar \u0161iem gardajiem Sanal la\u0161a kodumu kausa spilventi\u0146iem. Krauk\u0161\u0137\u012bgi no \u0101rpuses un pild\u012bti ar gardu la\u0161a pild\u012bjumu iek\u0161pus\u0113 - \u012bsts gardums."},"iawp_total_views":112},"product_brand":[],"product_cat":[72,25,104,9018,9017],"product_tag":[1675],"class_list":{"0":"post-21811","1":"product","2":"type-product","3":"status-publish","4":"has-post-thumbnail","6":"product_cat-kaciu-maistas","7":"product_cat-katems","8":"product_cat-kitos-kaciu-prekes","9":"product_cat-skanestai","10":"product_cat-vitaminai-ir-papildai-katems","11":"product_tag-kaciu-edalas","12":"pa_pasaro-sudetis-lasisa","13":"pa_prekiu-zenklai-sanal","15":"first","16":"instock","17":"featured","18":"taxable","19":"shipping-taxable","20":"purchasable","21":"product-type-simple"},"acf":[],"_links":{"self":[{"href":"https:\/\/zooprekes24.lt\/lv\/wp-json\/wp\/v2\/product\/21811","targetHints":{"allow":["GET"]}}],"collection":[{"href":"https:\/\/zooprekes24.lt\/lv\/wp-json\/wp\/v2\/product"}],"about":[{"href":"https:\/\/zooprekes24.lt\/lv\/wp-json\/wp\/v2\/types\/product"}],"replies":[{"embeddable":true,"href":"https:\/\/zooprekes24.lt\/lv\/wp-json\/wp\/v2\/comments?post=21811"}],"wp:featuredmedia":[{"embeddable":true,"href":"https:\/\/zooprekes24.lt\/lv\/wp-json\/wp\/v2\/media\/17805"}],"wp:attachment":[{"href":"https:\/\/zooprekes24.lt\/lv\/wp-json\/wp\/v2\/media?parent=21811"}],"wp:term":[{"taxonomy":"product_brand","embeddable":true,"href":"https:\/\/zooprekes24.lt\/lv\/wp-json\/wp\/v2\/product_brand?post=21811"},{"taxonomy":"product_cat","embeddable":true,"href":"https:\/\/zooprekes24.lt\/lv\/wp-json\/wp\/v2\/product_cat?post=21811"},{"taxonomy":"product_tag","embeddable":true,"href":"https:\/\/zooprekes24.lt\/lv\/wp-json\/wp\/v2\/product_tag?post=21811"}],"curies":[{"name":"wp","href":"https:\/\/api.w.org\/{rel}","templated":true}]}}