{"id":21809,"date":"2024-04-18T21:17:01","date_gmt":"2024-04-18T18:17:01","guid":{"rendered":"https:\/\/zooprekes24.lt\/produktas\/sanal-anti-hairball\/"},"modified":"2024-09-26T12:51:41","modified_gmt":"2024-09-26T09:51:41","slug":"sanal-anti-hairball","status":"publish","type":"product","link":"https:\/\/zooprekes24.lt\/lv\/produktas\/sanal-anti-hairball\/","title":{"rendered":"Sanal Anti-Hairball Cup bar\u012bbas piedeva ka\u0137iem pret ka\u0137u izkri\u0161anu 75 g"},"content":{"rendered":"<h3>Palutiniet savu m\u012bluli ar \u0161iem gardajiem Sanal Anti-Hairball Cup spilventi\u0146iem. Krauk\u0161\u0137\u012bgi no \u0101rpuses un pild\u012bti ar gardu iesala pastas pild\u012bjumu iek\u0161pus\u0113, tie ir \u012bsts gardums pat tiem, kuri <a href=\"https:\/\/zooprekes24.lt\/lv\/kategorija\/prekes-katems\/ciema-partika\/skanestai-katems\/\" target=\"_blank\" rel=\"noopener noreferrer\">visizv\u0113l\u012bg\u0101kajam ka\u0137im.<\/a><\/h3>\n<ul>\n<li>Ar A, D vitam\u012bniem<span style=\"font-size: xx-small;\">3<\/span>, E un sirdi stiprino\u0161s taur\u012bns.<\/li>\n<li>Pal\u012bdz nov\u0113rst saaugumu veido\u0161anos ka\u0137a zarn\u0101s.<\/li>\n<li>Granulas ir krauk\u0161\u0137\u012bgas, viegli ko\u0161\u013c\u0101jamas un lieliski gar\u0161o.<\/li>\n<li>Uztura gabali\u0146i ir pild\u012bti ar iesala pastu, kas uzlabo gremo\u0161anu un regul\u0113 vielmai\u0146u.<\/li>\n<li><a href=\"https:\/\/www.youtube.com\/watch?v=jqPw_qlY_Kg\" target=\"_blank\" rel=\"noopener noreferrer\">Iepakots \u0113rt\u0101 plastmasas kast\u012bt\u0113 ar v\u0101ci\u0146u, lai produkts ilg\u0101k saglab\u0101tos svaigs.<\/a><\/li>\n<\/ul>","protected":false},"excerpt":{"rendered":"<p>Palepinkite savo augintin\u012f \u0161iomis gard\u017eiomis Sanal Anti-Hairball Cup pagalv\u0117l\u0117mis. Tra\u0161kios i\u0161or\u0117je, o viduje u\u017epildytos gard\u017eiu salyklo pastos \u012fdaru \u2013 tikras skanumynas net ir i\u0161rankiausiai katei. Su vitaminais A, D3, E ir \u0161ird\u012f stiprinan\u010diu taurinu. Padeda u\u017ekirsti keli\u0105 s\u0105v\u0117l\u0173 formavimuisi kat\u0117s \u017earnyne. Granul\u0117s tra\u0161kios, lengvai sukramtomos ir puikaus skonio. Papildo gabal\u0117liai u\u017epildyti salyklo pasta, kuri gerina&#8230;<\/p>","protected":false},"featured_media":17803,"comment_status":"closed","ping_status":"closed","template":"","meta":{"_acf_changed":false,"slim_seo":{"title":"Sanal Anti-Hairball Cup pa\u0161aro papildas nuo s\u0105v\u0117l\u0173 kat\u0117ms 75 g - Zooprekes24","description":"Palutiniet savu m\u012bluli ar \u0161iem gardajiem Sanal Anti-Hairball Cup spilventi\u0146iem. Krauk\u0161\u0137\u012bgi no \u0101rpuses un pild\u012bti ar gardu iesala pastas pild\u012bjumu iek\u0161pus\u0113 - \u012bsts gardums."},"iawp_total_views":775},"product_brand":[],"product_cat":[72,25,104,9018,9017],"product_tag":[1675],"class_list":{"0":"post-21809","1":"product","2":"type-product","3":"status-publish","4":"has-post-thumbnail","6":"product_cat-kaciu-maistas","7":"product_cat-katems","8":"product_cat-kitos-kaciu-prekes","9":"product_cat-skanestai","10":"product_cat-vitaminai-ir-papildai-katems","11":"product_tag-kaciu-edalas","12":"pa_pasaro-sudetis-jautiena","13":"pa_pasaro-sudetis-kiauliena","14":"pa_prekiu-zenklai-sanal","16":"first","17":"instock","18":"featured","19":"taxable","20":"shipping-taxable","21":"purchasable","22":"product-type-simple"},"acf":[],"_links":{"self":[{"href":"https:\/\/zooprekes24.lt\/lv\/wp-json\/wp\/v2\/product\/21809","targetHints":{"allow":["GET"]}}],"collection":[{"href":"https:\/\/zooprekes24.lt\/lv\/wp-json\/wp\/v2\/product"}],"about":[{"href":"https:\/\/zooprekes24.lt\/lv\/wp-json\/wp\/v2\/types\/product"}],"replies":[{"embeddable":true,"href":"https:\/\/zooprekes24.lt\/lv\/wp-json\/wp\/v2\/comments?post=21809"}],"wp:featuredmedia":[{"embeddable":true,"href":"https:\/\/zooprekes24.lt\/lv\/wp-json\/wp\/v2\/media\/17803"}],"wp:attachment":[{"href":"https:\/\/zooprekes24.lt\/lv\/wp-json\/wp\/v2\/media?parent=21809"}],"wp:term":[{"taxonomy":"product_brand","embeddable":true,"href":"https:\/\/zooprekes24.lt\/lv\/wp-json\/wp\/v2\/product_brand?post=21809"},{"taxonomy":"product_cat","embeddable":true,"href":"https:\/\/zooprekes24.lt\/lv\/wp-json\/wp\/v2\/product_cat?post=21809"},{"taxonomy":"product_tag","embeddable":true,"href":"https:\/\/zooprekes24.lt\/lv\/wp-json\/wp\/v2\/product_tag?post=21809"}],"curies":[{"name":"wp","href":"https:\/\/api.w.org\/{rel}","templated":true}]}}