{"id":21805,"date":"2024-04-18T21:17:01","date_gmt":"2024-04-18T18:17:01","guid":{"rendered":"https:\/\/zooprekes24.lt\/produktas\/acana-free-run-duck\/"},"modified":"2025-02-20T14:10:59","modified_gmt":"2025-02-20T12:10:59","slug":"acana-free-run-pile","status":"publish","type":"product","link":"https:\/\/zooprekes24.lt\/lv\/produktas\/acana-free-run-duck\/","title":{"rendered":"Acana Free-Run Duck saus\u0101 bar\u012bba su\u0146iem 11,4 kg"},"content":{"rendered":"<h3>Acana Free-Run Duck bar\u012bb\u0101 ir daudz br\u012bv\u0101s tur\u0113\u0161anas apst\u0101k\u013cos audz\u0113tu p\u012b\u013cu ga\u013cas. Liofiliz\u0113tas p\u012b\u013cu aknas k\u0101rdin\u0101s pat visizv\u0113l\u012bg\u0101kos \u0113d\u0101jus. Svaigi bumbieri, \u0137irbji un sviesta \u0137irbji nodro\u0161ina \u0161\u0137\u012bsto\u0161as \u0161\u0137iedrvielas, kas nomierina jut\u012bgu ku\u0146\u0123i. Viss tiek pieg\u0101d\u0101ts svaigs <a href=\"https:\/\/www.acanapetfoods.co.uk\/about-acana\/biologically-appropriate\/wholeprey-meat-ratios\/\" target=\"_blank\" rel=\"noopener noreferrer\">WholePrey\u2122<\/a> j\u0113dziens (kop\u0113j\u0101 laup\u012bjuma).<\/h3>\n<p>Katrs bar\u012bbas gabali\u0146\u0161 ir bag\u0101ts\u00a0<a href=\"https:\/\/zooprekes24.lt\/lv\/?s=omega+3+sunims&amp;post_type=product&amp;product_cat=0\" target=\"_blank\" rel=\"noopener noreferrer\">Omega 3<\/a> (DHA, EPA), kas ieg\u016bti no savva\u013cas Brunsvikas si\u013c\u0137\u0113m, kas labv\u0113l\u012bgi ietekm\u0113 imunit\u0101ti un uzlabo \u0101das un ka\u017eoka st\u0101vokli. Biolo\u0123iski audz\u0113ti j\u016bras d\u0101rze\u0146i un augu ekstrakti, tostarp kadi\u0137u ogas, lavandas ziedi, saul\u0113 kalt\u0113tas lucernas un piparm\u0113tras lapas uzlabo su\u0146a vielmai\u0146u un toniz\u0113 gremo\u0161anas traktu. Izgatavots godalgot\u0101s virtuv\u0113s no lab\u0101kaj\u0101m un svaig\u0101kaj\u0101m sast\u0101vda\u013c\u0101m, <a href=\"https:\/\/www.acanapetfoods.co.uk\/about-acana\/biologically-appropriate\/\" target=\"_blank\" rel=\"noopener noreferrer\">Biolo\u0123iski piem\u0113rots\u2122<\/a> (Biolo\u0123iski atbilsto\u0161a) formula garant\u0113, ka j\u016bsu suns b\u016bs vesels, laim\u012bgs un sp\u0113c\u012bgs.<\/p>","protected":false},"excerpt":{"rendered":"<p>Acana Free-Run Duck sud\u0117tyje gausu laisvai laikom\u0173 an\u010di\u0173 m\u0117sos. \u0160altyje i\u0161d\u017eiovintos an\u010di\u0173 kepen\u0117l\u0117s suvilios net i\u0161rankiausius valgytojus. \u0160vie\u017eios kriau\u0161\u0117s, moli\u016bgas ir kvapnusis moli\u016bgas apr\u016bpina tirpiomis skaidulomis, kurios ramina jautr\u0173 skrand\u012f. Viskas pristatoma \u0161vie\u017eia laikantis WholePrey\u2122 (viso grobio) koncepcijos. Kiekviename pa\u0161aro k\u0105snelyje gausu\u00a0Omega 3 (DHA, EPA)\u00a0i\u0161gaunamo i\u0161 laukini\u0173 Brunswick silki\u0173, kuris naudingas\u00a0imuniteto stiprinimui ir puikiam odos&#8230;<\/p>","protected":false},"featured_media":34949,"comment_status":"closed","ping_status":"closed","template":"","meta":{"_acf_changed":false,"slim_seo":{"title":"Acana Free-Run Duck sausas maistas \u0161unims 11.4 kg - Zooprekes24","description":"Acana Free-Run Duck sud\u0117tyje gausu laisvai laikom\u0173 an\u010di\u0173 m\u0117sos. \u0160altyje i\u0161d\u017eiovintos an\u010di\u0173 kepen\u0117l\u0117s suvilios net i\u0161rankiausius valgytojus. \u0160vie\u017eios kriau\u0161\u0117s, m"},"iawp_total_views":120},"product_brand":[],"product_cat":[9000,9001,9002,8999,29,31],"product_tag":[176,177,200],"class_list":{"0":"post-21805","1":"product","2":"type-product","3":"status-publish","4":"has-post-thumbnail","6":"product_cat-acana","7":"product_cat-begrudis-maistas","8":"product_cat-sausas-maistas","9":"product_cat-sunims","10":"product_cat-sunu-maistas","11":"product_cat-sunu-prekiu-gamintojai","12":"product_tag-begrudis-sunu-maistas","13":"product_tag-edalas-sunims","14":"product_tag-super-premium-maistas-sunims","15":"pa_pasaro-sudetis-antiena","16":"pa_pasaro-sudetis-darzoves","17":"pa_pasaro-sudetis-sirdys","18":"pa_pasaro-sudetis-uogos","19":"pa_pasaro-sudetis-vaisiai","20":"pa_prekiu-zenklai-acana","21":"pa_suns-amzius-jauniems","22":"pa_suns-amzius-senjorams","23":"pa_suns-amzius-suaugusiems","24":"pa_suns-amzius-visiems-amziams","25":"pa_veisles-dydis-didelems-veislems","26":"pa_veisles-dydis-mazoms-veislems","27":"pa_veisles-dydis-vidutinems-veislems","28":"pa_veisles-dydis-visu-dydziu-veislems","30":"first","31":"instock","32":"featured","33":"taxable","34":"shipping-taxable","35":"purchasable","36":"product-type-simple"},"acf":[],"_links":{"self":[{"href":"https:\/\/zooprekes24.lt\/lv\/wp-json\/wp\/v2\/product\/21805","targetHints":{"allow":["GET"]}}],"collection":[{"href":"https:\/\/zooprekes24.lt\/lv\/wp-json\/wp\/v2\/product"}],"about":[{"href":"https:\/\/zooprekes24.lt\/lv\/wp-json\/wp\/v2\/types\/product"}],"replies":[{"embeddable":true,"href":"https:\/\/zooprekes24.lt\/lv\/wp-json\/wp\/v2\/comments?post=21805"}],"wp:featuredmedia":[{"embeddable":true,"href":"https:\/\/zooprekes24.lt\/lv\/wp-json\/wp\/v2\/media\/34949"}],"wp:attachment":[{"href":"https:\/\/zooprekes24.lt\/lv\/wp-json\/wp\/v2\/media?parent=21805"}],"wp:term":[{"taxonomy":"product_brand","embeddable":true,"href":"https:\/\/zooprekes24.lt\/lv\/wp-json\/wp\/v2\/product_brand?post=21805"},{"taxonomy":"product_cat","embeddable":true,"href":"https:\/\/zooprekes24.lt\/lv\/wp-json\/wp\/v2\/product_cat?post=21805"},{"taxonomy":"product_tag","embeddable":true,"href":"https:\/\/zooprekes24.lt\/lv\/wp-json\/wp\/v2\/product_tag?post=21805"}],"curies":[{"name":"wp","href":"https:\/\/api.w.org\/{rel}","templated":true}]}}