{"id":21799,"date":"2024-04-18T21:17:01","date_gmt":"2024-04-18T18:17:01","guid":{"rendered":"https:\/\/zooprekes24.lt\/produktas\/profine-senior-turkey-potatoes-15kg\/"},"modified":"2024-09-25T15:29:04","modified_gmt":"2024-09-25T12:29:04","slug":"profine-senior-titars-12kg","status":"publish","type":"product","link":"https:\/\/zooprekes24.lt\/lv\/produktas\/profine-senior-turkey-12kg\/","title":{"rendered":"Profine Senior Turkey saus\u0101 bar\u012bba vec\u0101kiem su\u0146iem 12 kg"},"content":{"rendered":"<h3>Profine Senior Turkey - Super Premium bar\u012bba j\u016bsu su\u0146a dz\u012bves kvalit\u0101tei! M\u0101jas lapa <a href=\"https:\/\/www.profinepet.com\/\" target=\"_blank\" rel=\"noopener noreferrer\">Profine<\/a> M\u0113r\u0137is ir nodro\u0161in\u0101t dabisku un nekait\u012bgu uzturu visos su\u0146a dz\u012bves posmos.<\/h3>\n<p><a href=\"https:\/\/www.youtube.com\/watch?v=fqP7naPWjLY\" target=\"_blank\" rel=\"noopener noreferrer\">Profine s\u0113rija recept\u0113m<\/a> tiek izmantotas nekait\u012bgas dab\u012bgas sast\u0101vda\u013cas, lai nodro\u0161in\u0101tu j\u016bsu draugam sabalans\u0113tu uzturu. Unik\u0101la vista, <a href=\"https:\/\/zooprekes24.lt\/lv\/?s=turkey&amp;post_type=product&amp;product_cat=0\" target=\"_blank\" rel=\"noopener noreferrer\">Turcija<\/a>J\u0113ra ga\u013cas, la\u0161a un d\u0101rze\u0146u kombin\u0101cija nodro\u0161ina vesel\u012bgu gremo\u0161anu, daudz ener\u0123ijas un lielisku kond\u012bciju, savuk\u0101rt j\u016bras produktu komplekss (garne\u013cu un la\u0161a e\u013c\u013ca) nodro\u0161ina sabalans\u0113tu omega-3 un omega-6 tauksk\u0101bju attiec\u012bbu vesel\u012bgai \u0101dai un skaistam ka\u017eokam. Profine Senior Turkey sast\u0101v\u0101 eso\u0161ie fenhe\u013ca, bazilika un salvijas ekstrakti kop\u0101 ar j\u016bras a\u013c\u0123\u0113m un prebiotik\u0101m stimul\u0113 gremo\u0161anu un uztur vesel\u012bgu zarnu mikrofloru, t\u0101d\u0113j\u0101di stiprinot j\u016bsu m\u012blu\u013ca imunit\u0101ti.<\/p>","protected":false},"excerpt":{"rendered":"<p>Profine Senior Turkey &#8211; Super Premium klas\u0117s maistas geresnei J\u016bs\u0173 \u0161uns gyvenimo kokybei! Pagrindinis Profine tikslas &#8211; teikti nat\u016brali\u0105 ir organizmo ne\u017ealojan\u010di\u0105 mityb\u0105 visais \u0161uns gyvenimo laikotarpiais. Profine serijos receptams yra naudojami nekenksmingi nat\u016bral\u016bs ingredientai, kurie garantuoja subalansuot\u0105 J\u016bs\u0173 bi\u010diulio mityb\u0105. Unikal\u016bs vi\u0161tienos, kalakutienos, \u0117rienos, la\u0161i\u0161os ir dar\u017eovi\u0173 deriniai u\u017etikrins sveik\u0105 vir\u0161kinim\u0105, daug energijos ir&#8230;<\/p>","protected":false},"featured_media":30583,"comment_status":"closed","ping_status":"closed","template":"","meta":{"_acf_changed":false,"slim_seo":{"title":"Profine Senior Turkey sausas maistas vyresnio am\u017eiaus \u0161unims 12 kg - Zooprekes24","description":"Profine Senior Turkey - Super Premium bar\u012bba j\u016bsu su\u0146a dz\u012bves kvalit\u0101tei! Profine galvenais m\u0113r\u0137is ir nodro\u0161in\u0101t dab\u012bgu un nekait\u012bgu"},"iawp_total_views":95},"product_brand":[],"product_cat":[9014,9002,8999,29,31],"product_tag":[177,200],"class_list":{"0":"post-21799","1":"product","2":"type-product","3":"status-publish","4":"has-post-thumbnail","6":"product_cat-profine-sunims","7":"product_cat-sausas-maistas","8":"product_cat-sunims","9":"product_cat-sunu-maistas","10":"product_cat-sunu-prekiu-gamintojai","11":"product_tag-edalas-sunims","12":"product_tag-super-premium-maistas-sunims","13":"pa_pasaro-sudetis-bulves","14":"pa_pasaro-sudetis-darzoves","15":"pa_pasaro-sudetis-kalakutiena","16":"pa_pasaro-sudetis-vaisiai","17":"pa_prekiu-zenklai-profine","18":"pa_suns-amzius-senjorams","19":"pa_veisles-dydis-didelems-veislems","20":"pa_veisles-dydis-mazoms-veislems","21":"pa_veisles-dydis-vidutinems-veislems","22":"pa_veisles-dydis-visu-dydziu-veislems","24":"first","25":"instock","26":"featured","27":"taxable","28":"shipping-taxable","29":"purchasable","30":"product-type-simple"},"acf":[],"_links":{"self":[{"href":"https:\/\/zooprekes24.lt\/lv\/wp-json\/wp\/v2\/product\/21799","targetHints":{"allow":["GET"]}}],"collection":[{"href":"https:\/\/zooprekes24.lt\/lv\/wp-json\/wp\/v2\/product"}],"about":[{"href":"https:\/\/zooprekes24.lt\/lv\/wp-json\/wp\/v2\/types\/product"}],"replies":[{"embeddable":true,"href":"https:\/\/zooprekes24.lt\/lv\/wp-json\/wp\/v2\/comments?post=21799"}],"wp:featuredmedia":[{"embeddable":true,"href":"https:\/\/zooprekes24.lt\/lv\/wp-json\/wp\/v2\/media\/30583"}],"wp:attachment":[{"href":"https:\/\/zooprekes24.lt\/lv\/wp-json\/wp\/v2\/media?parent=21799"}],"wp:term":[{"taxonomy":"product_brand","embeddable":true,"href":"https:\/\/zooprekes24.lt\/lv\/wp-json\/wp\/v2\/product_brand?post=21799"},{"taxonomy":"product_cat","embeddable":true,"href":"https:\/\/zooprekes24.lt\/lv\/wp-json\/wp\/v2\/product_cat?post=21799"},{"taxonomy":"product_tag","embeddable":true,"href":"https:\/\/zooprekes24.lt\/lv\/wp-json\/wp\/v2\/product_tag?post=21799"}],"curies":[{"name":"wp","href":"https:\/\/api.w.org\/{rel}","templated":true}]}}