{"id":21792,"date":"2024-04-18T21:17:01","date_gmt":"2024-04-18T18:17:01","guid":{"rendered":"https:\/\/zooprekes24.lt\/produktas\/orijen-puppy-large-suniukams\/"},"modified":"2026-03-31T15:56:53","modified_gmt":"2026-03-31T13:56:53","slug":"orijen-kucens-liels-suniem","status":"publish","type":"product","link":"https:\/\/zooprekes24.lt\/lv\/produktas\/orijen-puppy-large-suniukams\/","title":{"rendered":"Orijen Puppy Large saus\u0101 bar\u012bba kuc\u0113niem 11,4 kg"},"content":{"rendered":"<h3>Orijen Puppy Large satur svaigu, sprostos neaudz\u0113tu vistas un t\u012btara ga\u013cu, olas un savva\u013cas zivis. Viss tiek pieg\u0101d\u0101ts svaigs <a href=\"https:\/\/www.acanapetfoods.co.uk\/about-acana\/biologically-appropriate\/wholeprey-meat-ratios\/\" target=\"_blank\" rel=\"noopener noreferrer\">WholePrey\u2122<\/a> j\u0113dziens (kop\u0113j\u0101 laup\u012bjuma).<\/h3>\n<div class=\"food-feature\">\n<div class=\"food-feature\">\n<ul>\n<li>Satur 38% uzturviel\u0101m bag\u0101tu olbaltumvielu un ierobe\u017eotu daudzumu 20% og\u013chidr\u0101tu ar zemu glik\u0113misko indeksu.<\/li>\n<li>At\u0161\u0137ir\u012bb\u0101 no parast\u0101s kuc\u0113nu bar\u012bbas 2\/3 Orijen Puppy Large ga\u013cas ir svaiga (<a href=\"https:\/\/www.youtube.com\/watch?v=9amHn9cr9zo&amp;t=58s\" target=\"_blank\" rel=\"noopener noreferrer\">atdzes\u0113ts, bez konservantiem<\/a>) vai neapstr\u0101d\u0101ti (\u0101tri sasald\u0113ti, bez konservantiem), ieskaitot pirm\u0101s 10 bar\u012bbas sast\u0101vda\u013cas.<\/li>\n<li>1\/3 ga\u013cas tiek \u017e\u0101v\u0113ta 90\u00b0C temperat\u016br\u0101 no svaigas vistas, t\u012btara un zivs ga\u013cas, lai ieg\u016btu koncentr\u0113tu uzturv\u0113rt\u012bgu olbaltumvielu avotu, kas neb\u016btu iesp\u0113jams, izmantojot tikai svaigu ga\u013cu. <a href=\"https:\/\/zooprekes24.lt\/lv\/?s=puppy&amp;post_type=product&amp;product_cat=0\" target=\"_blank\" rel=\"noopener noreferrer\">J\u016bsu augo\u0161ajam kuc\u0113nam<\/a>.<\/li>\n<li><a href=\"https:\/\/intl.orijen.ca\/lt\/orijen\/never-outsourced\/\" target=\"_blank\" rel=\"noopener noreferrer\">Pagatavots no svaigas ga\u013cas,<\/a> org\u0101nus un skrim\u0161\u013cus ar svaig\u0101m ziv\u012bm un ol\u0101m, nodro\u0161inot dabiskas bar\u012bbas vielas, kas ir praktiski nepiecie\u0161amas j\u016bsu kuc\u0113nam.<\/li>\n<li>Arom\u0101tu uzlabo liofiliz\u0113tas vistas un t\u012btara aknas. Tas padara bar\u012bbu \u012bpa\u0161i gar\u0161\u012bgu pat vispras\u012bg\u0101kajiem kuc\u0113niem.<\/li>\n<li>Izgatavots godalgot\u0101s virtuv\u0113s no lab\u0101kaj\u0101m un svaig\u0101kaj\u0101m sast\u0101vda\u013c\u0101m, <a href=\"https:\/\/www.acanapetfoods.co.uk\/about-acana\/biologically-appropriate\/\" target=\"_blank\" rel=\"noopener noreferrer\">Biolo\u0123iski piem\u0113rots\u2122<\/a> (Biolo\u0123iski atbilsto\u0161a) formula garant\u0113, ka j\u016bsu kuc\u0113ns b\u016bs vesels un laim\u012bgs.<\/li>\n<\/ul>\n<\/div>\n<\/div>","protected":false},"excerpt":{"rendered":"<p>Orijen Puppy Large maisto sud\u0117tyje &#8211; \u0161vie\u017eia ne narvuose u\u017eauginta vi\u0161tiena ir kalakutiena, lizduose pad\u0117ti kiau\u0161iniai ir laukin\u0117s \u017euvys. Viskas pristatoma \u0161vie\u017eia laikantis WholePrey\u2122 (viso grobio) koncepcijos. Sud\u0117tyje &#8211; 38% maistingi baltymai ir ribotas kiekis 20% &#8211; \u017eemo glikemijos indekso angliavandeni\u0173. Kitaip nei \u012fprastiniuose \u0161uniuk\u0173 pa\u0161aruose, 2\/3 Orijen Puppy Large pa\u0161are esanti m\u0117sa yra \u0161vie\u017eia&#8230;<\/p>","protected":false},"featured_media":17592,"comment_status":"closed","ping_status":"closed","template":"","meta":{"_acf_changed":false,"slim_seo":{"title":"Orijen Puppy Large sausas maistas \u0161uniukams 11.4 kg - Zooprekes24","description":"Orijen Puppy Large satur svaigu, sprostos neaudz\u0113tu vistas un t\u012btara ga\u013cu, olas un savva\u013cas zivis. Viss pieg\u0101d\u0101ts svaigs"},"iawp_total_views":71},"product_brand":[],"product_cat":[9001,9011,9002,8999,29,31],"product_tag":[175,176,177,260,200],"class_list":{"0":"post-21792","1":"product","2":"type-product","3":"status-publish","4":"has-post-thumbnail","6":"product_cat-begrudis-maistas","7":"product_cat-orijen","8":"product_cat-sausas-maistas","9":"product_cat-sunims","10":"product_cat-sunu-maistas","11":"product_cat-sunu-prekiu-gamintojai","12":"product_tag-begrudis-maistas-sunims","13":"product_tag-begrudis-sunu-maistas","14":"product_tag-edalas-sunims","15":"product_tag-maistas-alergiskiems-sunims","16":"product_tag-super-premium-maistas-sunims","17":"pa_pasaro-sudetis-darzoves","18":"pa_pasaro-sudetis-kalakutiena","19":"pa_pasaro-sudetis-kiausiniai","20":"pa_pasaro-sudetis-sirdys","21":"pa_pasaro-sudetis-uogos","22":"pa_pasaro-sudetis-vaisiai","23":"pa_pasaro-sudetis-vistiena","24":"pa_pasaro-sudetis-zuvis","25":"pa_prekiu-zenklai-orijen","26":"pa_suns-amzius-jauniems","27":"pa_veisles-dydis-didelems-veislems","29":"first","30":"instock","31":"featured","32":"taxable","33":"shipping-taxable","34":"purchasable","35":"product-type-simple"},"acf":[],"_links":{"self":[{"href":"https:\/\/zooprekes24.lt\/lv\/wp-json\/wp\/v2\/product\/21792","targetHints":{"allow":["GET"]}}],"collection":[{"href":"https:\/\/zooprekes24.lt\/lv\/wp-json\/wp\/v2\/product"}],"about":[{"href":"https:\/\/zooprekes24.lt\/lv\/wp-json\/wp\/v2\/types\/product"}],"replies":[{"embeddable":true,"href":"https:\/\/zooprekes24.lt\/lv\/wp-json\/wp\/v2\/comments?post=21792"}],"wp:featuredmedia":[{"embeddable":true,"href":"https:\/\/zooprekes24.lt\/lv\/wp-json\/wp\/v2\/media\/17592"}],"wp:attachment":[{"href":"https:\/\/zooprekes24.lt\/lv\/wp-json\/wp\/v2\/media?parent=21792"}],"wp:term":[{"taxonomy":"product_brand","embeddable":true,"href":"https:\/\/zooprekes24.lt\/lv\/wp-json\/wp\/v2\/product_brand?post=21792"},{"taxonomy":"product_cat","embeddable":true,"href":"https:\/\/zooprekes24.lt\/lv\/wp-json\/wp\/v2\/product_cat?post=21792"},{"taxonomy":"product_tag","embeddable":true,"href":"https:\/\/zooprekes24.lt\/lv\/wp-json\/wp\/v2\/product_tag?post=21792"}],"curies":[{"name":"wp","href":"https:\/\/api.w.org\/{rel}","templated":true}]}}