{"id":21791,"date":"2024-04-18T21:17:01","date_gmt":"2024-04-18T18:17:01","guid":{"rendered":"https:\/\/zooprekes24.lt\/produktas\/orijen-senior-sunims\/"},"modified":"2026-03-31T15:55:42","modified_gmt":"2026-03-31T13:55:42","slug":"orijen-senior-sunims","status":"publish","type":"product","link":"https:\/\/zooprekes24.lt\/lv\/produktas\/orijen-senior-sunims\/","title":{"rendered":"Orijen Senior saus\u0101 bar\u012bba su\u0146iem 11,4 kg"},"content":{"rendered":"<h3>Orijen Senior satur svaigu, sprostos neaudz\u0113tu vistas un t\u012btara ga\u013cu, k\u0101 ar\u012b ligzdotas olas. Viss tiek pieg\u0101d\u0101ts svaigs <a href=\"https:\/\/www.orijenpetfoods.co.uk\/why-orijen\/biologically-appropriate\/\" target=\"_blank\" rel=\"noopener noreferrer\">WholePrey\u2122<\/a> j\u0113dziens (kop\u0113j\u0101 laup\u012bjuma).<\/h3>\n<div class=\"food-feature\">\n<ul>\n<li>38% uzturviel\u0101m bag\u0101tas olbaltumvielas un ierobe\u017eots daudzums 19% og\u013chidr\u0101tu ar zemu glik\u0113misko indeksu. Orijen baro vec\u0101kus su\u0146us<a href=\"https:\/\/www.youtube.com\/watch?v=9amHn9cr9zo&amp;t=58s\" target=\"_blank\" rel=\"noopener noreferrer\"> atbilsto\u0161i to evol\u016bcijas un biolo\u0123iskaj\u0101m vajadz\u012bb\u0101m.<\/a><\/li>\n<li>At\u0161\u0137ir\u012bb\u0101 no parast\u0101s su\u0146u bar\u012bbas vec\u0101ka gadag\u0101juma su\u0146iem 2\/3 Orijen Senior ga\u013cas ir svaiga (<a href=\"https:\/\/intl.orijen.ca\/lt\/orijen\/never-outsourced\/\" target=\"_blank\" rel=\"noopener noreferrer\">atdzes\u0113ts, bez konservantiem<\/a>) vai neapstr\u0101d\u0101ti (\u0101tri sasald\u0113ti, bez konservantiem), ieskaitot pirm\u0101s 10 bar\u012bbas sast\u0101vda\u013cas.<\/li>\n<li>1\/3 m\u0101jputnu ga\u013cas un zivju tiek r\u016bp\u012bgi \u017e\u0101v\u0113ta 90 \u00b0C temperat\u016br\u0101 no svaigas vistas, t\u012btara un zivs, lai ieg\u016btu koncentr\u0113tu uzturv\u0113rt\u012bgu olbaltumvielu avotu, kas neb\u016btu iesp\u0113jams, izmantojot tikai svaigu ga\u013cu.<\/li>\n<li>Izgatavots no svaigas ga\u013cas, org\u0101niem un skrim\u0161\u013ciem, k\u0101 ar\u012b svaig\u0101m ziv\u012bm un ol\u0101m, tas sniedz jums dabisku, praktiski visu j\u016bsu... <a href=\"https:\/\/zooprekes24.lt\/lv\/?s=senior&amp;post_type=product&amp;product_cat=0\" target=\"_blank\" rel=\"noopener noreferrer\">vec\u0101kam sunim<\/a> b\u016btisku, uzturviel\u0101m bag\u0101tu p\u0101rtiku.<\/li>\n<li>Liofiliz\u0113tas aknas dabiski uzlabo gar\u0161u un padara bar\u012bbu \u012bpa\u0161i gar\u0161\u012bgu pat vispras\u012bg\u0101kajiem \u0113d\u0101jiem.<\/li>\n<li>Izgatavots godalgot\u0101s virtuv\u0113s no lab\u0101kaj\u0101m un svaig\u0101kaj\u0101m sast\u0101vda\u013c\u0101m, <a href=\"https:\/\/www.orijenpetfoods.co.uk\/why-orijen\/biologically-appropriate\/\" target=\"_blank\" rel=\"noopener noreferrer\">Biolo\u0123iski piem\u0113rots\u2122<\/a> (Biolo\u0123iski atbilsto\u0161a) formula garant\u0113, ka j\u016bsu suns b\u016bs vesels un laim\u012bgs.<\/li>\n<\/ul>\n<\/div>","protected":false},"excerpt":{"rendered":"<p>Orijen Senior maisto sud\u0117tyje &#8211; \u0161vie\u017eia ne narvuose u\u017eauginta vi\u0161tiena ir kalakutiena bei lizduose pad\u0117ti kiau\u0161iniai. Viskas pristatoma \u0161vie\u017eia laikantis WholePrey\u2122 (viso grobio) koncepcijos. 38% maistingi baltymai ir ribotas kiekis 19% \u017eemo glikemijos indekso angliavandeni\u0173. Orijen maitina vyresnio am\u017eiaus \u0161unis pagal j\u0173 evoliucinius ir biologinius poreikius. Kitaip nei \u012fprastiniuose vyresnio am\u017eiaus \u0161un\u0173 pa\u0161aruose, 2\/3 Orijen&#8230;<\/p>","protected":false},"featured_media":17588,"comment_status":"closed","ping_status":"closed","template":"","meta":{"_acf_changed":false,"slim_seo":{"title":"Orijen Senior sausas maistas \u0161unims 11.4 kg - Zooprekes24","description":"Orijen Senior satur svaigu, sprostos neaudz\u0113tu vistas un t\u012btara ga\u013cu, k\u0101 ar\u012b ligzdotas olas. Viss tiek pieg\u0101d\u0101ts svaigs saska\u0146\u0101 ar WholeP"},"iawp_total_views":57},"product_brand":[],"product_cat":[9001,9011,9002,8999,29,31],"product_tag":[175,176,177,260,200],"class_list":{"0":"post-21791","1":"product","2":"type-product","3":"status-publish","4":"has-post-thumbnail","6":"product_cat-begrudis-maistas","7":"product_cat-orijen","8":"product_cat-sausas-maistas","9":"product_cat-sunims","10":"product_cat-sunu-maistas","11":"product_cat-sunu-prekiu-gamintojai","12":"product_tag-begrudis-maistas-sunims","13":"product_tag-begrudis-sunu-maistas","14":"product_tag-edalas-sunims","15":"product_tag-maistas-alergiskiems-sunims","16":"product_tag-super-premium-maistas-sunims","17":"pa_pasaro-sudetis-darzoves","18":"pa_pasaro-sudetis-kalakutiena","19":"pa_pasaro-sudetis-kiausiniai","20":"pa_pasaro-sudetis-sirdys","21":"pa_pasaro-sudetis-uogos","22":"pa_pasaro-sudetis-vaisiai","23":"pa_pasaro-sudetis-vistiena","24":"pa_pasaro-sudetis-zuvis","25":"pa_prekiu-zenklai-orijen","26":"pa_suns-amzius-senjorams","27":"pa_veisles-dydis-didelems-veislems","28":"pa_veisles-dydis-mazoms-veislems","29":"pa_veisles-dydis-vidutinems-veislems","30":"pa_veisles-dydis-visu-dydziu-veislems","32":"first","33":"instock","34":"featured","35":"taxable","36":"shipping-taxable","37":"purchasable","38":"product-type-simple"},"acf":[],"_links":{"self":[{"href":"https:\/\/zooprekes24.lt\/lv\/wp-json\/wp\/v2\/product\/21791","targetHints":{"allow":["GET"]}}],"collection":[{"href":"https:\/\/zooprekes24.lt\/lv\/wp-json\/wp\/v2\/product"}],"about":[{"href":"https:\/\/zooprekes24.lt\/lv\/wp-json\/wp\/v2\/types\/product"}],"replies":[{"embeddable":true,"href":"https:\/\/zooprekes24.lt\/lv\/wp-json\/wp\/v2\/comments?post=21791"}],"wp:featuredmedia":[{"embeddable":true,"href":"https:\/\/zooprekes24.lt\/lv\/wp-json\/wp\/v2\/media\/17588"}],"wp:attachment":[{"href":"https:\/\/zooprekes24.lt\/lv\/wp-json\/wp\/v2\/media?parent=21791"}],"wp:term":[{"taxonomy":"product_brand","embeddable":true,"href":"https:\/\/zooprekes24.lt\/lv\/wp-json\/wp\/v2\/product_brand?post=21791"},{"taxonomy":"product_cat","embeddable":true,"href":"https:\/\/zooprekes24.lt\/lv\/wp-json\/wp\/v2\/product_cat?post=21791"},{"taxonomy":"product_tag","embeddable":true,"href":"https:\/\/zooprekes24.lt\/lv\/wp-json\/wp\/v2\/product_tag?post=21791"}],"curies":[{"name":"wp","href":"https:\/\/api.w.org\/{rel}","templated":true}]}}