{"id":21783,"date":"2024-04-18T21:16:50","date_gmt":"2024-04-18T18:16:50","guid":{"rendered":"https:\/\/zooprekes24.lt\/produktas\/brit-premium-by-nature-adult-xl\/"},"modified":"2026-04-03T15:41:40","modified_gmt":"2026-04-03T13:41:40","slug":"brit-premium-by-nature-adult-xl","status":"publish","type":"product","link":"https:\/\/zooprekes24.lt\/lv\/produktas\/brit-premium-by-nature-adult-xl\/","title":{"rendered":"Brit Premium by Nature Adult XL saus\u0101 bar\u012bba su\u0146iem 15 kg"},"content":{"rendered":"<h3>Brit Premium by Nature Adult XL su\u0146u bar\u012bbai, kas \u012bpa\u0161i izstr\u0101d\u0101ta pieaugu\u0161iem \u012bpa\u0161i lielu \u0161\u0137ir\u0146u su\u0146iem (45-90 kg), piem\u012bt \u0161\u0101das \u012bpa\u0161\u012bbas, kas ietekm\u0113 su\u0146u vesel\u012bbu un st\u0101vokli:<\/h3>\n<ul>\n<li>Lieliska gremo\u0161ana. \u0160\u012b su\u0146u bar\u012bba satur viegli sagremojamas olbaltumvielas un taukus.<\/li>\n<li>Vesel\u012bgs skelets. Optim\u0101la kalcija un fosfora attiec\u012bba nodro\u0161ina vesel\u012bgus kaulus un vesel\u012bgu skeletu.<\/li>\n<li>Vesel\u012bga sirds. Omega-3, dabiskie antioksidanti, stiprina sirdi.<\/li>\n<li>Sp\u012bd\u012bgs, m\u012bksts ka\u017eoks un vesel\u012bga \u0101da - \u0161\u012bs ir \u012bpa\u0161\u012bbas, ko m\u012bl Brit Premium by Nature Adult XL su\u0146i (pateicoties la\u0161a e\u013c\u013c\u0101 eso\u0161aj\u0101m Omega-3 nepies\u0101tin\u0101taj\u0101m tauksk\u0101b\u0113m).<\/li>\n<\/ul>\n<h3>augu un aug\u013cu ekstrakti (rozmar\u012bns, kurkuma, citrusaug\u013ci un krustnagli\u0146as), ko satur <a href=\"https:\/\/brit-petfood.com\/en\/products\/264847-brit-premium-by-nature-adult-xl\" target=\"_blank\" rel=\"noopener\">Brit Premium by Nature Adult XL<\/a> su\u0146u bar\u012bb\u0101, ietekme uz su\u0146u vesel\u012bbu un izskatu:<\/h3>\n<ul>\n<li>Lielisks antioksidantu un fermentu avots, kas aizsarg\u0101 \u0161\u016bnas no boj\u0101jumiem.<\/li>\n<li>Pal\u012bdz uzlabot E vitam\u012bna uzs\u016bk\u0161anos un aizsarg\u0101 organismu pret br\u012bvajiem radik\u0101\u013ciem.<\/li>\n<li>Uzlabo \u0113diena gar\u0161u un pievilc\u012bbu.<\/li>\n<li>Pal\u012bdz uzlabot tauksk\u0101bju uzs\u016bk\u0161anos no p\u0101rtikas, t\u0101p\u0113c\u00a0<a href=\"https:\/\/zooprekes24.lt\/lv\/products\/brit-care-lassi-ella\/\" target=\"_blank\" rel=\"noopener\">uzlabo \u0101das, ka\u017eoka un loc\u012btavu vesel\u012bbu<\/a>. Pastiprina pretnoveco\u0161an\u0101s efektu.<\/li>\n<\/ul>","protected":false},"excerpt":{"rendered":"<p>\u0160un\u0173 maistas\u00a0Brit Premium by Nature Adult XL,\u00a0sukurtas specialiai\u00a0ypa\u010d dideli\u0173 veisli\u0173 (45-90 kg) suaugusiems \u0161unims,\u00a0pasi\u017eymi tokiomis savyb\u0117mis, turin\u010diomis \u012ftakos \u0161un\u0173 sveikatai ir b\u016bklei: Puikus vir\u0161kinimas.\u00a0\u0160io maisto \u0161unims sud\u0117tyje yra lengvai vir\u0161kinam\u0173 baltym\u0173 ir riebal\u0173. Sveikas skeletas. Optimalus kalcio ir fosforo santykis u\u017etikrina sveikus \u0161uns kaunus ir sveik\u0105 skelet\u0105. Sveika \u0161irdis.\u00a0Omega-3, nat\u016bral\u016bs antioksidantai stiprina \u0161ird\u012f. Blizgantis, mink\u0161tas&#8230;<\/p>","protected":false},"featured_media":17577,"comment_status":"closed","ping_status":"closed","template":"","meta":{"_acf_changed":false,"slim_seo":{"title":"Brit Premium by Nature Adult XL sausas maistas \u0161unims 15 kg - Zooprekes24","description":"Brit Premium by Nature Adult XL su\u0146u bar\u012bbai, kas \u012bpa\u0161i izstr\u0101d\u0101ta \u012bpa\u0161i lielu \u0161\u0137ir\u0146u (45-90 kg) pieaugu\u0161iem su\u0146iem, piem\u012bt \u0161\u0101das \u012bpa\u0161\u012bbas."},"iawp_total_views":54},"product_brand":[],"product_cat":[9006,9002,8999,29,31],"product_tag":[353,177,260,200],"class_list":{"0":"post-21783","1":"product","2":"type-product","3":"status-publish","4":"has-post-thumbnail","6":"product_cat-brit-premium","7":"product_cat-sausas-maistas","8":"product_cat-sunims","9":"product_cat-sunu-maistas","10":"product_cat-sunu-prekiu-gamintojai","11":"product_tag-brit-sunu-edalas","12":"product_tag-edalas-sunims","13":"product_tag-maistas-alergiskiems-sunims","14":"product_tag-super-premium-maistas-sunims","15":"pa_pasaro-sudetis-uogos","16":"pa_pasaro-sudetis-vaisiai","17":"pa_pasaro-sudetis-vistiena","18":"pa_prekiu-zenklai-brit-premium","19":"pa_suns-amzius-suaugusiems","20":"pa_veisles-dydis-didelems-veislems","22":"first","23":"instock","24":"featured","25":"taxable","26":"shipping-taxable","27":"purchasable","28":"product-type-simple"},"acf":[],"_links":{"self":[{"href":"https:\/\/zooprekes24.lt\/lv\/wp-json\/wp\/v2\/product\/21783","targetHints":{"allow":["GET"]}}],"collection":[{"href":"https:\/\/zooprekes24.lt\/lv\/wp-json\/wp\/v2\/product"}],"about":[{"href":"https:\/\/zooprekes24.lt\/lv\/wp-json\/wp\/v2\/types\/product"}],"replies":[{"embeddable":true,"href":"https:\/\/zooprekes24.lt\/lv\/wp-json\/wp\/v2\/comments?post=21783"}],"wp:featuredmedia":[{"embeddable":true,"href":"https:\/\/zooprekes24.lt\/lv\/wp-json\/wp\/v2\/media\/17577"}],"wp:attachment":[{"href":"https:\/\/zooprekes24.lt\/lv\/wp-json\/wp\/v2\/media?parent=21783"}],"wp:term":[{"taxonomy":"product_brand","embeddable":true,"href":"https:\/\/zooprekes24.lt\/lv\/wp-json\/wp\/v2\/product_brand?post=21783"},{"taxonomy":"product_cat","embeddable":true,"href":"https:\/\/zooprekes24.lt\/lv\/wp-json\/wp\/v2\/product_cat?post=21783"},{"taxonomy":"product_tag","embeddable":true,"href":"https:\/\/zooprekes24.lt\/lv\/wp-json\/wp\/v2\/product_tag?post=21783"}],"curies":[{"name":"wp","href":"https:\/\/api.w.org\/{rel}","templated":true}]}}