{"id":21781,"date":"2024-04-18T21:16:50","date_gmt":"2024-04-18T18:16:50","guid":{"rendered":"https:\/\/zooprekes24.lt\/produktas\/hippie-pet-45x60cm\/"},"modified":"2024-08-14T17:00:19","modified_gmt":"2024-08-14T14:00:19","slug":"hipiju-milulis-45x60cm","status":"publish","type":"product","link":"https:\/\/zooprekes24.lt\/lv\/produktas\/hippie-pet-45x60cm\/","title":{"rendered":"Hippie Pet vienreizlietojam\u0101s palagi su\u0146iem, 45\u00d760 cm, 50 gab."},"content":{"rendered":"<h3>Hippie Pet vienreizlietojamie palos su\u0146iem.<\/h3>\n<ul>\n<li>Vienreiz\u0113j\u0101s lieto\u0161anas.<\/li>\n<li>50 gab. iepakojum\u0101.<strong>\u00a0<\/strong><\/li>\n<li><a href=\"https:\/\/www.youtube.com\/watch?v=jOObS-oep24\" target=\"_blank\" rel=\"noopener noreferrer\">\u0100tri uzs\u016bc mitrumu.<\/a><\/li>\n<li>J\u016bsu m\u012blu\u013ca \u0137epas paliks sausas un t\u012bras.<\/li>\n<li><a href=\"https:\/\/zooprekes24.lt\/lv\/?s=puppy&amp;post_type=product&amp;product_cat=0\">Kuc\u0113niem<\/a> un veciem un slimiem su\u0146iem, kuriem ir gr\u016bt\u012bbas ilgsto\u0161i notur\u0113t ur\u012bnu.<\/li>\n<li>Palas var ievietot ar\u012b speci\u0101l\u0101 su\u0146u tualet\u0113, ce\u013cojuma b\u016br\u012b vai dz\u012bvnieku p\u0101rvad\u0101\u0161anas kast\u0113.<\/li>\n<\/ul>","protected":false},"excerpt":{"rendered":"<p>Hippie Pet vienreizlietojamie palos su\u0146iem. Vienreizlietojamie. 50 gab.  \u0100tri uzs\u016bc mitrumu. J\u016bsu m\u012blu\u013ca \u0137epas paliks sausas un t\u012bras. Kuc\u0113niem un veciem un slimiem su\u0146iem, kuriem ir gr\u016bt\u012bbas ilgsto\u0161i notur\u0113t ur\u012bnu. Palas var ievietot ar\u012b speci\u0101l\u0101 su\u0146u tualet\u0113, ce\u013cojuma b\u016br\u012b vai dz\u012bvnieku p\u0101rvad\u0101\u0161anas kast\u0113.<\/p>","protected":false},"featured_media":17572,"comment_status":"closed","ping_status":"closed","template":"","meta":{"_acf_changed":false,"slim_seo":{"title":"Hippie Pet vienkartin\u0117s palos \u0161unims, 45x60 cm, 50 vnt - Zooprekes24","description":"Hippie Pet vienreizlietojamie palos su\u0146iem. Vienreizlietojamie. 50 gab.   \u0100tri uzs\u016bc mitrumu. J\u016bsu m\u012blu\u013ca \u0137epas paliks sausas un t\u012bras. Skat\u012bt"},"iawp_total_views":154},"product_brand":[],"product_cat":[9005,32,8999],"product_tag":[1226,1229,1234,1235,1236],"class_list":{"0":"post-21781","1":"product","2":"type-product","3":"status-publish","4":"has-post-thumbnail","6":"product_cat-higienos-ir-valymo-priemones","7":"product_cat-kitos-sunu-prekes","8":"product_cat-sunims","9":"product_tag-palos-sunims","10":"product_tag-palutes-sunims","11":"product_tag-vienkartines-palos","12":"product_tag-vienkartines-palutes","13":"product_tag-vienkartines-sunu-palutes","14":"pa_prekiu-zenklai-hippie-pet","15":"pa_suns-amzius-jauniems","16":"pa_suns-amzius-senjorams","17":"pa_suns-amzius-suaugusiems","18":"pa_suns-amzius-visiems-amziams","19":"pa_veisles-dydis-mazoms-veislems","21":"first","22":"instock","23":"featured","24":"taxable","25":"shipping-taxable","26":"purchasable","27":"product-type-simple"},"acf":[],"_links":{"self":[{"href":"https:\/\/zooprekes24.lt\/lv\/wp-json\/wp\/v2\/product\/21781","targetHints":{"allow":["GET"]}}],"collection":[{"href":"https:\/\/zooprekes24.lt\/lv\/wp-json\/wp\/v2\/product"}],"about":[{"href":"https:\/\/zooprekes24.lt\/lv\/wp-json\/wp\/v2\/types\/product"}],"replies":[{"embeddable":true,"href":"https:\/\/zooprekes24.lt\/lv\/wp-json\/wp\/v2\/comments?post=21781"}],"wp:featuredmedia":[{"embeddable":true,"href":"https:\/\/zooprekes24.lt\/lv\/wp-json\/wp\/v2\/media\/17572"}],"wp:attachment":[{"href":"https:\/\/zooprekes24.lt\/lv\/wp-json\/wp\/v2\/media?parent=21781"}],"wp:term":[{"taxonomy":"product_brand","embeddable":true,"href":"https:\/\/zooprekes24.lt\/lv\/wp-json\/wp\/v2\/product_brand?post=21781"},{"taxonomy":"product_cat","embeddable":true,"href":"https:\/\/zooprekes24.lt\/lv\/wp-json\/wp\/v2\/product_cat?post=21781"},{"taxonomy":"product_tag","embeddable":true,"href":"https:\/\/zooprekes24.lt\/lv\/wp-json\/wp\/v2\/product_tag?post=21781"}],"curies":[{"name":"wp","href":"https:\/\/api.w.org\/{rel}","templated":true}]}}