{"id":21776,"date":"2024-04-18T21:16:50","date_gmt":"2024-04-18T18:16:50","guid":{"rendered":"https:\/\/zooprekes24.lt\/produktas\/acana-adult-large-breed-sunims\/"},"modified":"2026-02-25T13:40:42","modified_gmt":"2026-02-25T11:40:42","slug":"acana-pieauguso-lielo-skirnu-sunims","status":"publish","type":"product","link":"https:\/\/zooprekes24.lt\/lv\/produktas\/acana-adult-large-breed-sunims\/","title":{"rendered":"Acana Adult Large Breed saus\u0101 bar\u012bba su\u0146iem"},"content":{"rendered":"<h3>Acana Adult Large Breed satur 60% ga\u013cas, tostarp vistas ga\u013cu, kas nav tur\u0113ta sprostos, savva\u013cas plekstu un ligzdu olas. Viss tiek pieg\u0101d\u0101ts svaigs <a href=\"https:\/\/www.acanapetfoods.co.uk\/about-acana\/biologically-appropriate\/wholeprey-meat-ratios\/\" target=\"_blank\" rel=\"noopener noreferrer\">WholePrey\u2122<\/a> j\u0113dziens (kop\u0113j\u0101 laup\u012bjuma). Katrs bar\u012bbas gabali\u0146\u0161 ir bag\u0101ts ar <a href=\"https:\/\/zooprekes24.lt\/lv\/?s=omega+3+sunims&amp;post_type=product&amp;product_cat=0\" target=\"_blank\" rel=\"noopener noreferrer\">Omega 3<\/a> (DHA, EPA), kas ieg\u016bti no savva\u013cas plekste, kas labv\u0113l\u012bgi ietekm\u0113 imunit\u0101ti un uzlabo \u0101das un ka\u017eoka st\u0101vokli. T\u0101 k\u0101 liekais svars var boj\u0101t kaulus un loc\u012btavas, t\u0101 nesatur \u0101tros og\u013chidr\u0101tus, piem\u0113ram, tapioku vai kartupe\u013cus. Izgatavots godalgot\u0101s virtuv\u0113s no lab\u0101kaj\u0101m un svaig\u0101kaj\u0101m sast\u0101vda\u013c\u0101m, <a href=\"https:\/\/www.acanapetfoods.co.uk\/about-acana\/biologically-appropriate\/\" target=\"_blank\" rel=\"noopener noreferrer\">Biolo\u0123iski piem\u0113rots\u2122<\/a> (Biolo\u0123iski atbilsto\u0161a) formula garant\u0113, ka j\u016bsu suns b\u016bs vesels, laim\u012bgs un sp\u0113c\u012bgs.<\/h3>\n<div>\n<ul>\n<li><strong>D<\/strong><strong><span lang=\"LT\">audz\u0113t ga\u013cu<\/span><\/strong><strong> (60%)<\/strong><span lang=\"LT\"> &#8211; <\/span>suns ir biolo\u0123iski piel\u0101gojies uzturam, kas bag\u0101ts ar ga\u013cu. T\u0101p\u0113c <span lang=\"LT\">Acana<\/span> Pieaugu\u0161o lielo \u0161\u0137ir\u0146u putnu ga\u013cas sast\u0101v\u0101 ir 60% ga\u013cas, tostarp sprostos neaudz\u0113tas vistas, savva\u013cas plekste un ligzdu olas.<\/li>\n<li><strong><span lang=\"LT\">Augsts ga\u013cas saturs<\/span><\/strong><strong> (1\/3)<\/strong><span lang=\"LT\"> - \u0161<\/span>ga\u013cai ir lieliskas uzturv\u0113rt\u012bbas. T\u0101p\u0113c 1\/3 m\u0101jputnu, zivju un olu, ko izmanto Aacana, ir svaigas un izcilas kvalit\u0101tes un gar\u0161as. P\u0101r\u0113j\u0101s 2\/3 ga\u013cas ir \u017e\u0101v\u0113ta.<\/li>\n<li><strong><span lang=\"LT\">Daudz da\u017e\u0101das ga\u013cas<\/span><\/strong><strong> (3)<\/strong><span lang=\"LT\"> - Savva\u013c\u0101 su\u0146i med\u012b da\u017e\u0101dus dz\u012bvniekus. Acana Adult Large Breed satur da\u017e\u0101du ga\u013cu: vistas ga\u013cu, olas un zivis, kas nav tur\u0113tas sprostos, ar WholePrey proporcij\u0101m, izmantojot ga\u013cu, org\u0101nus un skrim\u0161\u013cus, t\u0101d\u0113j\u0101di atk\u0101rtojot dabisko uzturu un samazinot nepiecie\u0161am\u012bbu p\u0113c sint\u0113tisk\u0101m piedev\u0101m, kas ir atrodamas gar\u0101 tradicion\u0101l\u0101s su\u0146u bar\u012bbas sarakst\u0101.<\/span><\/li>\n<li><strong><span lang=\"LT\">Augsts ga\u013cas olbaltumvielu saturs<\/span><\/strong><strong> (31%) <\/strong>- piln\u012bgi nesatur zir\u0146u vai kartupe\u013cu prote\u012bna koncentr\u0101tus, kas m\u016bsdien\u0101s bie\u017ei tiek izmantoti su\u0146u bar\u012bb\u0101. Aacana Adult Large Breed bar\u012bba ir bag\u0101ta ar augst\u0101k\u0101s kvalit\u0101tes dz\u012bvnieku izcelsmes olbaltumviel\u0101m, kas pal\u012bdz uztur\u0113t musku\u013cu masu un baro suni atbilsto\u0161i t\u0101 evol\u016bcijas vajadz\u012bb\u0101m.<\/li>\n<li><strong><span lang=\"LT\">Zems og\u013chidr\u0101tu saturs<\/span><\/strong><strong> (30%) <\/strong>- Su\u0146a dabiskaj\u0101 uztur\u0101 ir \u013coti maz og\u013chidr\u0101tu, kas ir galvenais aptauko\u0161an\u0101s un diab\u0113ta c\u0113lonis. T\u0101p\u0113c Acana bar\u012bb\u0101 ir zems og\u013chidr\u0101tu saturs, un taj\u0101 \u0101trie og\u013chidr\u0101ti (piem\u0113ram, kukur\u016bza un r\u012bsi) ir aizst\u0101ti ar aug\u013ciem un d\u0101rze\u0146iem ar zemu glik\u0113misko indeksu.<\/li>\n<li><strong>Papildin\u0101ts ar cinku<\/strong>\u00a0- Acana pieaugu\u0161o lielo \u0161\u0137ir\u0146u bar\u012bba atk\u0101rto dabisko uzturu, jo ga\u013ca, org\u0101ni un skrim\u0161\u013ci dabiski nodro\u0161ina koncentr\u0113tas bar\u012bbas vielas, kas atbilst j\u016bsu su\u0146a vajadz\u012bb\u0101m. T\u0101p\u0113c gandr\u012bz visas bar\u012bbas vielas bar\u012bb\u0101 ir dabiskas.<\/li>\n<\/ul>\n<\/div>","protected":false},"excerpt":{"rendered":"<p>Acana Adult Large Breed maisto sud\u0117tyje net 60% m\u0117sos, \u012fskaitant ne narvuose u\u017eaugint\u0105 vi\u0161tien\u0105, laukin\u0119 plek\u0161n\u0119 ir lizduose pad\u0117tus kiau\u0161inius. Viskas pristatoma \u0161vie\u017eia laikantis WholePrey\u2122 (viso grobio) koncepcijos.\u00a0Kiekviename pa\u0161aro k\u0105snelyje gausu Omega 3 (DHA, EPA) i\u0161gaunamo i\u0161 laukini\u0173 plek\u0161ni\u0173, kuris naudingas imuniteto stiprinimui ir puikiam odos ir kailio b\u016bkl\u0117s puosel\u0117jimui. Kadangi antsvoris gali kenkti kaulams&#8230;<\/p>","protected":false},"featured_media":17537,"comment_status":"closed","ping_status":"closed","template":"","meta":{"_acf_changed":false,"slim_seo":{"title":"Acana Adult Large Breed sausas maistas \u0161unims - Zooprekes24","description":"Acana Adult Large Breed satur 60% ga\u013cas, tostarp vistas ga\u013cu, kas nav tur\u0113ta sprostos, savva\u013cas plekstu un ligzdu olas. Viss nodro\u0161ina"},"iawp_total_views":143},"product_brand":[],"product_cat":[9000,9001,9002,8999,29,31],"product_tag":[176,177,200],"class_list":{"0":"post-21776","1":"product","2":"type-product","3":"status-publish","4":"has-post-thumbnail","6":"product_cat-acana","7":"product_cat-begrudis-maistas","8":"product_cat-sausas-maistas","9":"product_cat-sunims","10":"product_cat-sunu-maistas","11":"product_cat-sunu-prekiu-gamintojai","12":"product_tag-begrudis-sunu-maistas","13":"product_tag-edalas-sunims","14":"product_tag-super-premium-maistas-sunims","15":"pa_pasaro-sudetis-darzoves","16":"pa_pasaro-sudetis-kiausiniai","17":"pa_pasaro-sudetis-uogos","18":"pa_pasaro-sudetis-vaisiai","19":"pa_pasaro-sudetis-vistiena","20":"pa_pasaro-sudetis-zuvis","21":"pa_prekiu-zenklai-acana","22":"pa_suns-amzius-suaugusiems","23":"pa_veisles-dydis-didelems-veislems","25":"first","26":"instock","27":"featured","28":"taxable","29":"shipping-taxable","30":"purchasable","31":"product-type-variable"},"acf":[],"_links":{"self":[{"href":"https:\/\/zooprekes24.lt\/lv\/wp-json\/wp\/v2\/product\/21776","targetHints":{"allow":["GET"]}}],"collection":[{"href":"https:\/\/zooprekes24.lt\/lv\/wp-json\/wp\/v2\/product"}],"about":[{"href":"https:\/\/zooprekes24.lt\/lv\/wp-json\/wp\/v2\/types\/product"}],"replies":[{"embeddable":true,"href":"https:\/\/zooprekes24.lt\/lv\/wp-json\/wp\/v2\/comments?post=21776"}],"wp:featuredmedia":[{"embeddable":true,"href":"https:\/\/zooprekes24.lt\/lv\/wp-json\/wp\/v2\/media\/17537"}],"wp:attachment":[{"href":"https:\/\/zooprekes24.lt\/lv\/wp-json\/wp\/v2\/media?parent=21776"}],"wp:term":[{"taxonomy":"product_brand","embeddable":true,"href":"https:\/\/zooprekes24.lt\/lv\/wp-json\/wp\/v2\/product_brand?post=21776"},{"taxonomy":"product_cat","embeddable":true,"href":"https:\/\/zooprekes24.lt\/lv\/wp-json\/wp\/v2\/product_cat?post=21776"},{"taxonomy":"product_tag","embeddable":true,"href":"https:\/\/zooprekes24.lt\/lv\/wp-json\/wp\/v2\/product_tag?post=21776"}],"curies":[{"name":"wp","href":"https:\/\/api.w.org\/{rel}","templated":true}]}}