{"id":21775,"date":"2024-04-18T21:16:50","date_gmt":"2024-04-18T18:16:50","guid":{"rendered":"https:\/\/zooprekes24.lt\/produktas\/acana-light-fit-sausas-maistas-sunims\/"},"modified":"2024-06-11T14:27:19","modified_gmt":"2024-06-11T11:27:19","slug":"acana-light-fit-sausa-bariba-suniem","status":"publish","type":"product","link":"https:\/\/zooprekes24.lt\/lv\/produktas\/acana-light-fit-sausas-maistas-sunims\/","title":{"rendered":"Acana Light &amp; Fit saus\u0101 bar\u012bba su\u0146iem 11,4 kg"},"content":{"rendered":"<h3>Acana Light Fit bar\u012bba ir bag\u0101ta ar ga\u013cu, tostarp bez b\u016briem tur\u0113tu vistu, ligzdojo\u0161o olu un savva\u013cas j\u016bras zeltplekstes. Viss tiek pieg\u0101d\u0101ts svaigs <a href=\"https:\/\/www.acanapetfoods.co.uk\/about-acana\/biologically-appropriate\/wholeprey-meat-ratios\/\" target=\"_blank\" rel=\"noopener noreferrer\">WholePrey\u2122<\/a> j\u0113dziens (kop\u0113j\u0101 laup\u012bjuma). Lai uztur\u0113tu norm\u0101lu cukura l\u012bmeni asin\u012bs, p\u0101rtik\u0101 nav t\u0101du sast\u0101vda\u013cu ar augstu glik\u0113misko indeksu k\u0101 r\u012bsi, kukur\u016bza vai kartupe\u013ci, bet tikai aug\u013ci ar zemu glik\u0113misko indeksu, <a href=\"https:\/\/zooprekes24.lt\/lv\/?s=darzoves&amp;post_type=product&amp;product_cat=0\" target=\"_blank\" rel=\"noopener noreferrer\">d\u0101rze\u0146i<\/a>, tostarp smird\u012bgo laputeni.<\/h3>\n<p>Su\u0146iem ar lieko svaru ir izdev\u012bga di\u0113ta, kas bag\u0101ta ar olbaltumviel\u0101m, lai saglab\u0101tu lies\u0101s musku\u013cu masu, un kur\u0101 ir maz og\u013chidr\u0101tu, kas veicina \u0137erme\u0146a tauku veido\u0161anos. Izgatavots godalgot\u0101s virtuv\u0113s no lab\u0101kaj\u0101m un svaig\u0101kaj\u0101m sast\u0101vda\u013c\u0101m, <a href=\"https:\/\/www.acanapetfoods.co.uk\/about-acana\/biologically-appropriate\/\" target=\"_blank\" rel=\"noopener noreferrer\">Biolo\u0123iski piem\u0113rots\u2122<\/a> Acana Light Fit formula (biolo\u0123iski atbilsto\u0161a) nodro\u0161ina, ka j\u016bsu suns ir vesels, laim\u012bgs un sp\u0113c\u012bgs.<\/p>","protected":false},"excerpt":{"rendered":"<p>Acana Light Fit maiste gausu m\u0117sos, \u012fskaitant ne narvuose u\u017eaugint\u0105 vi\u0161tien\u0105, lizduose pad\u0117tus kiau\u0161inius ir laukin\u0119 plek\u0161n\u0119. Viskas pristatoma \u0161vie\u017eia laikantis WholePrey\u2122 (viso grobio) koncepcijos. Kad palaikyti normal\u0173 cukraus kiek\u012f kraujyje, pa\u0161aro sud\u0117tyje n\u0117ra auk\u0161to glikeminio indekso ingredient\u0173, toki\u0173 kaip ry\u017eiai, kukur\u016bzai ar bulv\u0117s, o tik \u017eem\u0105 glikemijos indeks\u0105 turintys vaisiai, dar\u017eov\u0117s, \u012fskaitant kvapn\u0173j\u012f moliug\u0105&#8230;.<\/p>","protected":false},"featured_media":17535,"comment_status":"closed","ping_status":"closed","template":"","meta":{"_acf_changed":false,"slim_seo":{"title":"Acana Light & Fit sausas maistas \u0161unims 11.4 kg - Zooprekes24","description":"Acana Light Fit bar\u012bba ir bag\u0101ta ar ga\u013cu, tostarp bez b\u016briem tur\u0113tu vistu, ligzdojo\u0161o olu un savva\u013cas j\u016bras zeltplekstes. Viss tiek pieg\u0101d\u0101ts svaigs no noliktavas"},"iawp_total_views":331},"product_brand":[],"product_cat":[9000,9001,9002,8999,29,31],"product_tag":[176,177,200],"class_list":{"0":"post-21775","1":"product","2":"type-product","3":"status-publish","4":"has-post-thumbnail","6":"product_cat-acana","7":"product_cat-begrudis-maistas","8":"product_cat-sausas-maistas","9":"product_cat-sunims","10":"product_cat-sunu-maistas","11":"product_cat-sunu-prekiu-gamintojai","12":"product_tag-begrudis-sunu-maistas","13":"product_tag-edalas-sunims","14":"product_tag-super-premium-maistas-sunims","15":"pa_pasaro-sudetis-darzoves","16":"pa_pasaro-sudetis-kiausiniai","17":"pa_pasaro-sudetis-uogos","18":"pa_pasaro-sudetis-vaisiai","19":"pa_pasaro-sudetis-vistiena","20":"pa_pasaro-sudetis-zuvis","21":"pa_prekiu-zenklai-acana","22":"pa_suns-amzius-suaugusiems","23":"pa_veisles-dydis-didelems-veislems","24":"pa_veisles-dydis-mazoms-veislems","25":"pa_veisles-dydis-vidutinems-veislems","26":"pa_veisles-dydis-visu-dydziu-veislems","28":"first","29":"instock","30":"featured","31":"taxable","32":"shipping-taxable","33":"purchasable","34":"product-type-simple"},"acf":[],"_links":{"self":[{"href":"https:\/\/zooprekes24.lt\/lv\/wp-json\/wp\/v2\/product\/21775","targetHints":{"allow":["GET"]}}],"collection":[{"href":"https:\/\/zooprekes24.lt\/lv\/wp-json\/wp\/v2\/product"}],"about":[{"href":"https:\/\/zooprekes24.lt\/lv\/wp-json\/wp\/v2\/types\/product"}],"replies":[{"embeddable":true,"href":"https:\/\/zooprekes24.lt\/lv\/wp-json\/wp\/v2\/comments?post=21775"}],"wp:featuredmedia":[{"embeddable":true,"href":"https:\/\/zooprekes24.lt\/lv\/wp-json\/wp\/v2\/media\/17535"}],"wp:attachment":[{"href":"https:\/\/zooprekes24.lt\/lv\/wp-json\/wp\/v2\/media?parent=21775"}],"wp:term":[{"taxonomy":"product_brand","embeddable":true,"href":"https:\/\/zooprekes24.lt\/lv\/wp-json\/wp\/v2\/product_brand?post=21775"},{"taxonomy":"product_cat","embeddable":true,"href":"https:\/\/zooprekes24.lt\/lv\/wp-json\/wp\/v2\/product_cat?post=21775"},{"taxonomy":"product_tag","embeddable":true,"href":"https:\/\/zooprekes24.lt\/lv\/wp-json\/wp\/v2\/product_tag?post=21775"}],"curies":[{"name":"wp","href":"https:\/\/api.w.org\/{rel}","templated":true}]}}