{"id":21773,"date":"2024-04-18T21:16:50","date_gmt":"2024-04-18T18:16:50","guid":{"rendered":"https:\/\/zooprekes24.lt\/produktas\/acana-adult-dog-sunims\/"},"modified":"2024-06-11T13:07:30","modified_gmt":"2024-06-11T10:07:30","slug":"acana-sunims-pieaugusiem-suniem","status":"publish","type":"product","link":"https:\/\/zooprekes24.lt\/lv\/produktas\/acana-adult-dog-sunims\/","title":{"rendered":"Acana Adult Dog saus\u0101 bar\u012bba su\u0146iem 11,4 kg"},"content":{"rendered":"<h3>Acana Adult Dog ir pagatavots no br\u012bvi audz\u0113tas vistas ga\u013cas, ol\u0101m un savva\u013cas ziv\u012bm, svaigi nozvejotas j\u016bras zeltplekstes ga\u013cas un saul\u0113 nogatavin\u0101tiem aug\u013ciem un d\u0101rze\u0146iem. Bar\u012bba atdarina dabisko uzturu: ga\u013ca, org\u0101ni un skrim\u0161\u013ci dabisk\u0101 veid\u0101 nodro\u0161ina j\u016bsu m\u012bluli ar koncentr\u0113t\u0101m bar\u012bbas viel\u0101m. Viss tiek pieg\u0101d\u0101ts svaigs <a href=\"https:\/\/www.acanapetfoods.co.uk\/about-acana\/biologically-appropriate\/wholeprey-meat-ratios\/\" target=\"_blank\" rel=\"noopener noreferrer\">WholePrey\u2122<\/a> j\u0113dziens (kop\u0113j\u0101 laup\u012bjuma). Izgatavots godalgot\u0101s virtuv\u0113s no lab\u0101kaj\u0101m un svaig\u0101kaj\u0101m sast\u0101vda\u013c\u0101m, <a href=\"https:\/\/www.acanapetfoods.co.uk\/about-acana\/biologically-appropriate\/\" target=\"_blank\" rel=\"noopener noreferrer\">Biolo\u0123iski piem\u0113rots\u2122<\/a> (Biolo\u0123iski atbilsto\u0161a) formula garant\u0113, ka j\u016bsu suns b\u016bs vesels, laim\u012bgs un sp\u0113c\u012bgs.<\/h3>\n<ul>\n<li style=\"font-weight: 400;\"><strong>Augsts ga\u013cas saturs (60%)<\/strong> - suns ir biolo\u0123iski piel\u0101gojies uzturam, kas bag\u0101ts ar ga\u013cu. T\u0101p\u0113c Acana Adult Dog satur 60% ga\u013cas, tostarp vistas ga\u013cu, kas nav tur\u0113ta sprostos, savva\u013cas plekstu un ligzdo\u0161anas olu.<\/li>\n<li style=\"font-weight: 400;\"><strong>Augsts olbaltumvielu saturs (29%)<\/strong> - piln\u012bgi nesatur zir\u0146u vai kartupe\u013cu prote\u012bna koncentr\u0101tus, kas m\u016bsdien\u0101s bie\u017ei tiek izmantoti su\u0146u bar\u012bb\u0101. Acana Adult Dog bar\u012bba ir bag\u0101ta ar augst\u0101k\u0101s kvalit\u0101tes dz\u012bvnieku izcelsmes olbaltumviel\u0101m, kas pal\u012bdz uztur\u0113t musku\u013cu masu un baro suni atbilsto\u0161i t\u0101 evol\u016bcijas vajadz\u012bb\u0101m.<\/li>\n<li style=\"font-weight: 400;\"><strong>Augsts svaigas ga\u013cas saturs (1\/3)<\/strong> - Svaigai ga\u013cai ir lieliskas uzturv\u0113rt\u012bbas \u012bpa\u0161\u012bbas. T\u0101p\u0113c 1\/3 m\u0101jputnu ga\u013cas, zivju un olu. <a href=\"https:\/\/zooprekes24.lt\/lv\/?s=acana&amp;post_type=product\" target=\"_blank\" rel=\"noopener\">Acana<\/a> Izmantot\u0101s sast\u0101vda\u013cas ir svaigas un izcilas kvalit\u0101tes un gar\u0161as. P\u0101r\u0113j\u0101s 2\/3 ga\u013cas ir \u017e\u0101v\u0113tas.<\/li>\n<li style=\"font-weight: 400;\"><strong>Daudz da\u017e\u0101das ga\u013cas (3)<\/strong> - Savva\u013c\u0101 su\u0146i med\u012b da\u017e\u0101dus dz\u012bvniekus. T\u0101 sast\u0101v\u0101 ir da\u017e\u0101da ga\u013ca: ar z\u0101li barota j\u0113ra ga\u013ca, Angus liellopu ga\u013ca un Jork\u0161\u012bras c\u016bkga\u013ca ar WholePrey proporcij\u0101m, izmantojot ga\u013cu, org\u0101nus un skrim\u0161\u013cus, kas atk\u0101rto dabisko uzturu un samazina vajadz\u012bbu p\u0113c sint\u0113tisk\u0101m piedev\u0101m, kuras ir atrodamas gar\u0101 tradicion\u0101l\u0101s su\u0146u bar\u012bbas sarakst\u0101.<\/li>\n<li style=\"font-weight: 400;\"><strong>Ar zemu og\u013chidr\u0101tu saturu (30%)<\/strong> - Su\u0146a dabiskaj\u0101 uztur\u0101 ir \u013coti maz og\u013chidr\u0101tu, kas ir galvenais aptauko\u0161an\u0101s un diab\u0113ta c\u0113lonis. T\u0101p\u0113c taj\u0101 ir maz og\u013chidr\u0101tu, un \u0101trie og\u013chidr\u0101ti (piem\u0113ram, kukur\u016bza un r\u012bsi) ir aizst\u0101ti ar aug\u013ciem un d\u0101rze\u0146iem ar zemu glik\u0113misko indeksu.<\/li>\n<li style=\"font-weight: 400;\"><strong>Papildin\u0101ts ar cinku<\/strong>\u00a0- Acana pieaugu\u0161o su\u0146u bar\u012bba atk\u0101rto dabisko uzturu, jo ga\u013ca, org\u0101ni un skrim\u0161\u013ci dabiski nodro\u0161ina koncentr\u0113tas uzturvielas, kas atbilst j\u016bsu su\u0146a vajadz\u012bb\u0101m. T\u0101p\u0113c gandr\u012bz visas bar\u012bbas vielas bar\u012bb\u0101 ir dabiskas.<\/li>\n<\/ul>","protected":false},"excerpt":{"rendered":"<p>Acana Adult Dog yra pagamintas i\u0161 laisvai laikom\u0173 vi\u0161t\u0173 m\u0117sos, kiau\u0161ini\u0173 ir laukin\u0117s \u017euvies, \u0161vie\u017eiai pagaut\u0173 plek\u0161ni\u0173 m\u0117sos ir saul\u0117je sunokint\u0173 vaisi\u0173 bei dar\u017eovi\u0173. Pa\u0161are atkartojama nat\u016brali mityb\u0105: sud\u0117tyje esanti m\u0117sa, organai ir kremzl\u0117s, augintin\u012f nat\u016braliai apr\u016bpina koncentruotomis maistin\u0117mis med\u017eiagomis. Viskas pristatoma \u0161vie\u017eia laikantis WholePrey\u2122 (viso grobio) koncepcijos. Pagaminta apdovanojimus laimin\u010diose virtuv\u0117se i\u0161 geriausi\u0173 ir&#8230;<\/p>","protected":false},"featured_media":17528,"comment_status":"closed","ping_status":"closed","template":"","meta":{"_acf_changed":false,"slim_seo":{"title":"Acana Adult Dog sausas maistas \u0161unims 11.4 kg - Zooprekes24","description":"Acana Adult Dog ir pagatavots no br\u012bv\u0101s tur\u0113\u0161anas apst\u0101k\u013cos audz\u0113tas vistas ga\u013cas, ol\u0101m un savva\u013cas ziv\u012bm, svaigi nozvejotas j\u016bras zeltplekstes ga\u013cas, saul\u0113 nogatavin\u0101tiem aug\u013ciem un citiem produktiem."},"iawp_total_views":137},"product_brand":[],"product_cat":[9000,9001,9002,8999,29,31],"product_tag":[176,177,200],"class_list":{"0":"post-21773","1":"product","2":"type-product","3":"status-publish","4":"has-post-thumbnail","6":"product_cat-acana","7":"product_cat-begrudis-maistas","8":"product_cat-sausas-maistas","9":"product_cat-sunims","10":"product_cat-sunu-maistas","11":"product_cat-sunu-prekiu-gamintojai","12":"product_tag-begrudis-sunu-maistas","13":"product_tag-edalas-sunims","14":"product_tag-super-premium-maistas-sunims","15":"pa_pasaro-sudetis-darzoves","16":"pa_pasaro-sudetis-kiausiniai","17":"pa_pasaro-sudetis-uogos","18":"pa_pasaro-sudetis-vaisiai","19":"pa_pasaro-sudetis-vistiena","20":"pa_pasaro-sudetis-zuvis","21":"pa_prekiu-zenklai-acana","22":"pa_suns-amzius-suaugusiems","23":"pa_veisles-dydis-didelems-veislems","24":"pa_veisles-dydis-mazoms-veislems","25":"pa_veisles-dydis-vidutinems-veislems","26":"pa_veisles-dydis-visu-dydziu-veislems","28":"first","29":"instock","30":"featured","31":"taxable","32":"shipping-taxable","33":"purchasable","34":"product-type-simple"},"acf":[],"_links":{"self":[{"href":"https:\/\/zooprekes24.lt\/lv\/wp-json\/wp\/v2\/product\/21773","targetHints":{"allow":["GET"]}}],"collection":[{"href":"https:\/\/zooprekes24.lt\/lv\/wp-json\/wp\/v2\/product"}],"about":[{"href":"https:\/\/zooprekes24.lt\/lv\/wp-json\/wp\/v2\/types\/product"}],"replies":[{"embeddable":true,"href":"https:\/\/zooprekes24.lt\/lv\/wp-json\/wp\/v2\/comments?post=21773"}],"wp:featuredmedia":[{"embeddable":true,"href":"https:\/\/zooprekes24.lt\/lv\/wp-json\/wp\/v2\/media\/17528"}],"wp:attachment":[{"href":"https:\/\/zooprekes24.lt\/lv\/wp-json\/wp\/v2\/media?parent=21773"}],"wp:term":[{"taxonomy":"product_brand","embeddable":true,"href":"https:\/\/zooprekes24.lt\/lv\/wp-json\/wp\/v2\/product_brand?post=21773"},{"taxonomy":"product_cat","embeddable":true,"href":"https:\/\/zooprekes24.lt\/lv\/wp-json\/wp\/v2\/product_cat?post=21773"},{"taxonomy":"product_tag","embeddable":true,"href":"https:\/\/zooprekes24.lt\/lv\/wp-json\/wp\/v2\/product_tag?post=21773"}],"curies":[{"name":"wp","href":"https:\/\/api.w.org\/{rel}","templated":true}]}}