{"id":21772,"date":"2024-04-18T21:16:50","date_gmt":"2024-04-18T18:16:50","guid":{"rendered":"https:\/\/zooprekes24.lt\/produktas\/acana-sport-agility-sausas-maistas-sunims\/"},"modified":"2026-02-25T13:44:48","modified_gmt":"2026-02-25T11:44:48","slug":"acana-sport-agility-sausa-bariba-suniem","status":"publish","type":"product","link":"https:\/\/zooprekes24.lt\/lv\/produktas\/acana-sport-agility-sausas-maistas-sunims\/","title":{"rendered":"Acana Sport Agility saus\u0101 bar\u012bba su\u0146iem"},"content":{"rendered":"<h3>Neatkar\u012bgi no t\u0101, vai suns dzenas paka\u013c aitu gan\u0101mpulkam vai l\u0113k\u0101, lai no\u0137ertu lidojo\u0161o bumbu, <a href=\"https:\/\/zooprekes24.lt\/lv\/?s=sportiniams&amp;post_type=product&amp;product_cat=0\" target=\"_blank\" rel=\"noopener noreferrer\">sporta su\u0146iem<\/a> aktivit\u0101tei un iztur\u012bbai nepiecie\u0161ams uzturs, kas bag\u0101ts ar daudzveid\u012bgu svaigu ga\u013cu, olbaltumviel\u0101m un taukiem. T\u0101p\u0113c Acana Sport Agility satur 75% ga\u013cas, tostarp vistas un t\u012btara ga\u013cu, kas nav tur\u0113ta sprostos, olas no pr\u0113riju saimniec\u012bb\u0101m un savva\u013cas bultasgalvas paltusu.<\/h3>\n<p>Viss tiek pieg\u0101d\u0101ts svaigs saska\u0146\u0101 ar <a href=\"https:\/\/www.acanapetfoods.co.uk\/about-acana\/biologically-appropriate\/wholeprey-meat-ratios\/\" target=\"_blank\" rel=\"noopener noreferrer\">WholePrey\u2122<\/a> j\u0113dziens (kop\u0113j\u0101 laup\u012bjuma). Nek\u0101du \u0101tru og\u013chidr\u0101tu, piem\u0113ram, r\u012bsu, tapiokas vai kartupe\u013cu. Izgatavots godalgot\u0101s virtuv\u0113s no Kan\u0101das lab\u0101kaj\u0101m un svaig\u0101kaj\u0101m sast\u0101vda\u013c\u0101m, <a href=\"https:\/\/www.acanapetfoods.co.uk\/about-acana\/biologically-appropriate\/\" target=\"_blank\" rel=\"noopener noreferrer\">Biolo\u0123iski piem\u0113rots\u2122<\/a> Acana Sport Agility formula (biolo\u0123iski piem\u0113rota) nodro\u0161ina, ka j\u016bsu suns ir vesels, laim\u012bgs un sp\u0113c\u012bgs.<\/p>","protected":false},"excerpt":{"rendered":"<p>Nesvarbu ar \u0161uo varin\u0117ja avi\u0173 band\u0105 ar \u0161okin\u0117ja gaudydamas skraidant\u012f kamuol\u012f, sportuojantiems \u0161unims reikalinga dieta kurioje daug \u012fvairios \u0161vie\u017eios m\u0117sos, baltym\u0173 ir riebal\u0173 aktyviai veiklai ir i\u0161tvermei. \u0160tai kod\u0117l Acana Sport Agility sud\u0117tyje yra 75% m\u0117sos, \u012fskaitant ne narvuose u\u017eaugint\u0105 vi\u0161tien\u0105 ir kalakutiena, kiau\u0161inius i\u0161 prerij\u0173 \u016bki\u0173 ir laukin\u012f str\u0117liadant\u012f paltus\u0105. Viskas pristatoma \u0161vie\u017eia laikantis&#8230;<\/p>","protected":false},"featured_media":17524,"comment_status":"closed","ping_status":"closed","template":"","meta":{"_acf_changed":false,"slim_seo":{"title":"Acana Sport Agility sausas maistas \u0161unims - Zooprekes24","description":"Nesvarbu ar \u0161uo varin\u0117ja avi\u0173 band\u0105 ar \u0161okin\u0117ja gaudydamas skraidant\u012f kamuol\u012f, sportuojantiems \u0161unims reikalinga dieta kurioje daug \u012fvairios \u0161vie\u017eios m\u0117sos, bal"},"iawp_total_views":76},"product_brand":[],"product_cat":[9000,9001,9002,8999,29,31],"product_tag":[176,177,200],"class_list":{"0":"post-21772","1":"product","2":"type-product","3":"status-publish","4":"has-post-thumbnail","6":"product_cat-acana","7":"product_cat-begrudis-maistas","8":"product_cat-sausas-maistas","9":"product_cat-sunims","10":"product_cat-sunu-maistas","11":"product_cat-sunu-prekiu-gamintojai","12":"product_tag-begrudis-sunu-maistas","13":"product_tag-edalas-sunims","14":"product_tag-super-premium-maistas-sunims","15":"pa_pasaro-sudetis-darzoves","16":"pa_pasaro-sudetis-kalakutiena","17":"pa_pasaro-sudetis-kiausiniai","18":"pa_pasaro-sudetis-uogos","19":"pa_pasaro-sudetis-vaisiai","20":"pa_pasaro-sudetis-vistiena","21":"pa_pasaro-sudetis-zuvis","22":"pa_prekiu-zenklai-acana","23":"pa_suns-amzius-jauniems","24":"pa_suns-amzius-senjorams","25":"pa_suns-amzius-suaugusiems","26":"pa_suns-amzius-visiems-amziams","27":"pa_veisles-dydis-didelems-veislems","28":"pa_veisles-dydis-mazoms-veislems","29":"pa_veisles-dydis-vidutinems-veislems","30":"pa_veisles-dydis-visu-dydziu-veislems","32":"first","33":"instock","34":"featured","35":"taxable","36":"shipping-taxable","37":"purchasable","38":"product-type-variable"},"acf":[],"_links":{"self":[{"href":"https:\/\/zooprekes24.lt\/lv\/wp-json\/wp\/v2\/product\/21772","targetHints":{"allow":["GET"]}}],"collection":[{"href":"https:\/\/zooprekes24.lt\/lv\/wp-json\/wp\/v2\/product"}],"about":[{"href":"https:\/\/zooprekes24.lt\/lv\/wp-json\/wp\/v2\/types\/product"}],"replies":[{"embeddable":true,"href":"https:\/\/zooprekes24.lt\/lv\/wp-json\/wp\/v2\/comments?post=21772"}],"wp:featuredmedia":[{"embeddable":true,"href":"https:\/\/zooprekes24.lt\/lv\/wp-json\/wp\/v2\/media\/17524"}],"wp:attachment":[{"href":"https:\/\/zooprekes24.lt\/lv\/wp-json\/wp\/v2\/media?parent=21772"}],"wp:term":[{"taxonomy":"product_brand","embeddable":true,"href":"https:\/\/zooprekes24.lt\/lv\/wp-json\/wp\/v2\/product_brand?post=21772"},{"taxonomy":"product_cat","embeddable":true,"href":"https:\/\/zooprekes24.lt\/lv\/wp-json\/wp\/v2\/product_cat?post=21772"},{"taxonomy":"product_tag","embeddable":true,"href":"https:\/\/zooprekes24.lt\/lv\/wp-json\/wp\/v2\/product_tag?post=21772"}],"curies":[{"name":"wp","href":"https:\/\/api.w.org\/{rel}","templated":true}]}}