{"id":21770,"date":"2024-04-18T21:16:50","date_gmt":"2024-04-18T18:16:50","guid":{"rendered":"https:\/\/zooprekes24.lt\/produktas\/acana-puppy-large-breed-sausas-maistas\/"},"modified":"2026-02-25T13:42:49","modified_gmt":"2026-02-25T11:42:49","slug":"acana-lielu-skirnu-kucenu-sausa-bariba","status":"publish","type":"product","link":"https:\/\/zooprekes24.lt\/lv\/produktas\/acana-puppy-large-breed-sausas-maistas\/","title":{"rendered":"Acana Puppy Large Breed saus\u0101 bar\u012bba kuc\u0113niem"},"content":{"rendered":"<h3>Kai kalbama apie Acana\u00a0maist\u0105 \u0161unims, kiekvienas ingredientas yra svarbus. \u0160tai kod\u0117l\u00a0Acana Puppy Large Breed \u0161uniuk\u0173 receptas yra sukurtas siekiant maitinti vis\u0173 veisli\u0173 \u0161uniukus pagal j\u0173 prigimt\u012f.\u00a0\u0160iame recepte net 70% kokybi\u0161k\u0173 gyvulini\u0173 ingredient\u0173, toki\u0173 kaip \u0161vie\u017eia kanadieti\u0161ka vi\u0161tiena ir neapdirbtos plek\u0161n\u0117s. Gyvuliniai ingredientai taip pat subalansuoti su vaisiais, dar\u017eov\u0117mis ir \u017eolel\u0117mis, \u0161ie ingredientai sudaro apie 30%. Receptas yra specialiai sukurtas tam, kad J\u016bs\u0173 augintiniai, kurie yra dideli\u0173 veisli\u0173, b\u016bt\u0173 apr\u016bpinti baltymais ir auk\u0161\u010diausios kokyb\u0117s ingredientais, kurie yra b\u016btini geram vystymuisi. Visi naudojami produktai yra \u0161vie\u017ei bei kokybi\u0161ki.<\/h3>\n<ul>\n<li>Pirmas ingredientas recepte yra \u0161vie\u017eia kanadieti\u0161ka vi\u0161tiena. Neapdirbt\u0173 produkt\u0173 \u0161vie\u017eumas i\u0161laikomas juos liofilizuojant (d\u017eiovinant \u0161altyje).<\/li>\n<li>Receptas <a href=\"https:\/\/zooprekes24.lt\/parduotuve\/?filters=veisles-dydis[239]|suns-amzius[235]\" target=\"_blank\" rel=\"noopener\">skirtas dideli\u0173 veisli\u0173 \u0161uniukams<\/a>, kurie u\u017eaug\u0119 svers iki 25 kg ar daugiau.<\/li>\n<li>Acana Puppy Large Breed granul\u0117s yra didesnio dyd\u017eio.<\/li>\n<li>Sud\u0117tyje n\u0117ra gr\u016bdini\u0173 ingredient\u0173.<\/li>\n<li>Receptai sukurti Kanadoje.<\/li>\n<\/ul>\n<h3><span style=\"color: #000000;\">Kuo Acana maistas i\u0161skirtinis:<\/span><\/h3>\n<ul>\n<li><span style=\"color: #dd974f;\"><strong>Praturtintas gyvulin\u0117s kilm\u0117s ingredientais.<\/strong><\/span> Acana Puppy Large Breed\u00a0receptas pilnas auk\u0161tos kokyb\u0117s, gyvulin\u0117s kilm\u0117s baltym\u0173, kurios \u0161uo privalo gauti ir patenkinti jo evoliucinius poreikius.<\/li>\n<li><span style=\"color: #dd974f;\"><strong>Viso grobio (<a style=\"color: #dd974f;\" href=\"https:\/\/www.acanapetfoods.co.uk\/about-acana\/biologically-appropriate\/wholeprey-meat-ratios\/\" target=\"_blank\" rel=\"noopener\">WholePrey<\/a>) supermaistas.<\/strong><\/span> Pauk\u0161tiena, \u017euvis, organai, kremzl\u0117s ir kaulai \u2013 nat\u016bralios maistin\u0117s med\u017eiagos pateikiamos patogiausioje formoje.<\/li>\n<li><span style=\"color: #dd974f;\"><strong>\u0160vie\u017eias, neapdirbtas bei i\u0161 vietini\u0173 \u016bkinink\u0173.<\/strong><\/span> Visi receptuose naudojami ingredientai \u012f m\u016bs\u0173 virtuv\u0119 pristatomi \u0161vie\u017ei bei neapdirbti i\u0161 \u017emoni\u0173, kuriais pasitikime.<\/li>\n<li><span style=\"color: #dd974f;\"><strong>Trok\u0161tamas skonis.<\/strong><\/span> Receptas papildytas liofilizuotomis (\u0161altyje d\u017eiovintomis) kepen\u0117l\u0117mis , jog b\u016bt\u0173 i\u0161gautas dar geresnis skonis.<\/li>\n<\/ul>\n","protected":false},"excerpt":{"rendered":"<p>Kai kalbama apie Acana\u00a0maist\u0105 \u0161unims, kiekvienas ingredientas yra svarbus. \u0160tai kod\u0117l\u00a0Acana Puppy Large Breed \u0161uniuk\u0173 receptas yra sukurtas siekiant maitinti vis\u0173 veisli\u0173 \u0161uniukus pagal j\u0173 prigimt\u012f.\u00a0\u0160iame recepte net 70% kokybi\u0161k\u0173 gyvulini\u0173 ingredient\u0173, toki\u0173 kaip \u0161vie\u017eia kanadieti\u0161ka vi\u0161tiena ir neapdirbtos plek\u0161n\u0117s. Gyvuliniai ingredientai taip pat subalansuoti su vaisiais, dar\u017eov\u0117mis ir \u017eolel\u0117mis, \u0161ie ingredientai sudaro apie 30%&#8230;.<\/p>","protected":false},"featured_media":17518,"comment_status":"closed","ping_status":"closed","template":"","meta":{"_acf_changed":false,"slim_seo":{"title":"Acana Puppy Large Breed sausas maistas \u0161uniukams - Zooprekes24","description":"Acana su\u0146u bar\u012bb\u0101 katra sast\u0101vda\u013ca ir svar\u012bga. T\u0101p\u0113c Acana Puppy Large Breed Puppy recepte ir izstr\u0101d\u0101ta, lai pabarotu vi"},"iawp_total_views":114},"product_brand":[],"product_cat":[9000,9001,9002,8999,29,31],"product_tag":[175,176,177],"class_list":{"0":"post-21770","1":"product","2":"type-product","3":"status-publish","4":"has-post-thumbnail","6":"product_cat-acana","7":"product_cat-begrudis-maistas","8":"product_cat-sausas-maistas","9":"product_cat-sunims","10":"product_cat-sunu-maistas","11":"product_cat-sunu-prekiu-gamintojai","12":"product_tag-begrudis-maistas-sunims","13":"product_tag-begrudis-sunu-maistas","14":"product_tag-edalas-sunims","15":"pa_pasaro-sudetis-darzoves","16":"pa_pasaro-sudetis-kiausiniai","17":"pa_pasaro-sudetis-uogos","18":"pa_pasaro-sudetis-vaisiai","19":"pa_pasaro-sudetis-vistiena","20":"pa_pasaro-sudetis-zuvis","21":"pa_prekiu-zenklai-acana","22":"pa_suns-amzius-jauniems","23":"pa_veisles-dydis-didelems-veislems","25":"first","26":"instock","27":"featured","28":"taxable","29":"shipping-taxable","30":"purchasable","31":"product-type-variable"},"acf":[],"_links":{"self":[{"href":"https:\/\/zooprekes24.lt\/lv\/wp-json\/wp\/v2\/product\/21770","targetHints":{"allow":["GET"]}}],"collection":[{"href":"https:\/\/zooprekes24.lt\/lv\/wp-json\/wp\/v2\/product"}],"about":[{"href":"https:\/\/zooprekes24.lt\/lv\/wp-json\/wp\/v2\/types\/product"}],"replies":[{"embeddable":true,"href":"https:\/\/zooprekes24.lt\/lv\/wp-json\/wp\/v2\/comments?post=21770"}],"wp:featuredmedia":[{"embeddable":true,"href":"https:\/\/zooprekes24.lt\/lv\/wp-json\/wp\/v2\/media\/17518"}],"wp:attachment":[{"href":"https:\/\/zooprekes24.lt\/lv\/wp-json\/wp\/v2\/media?parent=21770"}],"wp:term":[{"taxonomy":"product_brand","embeddable":true,"href":"https:\/\/zooprekes24.lt\/lv\/wp-json\/wp\/v2\/product_brand?post=21770"},{"taxonomy":"product_cat","embeddable":true,"href":"https:\/\/zooprekes24.lt\/lv\/wp-json\/wp\/v2\/product_cat?post=21770"},{"taxonomy":"product_tag","embeddable":true,"href":"https:\/\/zooprekes24.lt\/lv\/wp-json\/wp\/v2\/product_tag?post=21770"}],"curies":[{"name":"wp","href":"https:\/\/api.w.org\/{rel}","templated":true}]}}