{"id":55,"date":"2024-03-17T00:50:03","date_gmt":"2024-03-16T21:50:03","guid":{"rendered":"https:\/\/zooprekes24.lt\/?page_id=55"},"modified":"2024-10-14T14:38:04","modified_gmt":"2024-10-14T11:38:04","slug":"sazinieties-ar","status":"publish","type":"page","link":"https:\/\/zooprekes24.lt\/lv\/kontaktai\/","title":{"rendered":"Sazinieties ar"},"content":{"rendered":"<section class=\"l-section wpb_row us_custom_c70c97eb height_medium\"><div class=\"l-section-h i-cf\"><div class=\"g-cols vc_row via_grid cols_1 laptops-cols_inherit tablets-cols_inherit mobiles-cols_1 valign_top type_default stacking_default\"><div class=\"wpb_column vc_column_container\"><div class=\"vc_column-inner\"><div class=\"w-separator size_custom\" style=\"height:42px\"><\/div><nav class=\"g-breadcrumbs us_custom_4e7a154b separator_custom align_none\" itemscope itemtype=\"http:\/\/schema.org\/BreadcrumbList\"><div class=\"g-breadcrumbs-item\" itemscope itemprop=\"itemListElement\" itemtype=\"http:\/\/schema.org\/ListItem\"><a itemprop=\"item\" href=\"https:\/\/zooprekes24.lt\/lv\/\"><span itemprop=\"name\">Pagrindinis<\/span><\/a><meta itemprop=\"position\" content=\"1\"\/><\/div><div class=\"g-breadcrumbs-separator\">\/<\/div><div class=\"g-breadcrumbs-item\">Lapas<\/div><\/nav><div class=\"w-separator size_custom\" style=\"height:1.5vmax\"><\/div><h1 class=\"w-text us_custom_0b077e6c\"><span class=\"w-text-h\"><span class=\"w-text-value\">Kontaktai<\/span><\/span><\/h1><\/div><\/div><\/div><\/div><\/section><section class=\"l-section wpb_row height_medium\"><div class=\"l-section-h i-cf\"><div class=\"g-cols vc_row via_grid cols_3-2 laptops-cols_inherit tablets-cols_inherit mobiles-cols_1 valign_top type_default stacking_default\"><div class=\"wpb_column vc_column_container us_custom_d01c38aa type_sticky\"><div class=\"vc_column-inner\"><h3 class=\"w-text us_custom_9847ffbb\"><span class=\"w-text-h\"><span class=\"w-text-value\">Susisiekti<\/span><\/span><\/h3><div class=\"g-cols wpb_row via_grid cols_2 laptops-cols_inherit tablets-cols_inherit mobiles-cols_1 valign_top type_default stacking_default\" style=\"--columns-gap:1.3rem;\"><div class=\"wpb_column vc_column_container us_custom_18e945a3 has_bg_color\"><div class=\"vc_column-inner\"><div class=\"w-hwrapper us_custom_e6c845fb valign_top align_none\" style=\"--hwrapper-gap:0.7rem\"><div class=\"w-vwrapper align_none valign_top\" style=\"--vwrapper-gap:0rem\"><div class=\"w-text\"><span class=\"w-text-h\"><span class=\"w-text-value\">Telefonas<\/span><\/span><\/div><h5 class=\"w-text us_custom_32838f2e has_text_color\"><a href=\"tel:+370 624 00 666\" class=\"w-text-h\"><span class=\"w-text-value\">+370 624 00 666<\/span><\/a><\/h5><div class=\"w-separator size_custom\" style=\"height:0.2vmax\"><\/div><div class=\"w-text us_custom_ea2be81a\"><span class=\"w-text-h\"><span class=\"w-text-value\">(Aptarnavimas \ud83c\uddf1\ud83c\uddf9, \ud83c\uddf7\ud83c\uddfa kalbomis)<\/span><\/span><\/div><\/div><\/div><\/div><\/div><div class=\"wpb_column vc_column_container us_custom_18e945a3 has_bg_color\"><div class=\"vc_column-inner\"><div class=\"w-hwrapper us_custom_e6c845fb valign_top align_none\" style=\"--hwrapper-gap:0.7rem\"><div class=\"w-vwrapper align_none valign_top\" style=\"--vwrapper-gap:0rem\"><div class=\"w-text\"><span class=\"w-text-h\"><span class=\"w-text-value\">El.pa\u0161tas<\/span><\/span><\/div><h5 class=\"w-text us_custom_32838f2e has_text_color\"><a href=\"mailto:klientams@zooprekes24.lt\" class=\"w-text-h\"><span class=\"w-text-value\">klientams@zooprekes24.lt<\/span><\/a><\/h5><div class=\"w-separator size_custom\" style=\"height:0.2vmax\"><\/div><div class=\"w-text us_custom_ea2be81a\"><span class=\"w-text-h\"><span class=\"w-text-value\">(Aptarnavimas \ud83c\uddf1\ud83c\uddf9, \ud83c\uddf7\ud83c\uddfa, \ud83c\uddec\ud83c\udde7 kalbomis)<\/span><\/span><\/div><\/div><\/div><\/div><\/div><\/div><div class=\"w-separator size_custom\" style=\"height:3vmax\"><\/div><div class=\"g-cols wpb_row via_grid cols_2 laptops-cols_inherit tablets-cols_inherit mobiles-cols_1 valign_top type_default stacking_default\" style=\"--columns-gap:3rem;\"><div class=\"wpb_column vc_column_container\"><div class=\"vc_column-inner\"><h3 class=\"w-text us_custom_9847ffbb\"><span class=\"w-text-h\"><span class=\"w-text-value\">Kontaktin\u0117 informacija<\/span><\/span><\/h3><div class=\"w-separator size_custom\" style=\"height:0.3vmax\"><\/div><h6 class=\"w-text us_custom_7e581e4b\"><span class=\"w-text-h\"><span class=\"w-text-value\">UAB PET CURA BALTICUM<\/span><\/span><\/h6><div class=\"w-separator size_custom\" style=\"height:0.15vmax\"><\/div><div class=\"wpb_text_column\"><div class=\"wpb_wrapper\"><p><span style=\"color: #11312c;\">\u012emon\u0117s kodas:<\/span> 305730159<br \/><span style=\"color: #11312c;\">PVM kodas:<\/span> LT100014320013<br \/><span style=\"color: #11312c;\">Adresas:<\/span> <a href=\"https:\/\/maps.app.goo.gl\/ezsahRCUoAnRMvv46\" target=\"_blank\" rel=\"noopener\">\u0160e\u0161kin\u0117s g. 26, Vilnius, 07157<\/a><\/p>\n<div><span style=\"color: #11312c;\">Mob.telefonas:<\/span> <a href=\"tel:+37062400666\">+370 624 00 666<\/a><\/div>\n<div><span style=\"color: #11312c;\">El.pa\u0161tas:<\/span> <a href=\"mailto:klientams@zooprekes24.lt\">klientams@zooprekes24.lt<\/a><\/div>\n<\/div><\/div><\/div><\/div><div class=\"wpb_column vc_column_container\"><div class=\"vc_column-inner\"><h3 class=\"w-text us_custom_9847ffbb\"><span class=\"w-text-h\"><span class=\"w-text-value\">Darbo laikas<\/span><\/span><\/h3><div class=\"w-separator size_custom\" style=\"height:0.3vmax\"><\/div><div class=\"wpb_text_column\"><div class=\"wpb_wrapper\"><p><span style=\"color: #11312c;\">I-V <\/span>10:00 &#8211; 19:00 valandos<br \/><span style=\"color: #11312c;\">VI-VII<\/span> nedirbame<\/p>\n<p><span style=\"color: #11312c;\">Atvykimas:<\/span> vidinis kiemas, galin\u0117 rampa<\/p>\n<p><span style=\"color: #11312c;\">Parduotuv\u0117s\/sand\u0117lio lokacija:<\/span><br \/>\u017di\u016br\u0117ti tiksli\u0105 viet\u0105 \u017eem\u0117lapyje<\/p>\n<p>\u00a0<\/p>\n<\/div><\/div><\/div><\/div><\/div><div class=\"w-separator size_custom\" style=\"height:3vmax\"><\/div><div class=\"wpb_text_column\"><div class=\"wpb_wrapper\"><p><iframe loading=\"lazy\" style=\"border: 0;\" src=\"https:\/\/www.google.com\/maps\/embed?pb=!1m14!1m8!1m3!1d9218.518297635912!2d25.245329!3d54.71614!3m2!1i1024!2i768!4f13.1!3m3!1m2!1s0x46dd916767c9a4b9%3A0x92b62801256a45ea!2s%C5%A0e%C5%A1kin%C4%97s%20g.%2026%2C%20Vilnius%2C%2007157%20Vilniaus%20m.%20sav.%2C%20Lietuva!5e0!3m2!1slt!2sua!4v1713206559374!5m2!1slt!2sua\" width=\"741\" height=\"450\" allowfullscreen=\"allowfullscreen\"><\/iframe><\/p>\n<\/div><\/div><div class=\"w-separator size_custom\" style=\"height:3vmax\"><\/div><h3 class=\"w-text us_custom_9847ffbb\"><span class=\"w-text-h\"><span class=\"w-text-value\">Sekite mus socialiniuose tinkluose<\/span><\/span><\/h3><div class=\"w-separator size_custom\" style=\"height:0.5vmax\"><\/div><div class=\"w-hwrapper valign_top default_align_left laptops_align_left tablets_align_center mobiles_align_center\" style=\"--hwrapper-gap:0.5rem\"><div class=\"w-image us_custom_33ecfa36 has_height align_none\"><a target=\"_blank\" href=\"https:\/\/www.facebook.com\/zooprekes24.lt\/\" aria-label=\"facebook\" class=\"w-image-h\"><img decoding=\"async\" width=\"512\" height=\"512\" src=\"https:\/\/zooprekes24.lt\/wp-content\/uploads\/facebook.png\" class=\"attachment-large size-large\" alt=\"Facebook\" loading=\"lazy\" srcset=\"https:\/\/zooprekes24.lt\/wp-content\/uploads\/facebook.png 512w, https:\/\/zooprekes24.lt\/wp-content\/uploads\/facebook-300x300.png 300w, https:\/\/zooprekes24.lt\/wp-content\/uploads\/facebook-150x150.png 150w, https:\/\/zooprekes24.lt\/wp-content\/uploads\/facebook-50x50.png 50w, https:\/\/zooprekes24.lt\/wp-content\/uploads\/facebook-100x100.png 100w\" sizes=\"auto, (max-width: 512px) 100vw, 512px\" \/><\/a><\/div><div class=\"w-image us_custom_33ecfa36 has_height align_none\"><a target=\"_blank\" href=\"https:\/\/www.instagram.com\/zooprekes24.lt\/\" aria-label=\"instagram\" class=\"w-image-h\"><img decoding=\"async\" width=\"512\" height=\"512\" src=\"https:\/\/zooprekes24.lt\/wp-content\/uploads\/instagram.png\" class=\"attachment-large size-large\" alt=\"Instagram\" loading=\"lazy\" srcset=\"https:\/\/zooprekes24.lt\/wp-content\/uploads\/instagram.png 512w, https:\/\/zooprekes24.lt\/wp-content\/uploads\/instagram-300x300.png 300w, https:\/\/zooprekes24.lt\/wp-content\/uploads\/instagram-150x150.png 150w, https:\/\/zooprekes24.lt\/wp-content\/uploads\/instagram-50x50.png 50w, https:\/\/zooprekes24.lt\/wp-content\/uploads\/instagram-100x100.png 100w\" sizes=\"auto, (max-width: 512px) 100vw, 512px\" \/><\/a><\/div><\/div><div class=\"w-separator hide_on_default hide_on_laptops hide_on_tablets size_custom\" style=\"height:1.5vmax\"><\/div><\/div><\/div><div class=\"wpb_column vc_column_container type_sticky\"><div class=\"vc_column-inner\"><section class=\"l-section wpb_row us_custom_e849e195 height_medium\"><div class=\"l-section-h i-cf\"><div class=\"g-cols vc_row via_grid cols_1 laptops-cols_inherit tablets-cols_inherit mobiles-cols_1 valign_top type_default stacking_default\"><div class=\"wpb_column vc_column_container\"><div class=\"vc_column-inner\"><h3 class=\"w-text us_custom_9847ffbb\"><span class=\"w-text-h\"><span class=\"w-text-value\">Turite klausim\u0173? Klauskite!<\/span><\/span><\/h3><div class=\"wpb_text_column\"><div class=\"wpb_wrapper\"><div class=\"wpforms-container wpforms-container-full contact-form wpforms-render-modern\" id=\"wpforms-483\"><form id=\"wpforms-form-483\" class=\"wpforms-validate wpforms-form wpforms-ajax-form\" data-formid=\"483\" method=\"post\" enctype=\"multipart\/form-data\" action=\"\/lv\/wp-json\/wp\/v2\/pages\/55\" data-token=\"cbe8cee739f1360ee35b0de4c2413397\" data-token-time=\"1777763515\"><noscript class=\"wpforms-error-noscript\">Please enable JavaScript in your browser to complete this form.<\/noscript><div class=\"wpforms-hidden\" id=\"wpforms-error-noscript\">Please enable JavaScript in your browser to complete this form.<\/div><div class=\"wpforms-field-container\"><div id=\"wpforms-483-field_0-container\" class=\"wpforms-field wpforms-field-name\" data-field-id=\"0\"><label class=\"wpforms-field-label wpforms-label-hide\" for=\"wpforms-483-field_0\" aria-hidden=\"false\">Vardas <span class=\"wpforms-required-label\" aria-hidden=\"true\">*<\/span><\/label><input type=\"text\" id=\"wpforms-483-field_0\" class=\"wpforms-field-large wpforms-field-required\" name=\"wpforms[fields][0]\" placeholder=\"Vardas\" aria-errormessage=\"wpforms-483-field_0-error\" required><\/div><div id=\"wpforms-483-field_1-container\" class=\"wpforms-field wpforms-field-email\" data-field-id=\"1\"><label class=\"wpforms-field-label wpforms-label-hide\" for=\"wpforms-483-field_1\" aria-hidden=\"false\">El.pa\u0161tas <span class=\"wpforms-required-label\" aria-hidden=\"true\">*<\/span><\/label><input type=\"email\" id=\"wpforms-483-field_1\" class=\"wpforms-field-large wpforms-field-required\" name=\"wpforms[fields][1]\" placeholder=\"El. pa\u0161tas\" spellcheck=\"false\" aria-errormessage=\"wpforms-483-field_1-error\" required><\/div><div id=\"wpforms-483-field_3-container\" class=\"wpforms-field wpforms-field-phone\" data-field-id=\"3\"><label class=\"wpforms-field-label wpforms-label-hide\" for=\"wpforms-483-field_3\" aria-hidden=\"false\">Telefonas<\/label><input type=\"tel\" id=\"wpforms-483-field_3\" class=\"wpforms-field-large\" data-rule-int-phone-field=\"true\" name=\"wpforms[fields][3]\" placeholder=\"Telefonas\" aria-label=\"Telefonas\" aria-errormessage=\"wpforms-483-field_3-error\" ><\/div><div id=\"wpforms-483-field_2-container\" class=\"wpforms-field wpforms-field-textarea\" data-field-id=\"2\"><label class=\"wpforms-field-label wpforms-label-hide\" for=\"wpforms-483-field_2\" aria-hidden=\"false\">Comment or Message<\/label><textarea id=\"wpforms-483-field_2\" class=\"wpforms-field-small\" name=\"wpforms[fields][2]\" placeholder=\"\u017dinut\u0117\" aria-errormessage=\"wpforms-483-field_2-error\" ><\/textarea><\/div><\/div><!-- .wpforms-field-container --><div class=\"wpforms-recaptcha-container wpforms-is-recaptcha wpforms-is-recaptcha-type-v3\" ><input type=\"hidden\" name=\"wpforms[recaptcha]\" value=\"\"><\/div><div class=\"wpforms-submit-container\" ><input type=\"hidden\" name=\"wpforms[id]\" value=\"483\"><input type=\"hidden\" name=\"page_title\" value=\"\"><input type=\"hidden\" name=\"page_url\" value=\"https:\/\/zooprekes24.lt\/lv\/wp-json\/wp\/v2\/pages\/55\"><button type=\"submit\" name=\"wpforms[submit]\" id=\"wpforms-submit-483\" class=\"wpforms-submit\" data-alt-text=\"Siun\u010diama...\" data-submit-text=\"Si\u0173sti\" aria-live=\"assertive\" value=\"wpforms-submit\">Si\u0173sti<\/button><img loading=\"lazy\" decoding=\"async\" src=\"https:\/\/zooprekes24.lt\/wp-content\/plugins\/wpforms\/assets\/images\/submit-spin.svg\" class=\"wpforms-submit-spinner\" style=\"display: none;\" width=\"26\" height=\"26\" alt=\"Loading\"><\/div><\/form><\/div>  <!-- .wpforms-container -->\n<\/div><\/div><\/div><\/div><\/div><\/div><\/section>\n<\/div><\/div><\/div><\/div><\/section><section class=\"l-section wpb_row us_custom_4af741be height_auto width_full\"><div class=\"l-section-h i-cf\"><div class=\"g-cols vc_row via_grid cols_1 laptops-cols_inherit tablets-cols_inherit mobiles-cols_1 valign_top type_default stacking_default\"><div class=\"wpb_column vc_column_container\"><div class=\"vc_column-inner\"><section class=\"l-section wpb_row us_custom_f68f9ba1 height_auto width_full color_footer-bottom\"><div class=\"l-section-overlay\" style=\"background:rgba(4,4,4,0.15)\"><\/div><div class=\"l-section-h i-cf\"><div class=\"g-cols vc_row via_grid cols_1 laptops-cols_inherit tablets-cols_inherit mobiles-cols_1 valign_top type_default stacking_default\"><div class=\"wpb_column vc_column_container\"><div class=\"vc_column-inner\"><div class=\"g-cols wpb_row us_custom_3b5b3aac via_grid cols_2 laptops-cols_inherit tablets-cols_inherit mobiles-cols_1 valign_middle type_default stacking_default\" style=\"--columns-gap:0rem;\"><div class=\"wpb_column vc_column_container\"><div class=\"vc_column-inner\"><div class=\"w-vwrapper us_custom_f51e26ff align_none valign_top\" style=\"--vwrapper-gap:0rem\"><div class=\"w-image align_none\"><div class=\"w-image-h\"><img decoding=\"async\" width=\"1400\" height=\"400\" src=\"https:\/\/zooprekes24.lt\/wp-content\/uploads\/pic-1.png\" class=\"attachment-full size-full\" alt=\"Pic\" loading=\"lazy\" srcset=\"https:\/\/zooprekes24.lt\/wp-content\/uploads\/pic-1.png 1400w, https:\/\/zooprekes24.lt\/wp-content\/uploads\/pic-1-600x171.png 600w, https:\/\/zooprekes24.lt\/wp-content\/uploads\/pic-1-300x86.png 300w, https:\/\/zooprekes24.lt\/wp-content\/uploads\/pic-1-1024x293.png 1024w\" sizes=\"auto, (max-width: 1400px) 100vw, 1400px\" \/><\/div><\/div><div class=\"w-image align_none\"><div class=\"w-image-h\"><img decoding=\"async\" width=\"768\" height=\"219\" src=\"https:\/\/zooprekes24.lt\/wp-content\/uploads\/pic-2.png\" class=\"attachment-full size-full\" alt=\"Pic\" loading=\"lazy\" srcset=\"https:\/\/zooprekes24.lt\/wp-content\/uploads\/pic-2.png 768w, https:\/\/zooprekes24.lt\/wp-content\/uploads\/pic-2-600x171.png 600w, https:\/\/zooprekes24.lt\/wp-content\/uploads\/pic-2-300x86.png 300w\" sizes=\"auto, (max-width: 768px) 100vw, 768px\" \/><\/div><\/div><\/div><div class=\"w-vwrapper us_custom_98dfe58c align_none valign_top\" style=\"--vwrapper-gap:0.5rem\"><div class=\"wpb_text_column\"><div class=\"wpb_wrapper\"><div class=\"wpforms-container wpforms-container-full subscribe-form wpforms-render-modern\" id=\"wpforms-76\"><form id=\"wpforms-form-76\" class=\"wpforms-validate wpforms-form wpforms-ajax-form\" data-formid=\"76\" method=\"post\" enctype=\"multipart\/form-data\" action=\"\/lv\/wp-json\/wp\/v2\/pages\/55\" data-token=\"175e6e994c15444ffb3275c7cc717e75\" data-token-time=\"1777763515\"><noscript class=\"wpforms-error-noscript\">Please enable JavaScript in your browser to complete this form.<\/noscript><div class=\"wpforms-hidden\" id=\"wpforms-error-noscript\">Please enable JavaScript in your browser to complete this form.<\/div><div class=\"wpforms-field-container\"><div id=\"wpforms-76-field_2-container\" class=\"wpforms-field wpforms-field-email\" data-field-id=\"2\"><label class=\"wpforms-field-label wpforms-label-hide\" for=\"wpforms-76-field_2\" aria-hidden=\"false\">El. pa\u0161tas <span class=\"wpforms-required-label\" aria-hidden=\"true\">*<\/span><\/label><input type=\"email\" id=\"wpforms-76-field_2\" class=\"wpforms-field-large wpforms-field-required\" name=\"wpforms[fields][2]\" placeholder=\"J\u016bs\u0173 el. pa\u0161to adresas\" spellcheck=\"false\" aria-errormessage=\"wpforms-76-field_2-error\" required><\/div><\/div><!-- .wpforms-field-container --><div class=\"wpforms-recaptcha-container wpforms-is-recaptcha wpforms-is-recaptcha-type-v3\" ><input type=\"hidden\" name=\"wpforms[recaptcha]\" value=\"\"><\/div><div class=\"wpforms-submit-container\" ><input type=\"hidden\" name=\"wpforms[id]\" value=\"76\"><input type=\"hidden\" name=\"page_title\" value=\"\"><input type=\"hidden\" name=\"page_url\" value=\"https:\/\/zooprekes24.lt\/lv\/wp-json\/wp\/v2\/pages\/55\"><button type=\"submit\" name=\"wpforms[submit]\" id=\"wpforms-submit-76\" class=\"wpforms-submit\" aria-live=\"assertive\" value=\"wpforms-submit\"><\/button><img loading=\"lazy\" decoding=\"async\" src=\"https:\/\/zooprekes24.lt\/wp-content\/plugins\/wpforms\/assets\/images\/submit-spin.svg\" class=\"wpforms-submit-spinner\" style=\"display: none;\" width=\"26\" height=\"26\" alt=\"Loading\"><\/div><\/form><\/div>  <!-- .wpforms-container -->\n<\/div><\/div><div class=\"wpb_text_column us_custom_f4397b66\"><div class=\"wpb_wrapper\"><p style=\"text-align: center;\">Spustel\u0117dami mygtuk\u0105 i\u0161rei\u0161kiate nor\u0105 gauti el. lai\u0161kus apie i\u0161skirtinius pasi\u016blymus bei nuolaidas i\u0161 zooprekes24. Sutinkate su interneto naudojimo s\u0105lygomis ir privatumo bei slapuk\u0173 politik\u0105.<\/p>\n<\/div><\/div><\/div><\/div><\/div><div class=\"wpb_column vc_column_container\"><div class=\"vc_column-inner\"><\/div><\/div><\/div><\/div><\/div><\/div><\/div><\/section>\n<\/div><\/div><\/div><\/div><\/section>\n","protected":false},"excerpt":{"rendered":"","protected":false},"author":381,"featured_media":0,"parent":0,"menu_order":0,"comment_status":"closed","ping_status":"closed","template":"","meta":{"_acf_changed":false,"slim_seo":{"title":"Kontaktai - Zooprekes24","description":"Pagrindinis \/ Lapas Kontaktai Susisiekti Telefonas +370 624 00 666 (Aptarnavimas \ud83c\uddf1\ud83c\uddf9, \ud83c\uddf7\ud83c\uddfa kalbomis) El.pa\u0161tas klientams@zooprekes24.lt (Aptarnavimas \ud83c\uddf1\ud83c\uddf9, \ud83c\uddf7\ud83c\uddfa, \ud83c\uddec\ud83c\udde7 ka"},"iawp_total_views":8524,"footnotes":""},"class_list":["post-55","page","type-page","status-publish","hentry"],"acf":[],"_links":{"self":[{"href":"https:\/\/zooprekes24.lt\/lv\/wp-json\/wp\/v2\/pages\/55","targetHints":{"allow":["GET"]}}],"collection":[{"href":"https:\/\/zooprekes24.lt\/lv\/wp-json\/wp\/v2\/pages"}],"about":[{"href":"https:\/\/zooprekes24.lt\/lv\/wp-json\/wp\/v2\/types\/page"}],"author":[{"embeddable":true,"href":"https:\/\/zooprekes24.lt\/lv\/wp-json\/wp\/v2\/users\/381"}],"replies":[{"embeddable":true,"href":"https:\/\/zooprekes24.lt\/lv\/wp-json\/wp\/v2\/comments?post=55"}],"version-history":[{"count":3,"href":"https:\/\/zooprekes24.lt\/lv\/wp-json\/wp\/v2\/pages\/55\/revisions"}],"predecessor-version":[{"id":31308,"href":"https:\/\/zooprekes24.lt\/lv\/wp-json\/wp\/v2\/pages\/55\/revisions\/31308"}],"wp:attachment":[{"href":"https:\/\/zooprekes24.lt\/lv\/wp-json\/wp\/v2\/media?parent=55"}],"curies":[{"name":"wp","href":"https:\/\/api.w.org\/{rel}","templated":true}]}}