{"id":3,"date":"2024-03-13T20:23:12","date_gmt":"2024-03-13T20:23:12","guid":{"rendered":"https:\/\/zooprekes24.lt\/?page_id=3"},"modified":"2024-08-07T20:57:09","modified_gmt":"2024-08-07T17:57:09","slug":"privatuma-politika","status":"publish","type":"page","link":"https:\/\/zooprekes24.lt\/lv\/mano-paskyra\/privatumo-politika\/","title":{"rendered":"Konfidencialit\u0101tes politika"},"content":{"rendered":"<section class=\"l-section wpb_row height_medium\"><div class=\"l-section-h i-cf\"><div class=\"g-cols vc_row via_grid cols_1-4-1 laptops-cols_inherit tablets-cols_inherit mobiles-cols_1 valign_top type_default stacking_default\"><div class=\"wpb_column vc_column_container\"><div class=\"vc_column-inner\"><\/div><\/div><div class=\"wpb_column vc_column_container\"><div class=\"vc_column-inner\"><div class=\"wpb_text_column\"><div class=\"wpb_wrapper\"><h2 class=\"vc_custom_heading m-b-md align-left\" style=\"text-align: left;\"><strong>Konfidencialit\u0101tes politika<\/strong><\/h2>\n<p>&nbsp;<\/p>\n<div class=\"wpb_text_column wpb_content_element lead\">\n<div class=\"wpb_wrapper\">\n<p><b>1. ZOOPREKES24.LT VISP\u0100R\u012aGIE NOTEIKUMI<\/b><\/p>\n<\/div>\n<p>&nbsp;<\/p>\n<\/div>\n<div class=\"wpb_text_column wpb_content_element\">\n<div class=\"wpb_wrapper\">\n<p><strong>1.1.<\/strong>\u00a0\u0160ie priv\u0101tuma noteikumi un nosac\u012bjumi (\"Noteikumi\") reglament\u0113 pamatprincipus un proced\u016bras, saska\u0146\u0101 ar kur\u0101m P\u0101rdev\u0113js (\"m\u0113s\") apstr\u0101d\u0101 Pirc\u0113ju (\"j\u016bs\") personas datus interneta veikal\u0101 (\"zooprekes24.lt\").<br \/><strong>1.2.<\/strong>\u00a0J\u016bsu personas datu apstr\u0101di reglament\u0113 \u0161ie Noteikumi un nosac\u012bjumi, Lietuvas Republikas Likums par personas datu tiesisko aizsardz\u012bbu un citi ties\u012bbu akti, kas reglament\u0113 \u0161\u0101du datu v\u0101k\u0161anu.<br \/><strong>1.3.<\/strong>\u00a0M\u0113s ap\u0146emamies p\u0101rdot fizisk\u0101m person\u0101m, kuras ir vismaz 18 gadus vecas. Ja esat jaun\u0101ks par 18 gadiem, j\u016bs varat ieg\u0101d\u0101ties tikai ar vec\u0101ku vai aizbild\u0146a piekri\u0161anu.<\/p>\n<p>&nbsp;<\/p>\n<\/div>\n<\/div>\n<div class=\"wpb_text_column wpb_content_element lead\">\n<div class=\"wpb_wrapper\">\n<p><b>2. PIETEIKUMU IESNIEG\u0160ANAS NOTEIKUMI<\/b><\/p>\n<\/div>\n<p>&nbsp;<\/p>\n<\/div>\n<div class=\"wpb_text_column wpb_content_element\">\n<div class=\"wpb_wrapper\">\n<p><strong>2.1.<\/strong>\u00a0Re\u0123istr\u0101cijas veidlap\u0101 ir j\u0101sniedz piln\u012bga, piln\u012bga un pareiza inform\u0101cija par sevi. Ja re\u0123istr\u0101cijas veidlap\u0101 sniedzat neprec\u012bzu, nepatiesu vai maldino\u0161u inform\u0101ciju, mums ir ties\u012bbas atcelt j\u016bsu re\u0123istr\u0101ciju un dz\u0113st j\u016bsu datus vai ierobe\u017eot j\u016bsu piek\u013cuvi zooprekes24.lt.<br \/><strong>2.2.<\/strong>\u00a0M\u0113s atz\u012bstam un respekt\u0113jam ikvienas personas, kas apmekl\u0113 zooprekes24.lt, ties\u012bbas uz priv\u0101tumu. M\u0113s apkopojam un izmantojam personas datus (v\u0101rdu, uzv\u0101rdu, adresi, t\u0101lru\u0146a numuru, e-pasta adresi un citu re\u0123istr\u0101cijas veidlap\u0101 sniegto inform\u0101ciju), lai:<br \/><strong>a)<\/strong>\u00a0apstr\u0101d\u0101t j\u016bsu pre\u010du vai pakalpojumu pas\u016bt\u012bjumus;\u00a0<br \/><strong>b)<\/strong>\u00a0atrisin\u0101t pieg\u0101des probl\u0113mas;\u00a0<br \/><strong>c)<\/strong>\u00a0izpild\u012bt citas l\u012bgumsaist\u012bbas.<br \/><strong>2.3.<\/strong>\u00a0Personas dati tiek apstr\u0101d\u0101ti, izmantojot dro\u0161us l\u012bdzek\u013cus, kas aizsarg\u0101 tos no neat\u013cautas izn\u012bcin\u0101\u0161anas, izpau\u0161anas vai cit\u0101m nelikum\u012bg\u0101m darb\u012bb\u0101m.<br \/><strong>2.4.<\/strong>\u00a0M\u0113s varam izmantot j\u016bsu datus, kas nav personas dati, t. i., datus, kas attiecas uz j\u016bsu pirkumiem, statistikas vajadz\u012bb\u0101m. \u0160\u0101da statistikas datu v\u0101k\u0161ana ne\u013caus mums tie\u0161i vai netie\u0161i identific\u0113t j\u016bs. M\u0113s paturam ties\u012bbas nodot statistikas datus tre\u0161ai personai.<\/p>\n<p>&nbsp;<\/p>\n<\/div>\n<\/div>\n<div class=\"wpb_text_column wpb_content_element lead\">\n<div class=\"wpb_wrapper\">\n<p><b>3. PERSONAS DATU NODO\u0160ANA TRE\u0160\u0100M PERSON\u0100M<\/b><\/p>\n<\/div>\n<p>&nbsp;<\/p>\n<\/div>\n<div class=\"wpb_text_column wpb_content_element\">\n<div class=\"wpb_wrapper\">\n<p><strong>3.1.\u00a0<\/strong>Mums ir ties\u012bbas nodot inform\u0101ciju tre\u0161aj\u0101m person\u0101m tikai 2.2. punkt\u0101 noteiktajiem m\u0113r\u0137iem.<br \/><strong>3.2.\u00a0<\/strong>M\u0113s nenodosim j\u016bsu personas datus tre\u0161\u0101m person\u0101m bez j\u016bsu nep\u0101rprotamas piekri\u0161anas, iz\u0146emot Lietuvas Republikas ties\u012bbu aktos noteiktajos gad\u012bjumos.<\/p>\n<p>&nbsp;<\/p>\n<\/div>\n<\/div>\n<div class=\"wpb_text_column wpb_content_element lead\">\n<div class=\"wpb_wrapper\">\n<p><b>4. PERSONAS DATU GROZ\u012a\u0160ANA UN ATJAUNIN\u0100\u0160ANA<\/b><\/p>\n<\/div>\n<p>&nbsp;<\/p>\n<\/div>\n<div class=\"wpb_text_column wpb_content_element\">\n<div class=\"wpb_wrapper\">\n<p><strong>4.1.<\/strong>\u00a0Jums ir ties\u012bbas main\u012bt un atjaunin\u0101t pieg\u0101des veidlap\u0101 nor\u0101d\u012bto inform\u0101ciju.<br \/><strong>4.2.<\/strong>\u00a0Mums ir nepiecie\u0161ama piln\u012bga, piln\u012bga un atjaunin\u0101ta inform\u0101cija par jums, lai m\u0113s var\u0113tu efekt\u012bvi izpild\u012bt j\u016bsu pras\u012bbas un v\u0113lmes.<\/p>\n<p>&nbsp;<\/p>\n<\/div>\n<\/div>\n<div class=\"wpb_text_column wpb_content_element lead\">\n<div class=\"wpb_wrapper\">\n<p><b>5. INFORM\u0100CIJAS VAI PRAS\u012aBAS NOS\u016aT\u012a\u0160ANA<\/b><\/p>\n<\/div>\n<p>&nbsp;<\/p>\n<\/div>\n<div class=\"wpb_text_column wpb_content_element\">\n<div class=\"wpb_wrapper\">\n<p><strong>5.1.<\/strong>\u00a0Visi ar personas datu apstr\u0101di saist\u012btie pazi\u0146ojumi tiek nos\u016bt\u012bti pa e-pastu.<br \/><strong>5.2.<\/strong>\u00a0M\u0113s atbild\u0113sim t\u0101d\u0101 form\u0101, k\u0101d\u0101 esam sa\u0146\u0113mu\u0161i pazi\u0146ojumu vai pras\u012bbu.<\/p>\n<p>&nbsp;<\/p>\n<\/div>\n<\/div>\n<div class=\"wpb_text_column wpb_content_element lead\">\n<div class=\"wpb_wrapper\">\n<p><b>6. PERSONAS DATU APSTR\u0100DE<\/b><\/p>\n<\/div>\n<p>&nbsp;<\/p>\n<\/div>\n<div class=\"wpb_text_column wpb_content_element\">\n<div class=\"wpb_wrapper\">\n<p><strong>6.1.<\/strong>\u00a0J\u016bs piekr\u012btat, ka personas dati, kurus br\u012bvpr\u0101t\u012bgi sniedzat re\u0123istr\u0101cijas veidlap\u0101, tiek apstr\u0101d\u0101ti saska\u0146\u0101 ar \u0161iem noteikumiem.<\/p>\n<p>&nbsp;<\/p>\n<\/div>\n<\/div>\n<div class=\"wpb_text_column wpb_content_element lead\">\n<div class=\"wpb_wrapper\">\n<p><b>7. NOTEIKUMU GROZ\u012aJUMI<\/b><\/p>\n<\/div>\n<p>&nbsp;<\/p>\n<\/div>\n<div class=\"wpb_text_column wpb_content_element\">\n<div class=\"wpb_wrapper\">\n<p><strong><a name=\"_GoBack\"><\/a><\/strong><strong>7.1.<\/strong>\u00a0Mums ir ties\u012bbas da\u013c\u0113ji vai piln\u012bb\u0101 main\u012bt Priv\u0101tuma politiku, pazi\u0146ojot par to zooprekes24.lt t\u012bmek\u013ca vietn\u0113.<br \/><strong>7.2.<\/strong>\u00a0Ja p\u0113c \u0161o izmai\u0146u veik\u0161anas turpin\u0101siet veiksm\u012bgi izmantot zooprekes24.lt sniegtos pakalpojumus, m\u0113s autom\u0101tiski re\u0123istr\u0113sim, ka esat piekritis noteikumu izmai\u0146\u0101m.<\/p>\n<p>&nbsp;<\/p>\n<\/div>\n<\/div>\n<div class=\"wpb_text_column wpb_content_element lead\">\n<div class=\"wpb_wrapper\">\n<p><b>8. NOBEIGUMA NOTEIKUMI<\/b><\/p>\n<\/div>\n<p>&nbsp;<\/p>\n<\/div>\n<div class=\"wpb_text_column wpb_content_element\">\n<div class=\"wpb_wrapper\">\n<p><strong>8.1.<\/strong>\u00a0\u0160os konfidencialit\u0101tes noteikumus reglament\u0113 Lietuvas Republikas ties\u012bbu akti.<br \/><strong>8.2.<\/strong>\u00a0Visas domstarp\u012bbas par \u0161o noteikumu \u012bsteno\u0161anu risina sarunu ce\u013c\u0101. Ja vieno\u0161anos pan\u0101kt neizdodas, domstarp\u012bbas risina saska\u0146\u0101 ar Lietuvas Republikas ties\u012bbu aktos noteikto k\u0101rt\u012bbu.<\/p>\n<\/div>\n<\/div>\n<\/div><\/div><\/div><\/div><div class=\"wpb_column vc_column_container\"><div class=\"vc_column-inner\"><\/div><\/div><\/div><\/div><\/section>","protected":false},"excerpt":{"rendered":"","protected":false},"author":381,"featured_media":0,"parent":15,"menu_order":0,"comment_status":"closed","ping_status":"closed","template":"","meta":{"_acf_changed":false,"slim_seo":{"title":"Privatumo politika - Zooprekes24","description":"Priv\u0101tuma politika 1. ZOOPREKES24.LT VISP\u0100R\u012aGIE NOTEIKUMI 1.1."},"iawp_total_views":165,"footnotes":""},"class_list":["post-3","page","type-page","status-publish","hentry"],"acf":[],"_links":{"self":[{"href":"https:\/\/zooprekes24.lt\/lv\/wp-json\/wp\/v2\/pages\/3","targetHints":{"allow":["GET"]}}],"collection":[{"href":"https:\/\/zooprekes24.lt\/lv\/wp-json\/wp\/v2\/pages"}],"about":[{"href":"https:\/\/zooprekes24.lt\/lv\/wp-json\/wp\/v2\/types\/page"}],"author":[{"embeddable":true,"href":"https:\/\/zooprekes24.lt\/lv\/wp-json\/wp\/v2\/users\/381"}],"replies":[{"embeddable":true,"href":"https:\/\/zooprekes24.lt\/lv\/wp-json\/wp\/v2\/comments?post=3"}],"version-history":[{"count":0,"href":"https:\/\/zooprekes24.lt\/lv\/wp-json\/wp\/v2\/pages\/3\/revisions"}],"up":[{"embeddable":true,"href":"https:\/\/zooprekes24.lt\/lv\/wp-json\/wp\/v2\/pages\/15"}],"wp:attachment":[{"href":"https:\/\/zooprekes24.lt\/lv\/wp-json\/wp\/v2\/media?parent=3"}],"curies":[{"name":"wp","href":"https:\/\/api.w.org\/{rel}","templated":true}]}}