{"id":29,"date":"2024-03-15T16:34:32","date_gmt":"2024-03-15T13:34:32","guid":{"rendered":"https:\/\/zooprekes24.lt\/?page_id=29"},"modified":"2024-12-01T18:02:31","modified_gmt":"2024-12-01T16:02:31","slug":"precu-atgriesana","status":"publish","type":"page","link":"https:\/\/zooprekes24.lt\/lv\/mano-paskyra\/prekiu-grazinimas\/","title":{"rendered":"Pre\u010du atgrie\u0161ana"},"content":{"rendered":"<section class=\"l-section wpb_row height_medium\"><div class=\"l-section-h i-cf\"><div class=\"g-cols vc_row via_grid cols_1-4-1 laptops-cols_inherit tablets-cols_inherit mobiles-cols_1 valign_top type_default stacking_default\"><div class=\"wpb_column vc_column_container\"><div class=\"vc_column-inner\"><\/div><\/div><div class=\"wpb_column vc_column_container\"><div class=\"vc_column-inner\"><h2 class=\"w-text us_custom_064d3121\"><span class=\"w-text-h\"><span class=\"w-text-value\">Pre\u010du atgrie\u0161ana<\/span><\/span><\/h2><div class=\"w-separator size_custom\" style=\"height:2vmax\"><\/div><div class=\"wpb_text_column\"><div class=\"wpb_wrapper\"><h3><strong>Atgrie\u0161anas noteikumi un pirc\u0113ja ties\u012bbas<\/strong><\/h3>\n<ul>\n<li>Pirc\u0113jam ir ties\u012bbas atteikties no preces 14 dienu laik\u0101, iz\u0146emot \u0161\u0101dus gad\u012bjumus. <span style=\"text-decoration: underline;\"><span style=\"font-family: Verdana; color: #11312c;\"><a style=\"color: #11312c; text-decoration: underline;\" href=\"https:\/\/www.infolex.lt\/ta\/12755:str6.228-10\" target=\"_blank\" rel=\"noopener\">CK 6.228 (10)<\/a><\/span><\/span> panta 2. punkt\u0101 paredz\u0113tajiem iz\u0146\u0113mumiem. J\u016bs varat atgriezt preci, ja t\u0101 nav lietota, nav boj\u0101ta vai b\u016btiski izmain\u012bts t\u0101s izskats, t. i., preces vai t\u0101s iepakojuma izskats ir izmain\u012bts tikai t\u0101d\u0101 veid\u0101, kas ir nepiecie\u0161ams, lai j\u016bs var\u0113tu p\u0101rbaud\u012bt preci. Pirc\u0113jam \u0161\u012bs ties\u012bbas ir j\u0101izmanto atbild\u012bgi un ra\u017eojums(-i) ir j\u0101atgrie\u017e ori\u0123in\u0101laj\u0101 iepakojum\u0101 un lab\u0101 st\u0101vokl\u012b, ieskaitot visas ra\u017eojumam(-iem) pievienot\u0101s deta\u013cas. Pirc\u0113js ir atbild\u012bgs par jebk\u0101du pre\u010du v\u0113rt\u012bbas samazin\u0101\u0161anos, kas radusies darb\u012bbu rezult\u0101t\u0101, kuras nav nepiecie\u0161amas, lai noteiktu pre\u010du raksturu, \u012bpa\u0161\u012bbas vai darb\u012bbu.<\/li>\n<li>Ja kurjera pieg\u0101d\u0101tais s\u016bt\u012bjums ir boj\u0101ts p\u0101rvad\u0101\u0161anas laik\u0101 un tas ac\u012bmredzami ietekm\u0113 s\u016bt\u012bjuma(-u) kvalit\u0101ti, Pirc\u0113jam ir ties\u012bbas atteikties no s\u016bt\u012bjuma pieg\u0101des br\u012bd\u012b un nepie\u0146emt to, nor\u0101dot atteikuma iemeslu kurjera izsniegtaj\u0101 pie\u0146em\u0161anas dokument\u0101. Pie\u0146emot s\u016bt\u012bjumu, tiek uzskat\u012bts, ka pieg\u0101de ir veikta bez boj\u0101jumiem.<\/li>\n<\/ul>\n<h3><strong>Nosac\u012bjumi lolojumdz\u012bvnieku bar\u012bbas atdo\u0161anai<\/strong><\/h3>\n<ul>\n<li>Pamatojoties uz <span style=\"text-decoration: underline; color: #11312c;\"><span><a style=\"color: #11312c; text-decoration: underline;\" href=\"https:\/\/www.infolex.lt\/ta\/12755:str6.228-10\">CK 6.228 (10)<\/a><\/span><\/span> Saska\u0146\u0101 ar 2. panta 2. punkt\u0101 paredz\u0113tajiem iz\u0146\u0113mumiem su\u0146u vai ka\u0137u bar\u012bbu, kuras iepakojums ir atv\u0113rts, nevar atdot atpaka\u013c. Dz\u012bvnieku bar\u012bbu ar atv\u0113rtu iepakojumu var atdot atpaka\u013c tikai tad, ja konstat\u0113, ka iepakojum\u0101 eso\u0161\u0101 bar\u012bba ir nekvalitat\u012bva.<\/li>\n<\/ul>\n<h3><strong>Inform\u0113\u0161ana par v\u0113lamo atgrie\u0161anas veidu<\/strong><\/h3>\n<p><span>Pirms pre\u010du atgrie\u0161anas Pirc\u0113js <span style=\"color: #11312c;\">j\u0101izv\u0113las viena no \u0161\u0101d\u0101m metod\u0113m.<\/span>atkar\u012bb\u0101 no t\u0101, kas jums ir \u0113rt\u0101k, un inform\u0113jiet P\u0101rdev\u0113ju:<\/span><\/p>\n<ul>\n<li>Aizpildiet un iesniedziet elektronisko <span style=\"text-decoration: underline;\"><span style=\"color: #11312c; text-decoration: underline;\"><a style=\"color: #11312c; text-decoration: underline;\" href=\"https:\/\/zooprekes24.lt\/lv\/precu-atgriesanas-veidlapa\/\">Atgrie\u0161an\u0101s veidlapa<\/a><\/span><\/span>,<\/li>\n<li>Lai sa\u0146emtu inform\u0101ciju pa e-pastu: <span style=\"color: #11312c;\">klientams@zooprekes24.lt<\/span> nor\u0101dot pas\u016bt\u012bjuma numuru, atgrie\u017eam\u0101s(-o) preces(-u) nosaukumu(-us), daudzumu un citu inform\u0101ciju, kas attiecas uz P\u0101rdev\u0113ju.<\/li>\n<\/ul>\n<h3><strong>Atgriezto pre\u010du nos\u016bt\u012b\u0161ana un kompens\u0101cija<\/strong><\/h3>\n<ul>\n<li>Gad\u012bjumos, kad ir j\u0101veic atmaksa <span style=\"color: #11312c;\">kvalitat\u012bvas preces <\/span>Pirc\u0113js veic pareizu iesai\u0146o\u0161anu atgrie\u0161anai. Izmaksas, kas saist\u012btas ar s\u016bt\u012bjuma(-u) nos\u016bt\u012b\u0161anu atpaka\u013c uz pasta noda\u013cu\/kurjeru, sedz Pirc\u0113js. P\u0113c tam, kad Pirc\u0113js ir samaks\u0101jis atpaka\u013cnos\u016bt\u012b\u0161anas izmaksas, par pasta uzl\u012bmes\/kurjera izsauk\u0161anu r\u016bp\u0113jas P\u0101rdev\u0113js.<\/li>\n<li>Gad\u012bjumos, kad ir j\u0101veic atmaksa <span style=\"color: #11312c;\">zemas kvalit\u0101tes preces<\/span> Pirc\u0113js veic pareizu iesai\u0146o\u0161anu atgrie\u0161anai. Izmaksas, kas saist\u012btas ar s\u016bt\u012bjuma(-u) nos\u016bt\u012b\u0161anu atpaka\u013c uz pasta noda\u013cu\/kurjeru, sedz p\u0101rdev\u0113js. P\u0101rdev\u0113js r\u016bp\u0113jas par pasta uzl\u012bmes\/kurjera izsauk\u0161anu p\u0113c tam, kad ar Pirc\u0113ju ir saska\u0146ojis deta\u013cas.<\/li>\n<li>Ja Pirc\u0113js to pieprasa <span style=\"color: #11312c;\">var izv\u0113l\u0113ties atgriezt labas vai sliktas kvalit\u0101tes preces, izmantojot pa\u0161pieg\u0101di.<\/span> smiltis<span>darba laik\u0101:<\/span> <span style=\"color: #11312c;\">I - V<\/span> 10.00 - 19.00 <span style=\"color: #11312c;\">VI - VII<\/span> sl\u0113gts.<\/li>\n<li>Preces ir j\u0101nos\u016bta atpaka\u013c uz m\u016bsu noliktavu \u0160e\u0161kin\u0117s iel\u0101 26, Vi\u013c\u0146\u0101, izmantojot to pa\u0161u pieg\u0101des veidu k\u0101 s\u0101kotn\u0113j\u0101 s\u016bt\u012bjum\u0101 (ja vien nav pan\u0101kta cita vieno\u0161an\u0101s).<\/li>\n<li>Naudu par atgrieztaj\u0101m prec\u0113m p\u0101rskaita ar bankas p\u0101rskait\u012bjumu uz pirc\u0113ja kontu. Nauda<span style=\"color: #11312c;\"> par kvalitat\u012bv\u0101m prec\u0113m atmaks\u0101 14 dienu laik\u0101 no pre\u010du pieg\u0101des dienas P\u0101rdev\u0113jam. <\/span>Nauda<span style=\"color: #11312c;\"> kompens\u0101cija par boj\u0101t\u0101m prec\u0113m tiks atmaks\u0101ta 1-3 darba dienu laik\u0101 no pre\u010du pieg\u0101des dienas P\u0101rdev\u0113jam.<\/span><\/li>\n<li>Ja Preces defekts(-i) ir radies(-i), Pirc\u0113jam p\u0101rk\u0101pjot Preces lieto\u0161anas vai uzglab\u0101\u0161anas noteikumus, \u0161\u0101das Preces tiek uzskat\u012btas par neatgrie\u017eam\u0101m.<\/li>\n<li>Ja rodas str\u012bds par atgriezt\u0101s(-o) preces(-u) izskata izmai\u0146\u0101m vai preces(-u) boj\u0101jumiem, P\u0101rdev\u0113js un Pirc\u0113js var v\u0113rsties Valsts pat\u0113r\u0113t\u0101ju ties\u012bbu aizsardz\u012bbas dienest\u0101 un nodot preci ekspert\u012bzes veik\u0161anai. Ekspert\u012bzes izdevumus sedz vain\u012bg\u0101 puse.<\/li>\n<\/ul>\n<h3><strong>D.U.K.<\/strong><\/h3>\n<p><span style=\"color: #11312c;\"><strong>Esmu atgriezis neskartu un kvalitat\u012bvu preci noliktav\u0101 vai samaks\u0101jis atpaka\u013cnos\u016bt\u012b\u0161anas maksu un nos\u016bt\u012bjis to pa pastu\/kurjeru, kad es varu sagaid\u012bt naudas atmaksu?<\/strong><\/span><\/p>\n<p style=\"font-weight: 400;\">Naudu par atgrie\u017eamaj\u0101m kvalitat\u012bvaj\u0101m prec\u0113m p\u0101rskait\u012bs ar bankas p\u0101rskait\u012bjumu uz j\u016bsu bankas kontu 14 dienu laik\u0101 no pre\u010du pieg\u0101des dienas P\u0101rdev\u0113jam.<\/p>\n<p style=\"font-weight: 400;\"><span style=\"color: #11312c;\"><strong>Kad varu sagaid\u012bt naudas atmaksu par boj\u0101t\u0101m un boj\u0101t\u0101m prec\u0113m, kuras esmu atgriezis no noliktavas vai nos\u016bt\u012bjis pa pastu\/kurjeru?<\/strong><\/span><\/p>\n<p style=\"font-weight: 400;\">Naudu par atgrie\u017eamaj\u0101m boj\u0101taj\u0101m prec\u0113m izmaks\u0101sim ar bankas p\u0101rskait\u012bjumu uz j\u016bsu nor\u0101d\u012bto bankas kontu. <span>1-3<\/span> darba dienu laik\u0101 no pre\u010du pieg\u0101des dienas P\u0101rdev\u0113jam.<\/p>\n<p style=\"font-weight: 400;\"><span style=\"color: #11312c;\"><strong>Es nesa\u0146\u0113mu\/neatg\u0101ju sa\u0146emt visas preces, ko pas\u016bt\u012bju, kad es varu sagaid\u012bt naudas atmaksu?<\/strong><\/span><\/p>\n<p style=\"font-weight: 400;\">Nauda par j\u016bsu pas\u016bt\u012bjum\u0101 ieg\u0101d\u0101taj\u0101m, bet uz laiku izp\u0101rdotaj\u0101m un tr\u016bksto\u0161aj\u0101m prec\u0113m tiks p\u0101rskait\u012bta ar bankas p\u0101rskait\u012bjumu uz j\u016bsu nor\u0101d\u012bto bankas kontu 7 darba dienu laik\u0101 no s\u016bt\u012bjuma nos\u016bt\u012b\u0161anas dienas (pas\u016bt\u012bjuma izseko\u0161anas numur\u0101 ir nor\u0101d\u012bta diena, kad pas\u016bt\u012bjums atst\u0101ja m\u016bsu noliktavu un tika nodots kurjeram t\u0101l\u0101kai apstr\u0101dei) vai diena, kad da\u013ca no j\u016bsu pas\u016bt\u012btaj\u0101m prec\u0113m tika sa\u0146emta no m\u016bsu noliktavas.<\/p>\n<\/div><\/div><\/div><\/div><div class=\"wpb_column vc_column_container\"><div class=\"vc_column-inner\"><\/div><\/div><\/div><\/div><\/section>","protected":false},"excerpt":{"rendered":"","protected":false},"author":381,"featured_media":0,"parent":15,"menu_order":0,"comment_status":"closed","ping_status":"closed","template":"","meta":{"_acf_changed":false,"slim_seo":{"title":"Preki\u0173 gr\u0105\u017einimas - Zooprekes24","description":"Pre\u010du atgrie\u0161ana Pre\u010du atgrie\u0161anas noteikumi un pirc\u0113ja ties\u012bbas Pirc\u0113jam ir ties\u012bbas atsaukt preces 14 dienu laik\u0101, iz\u0146emot gad\u012bjumus, kas paredz\u0113ti CK 6.228. panta 10. punkta 2. apak\u0161punkt\u0101."},"iawp_total_views":410,"footnotes":""},"class_list":["post-29","page","type-page","status-publish","hentry"],"acf":[],"_links":{"self":[{"href":"https:\/\/zooprekes24.lt\/lv\/wp-json\/wp\/v2\/pages\/29","targetHints":{"allow":["GET"]}}],"collection":[{"href":"https:\/\/zooprekes24.lt\/lv\/wp-json\/wp\/v2\/pages"}],"about":[{"href":"https:\/\/zooprekes24.lt\/lv\/wp-json\/wp\/v2\/types\/page"}],"author":[{"embeddable":true,"href":"https:\/\/zooprekes24.lt\/lv\/wp-json\/wp\/v2\/users\/381"}],"replies":[{"embeddable":true,"href":"https:\/\/zooprekes24.lt\/lv\/wp-json\/wp\/v2\/comments?post=29"}],"version-history":[{"count":11,"href":"https:\/\/zooprekes24.lt\/lv\/wp-json\/wp\/v2\/pages\/29\/revisions"}],"predecessor-version":[{"id":31289,"href":"https:\/\/zooprekes24.lt\/lv\/wp-json\/wp\/v2\/pages\/29\/revisions\/31289"}],"up":[{"embeddable":true,"href":"https:\/\/zooprekes24.lt\/lv\/wp-json\/wp\/v2\/pages\/15"}],"wp:attachment":[{"href":"https:\/\/zooprekes24.lt\/lv\/wp-json\/wp\/v2\/media?parent=29"}],"curies":[{"name":"wp","href":"https:\/\/api.w.org\/{rel}","templated":true}]}}