{"id":25,"date":"2024-03-15T16:31:42","date_gmt":"2024-03-15T13:31:42","guid":{"rendered":"https:\/\/zooprekes24.lt\/?page_id=25"},"modified":"2025-09-18T16:33:38","modified_gmt":"2025-09-18T14:33:38","slug":"precu-piegade","status":"publish","type":"page","link":"https:\/\/zooprekes24.lt\/lv\/prekiu-pristatymas\/","title":{"rendered":"Pre\u010du pieg\u0101de"},"content":{"rendered":"<section class=\"l-section wpb_row height_medium\"><div class=\"l-section-h i-cf\"><div class=\"g-cols vc_row via_grid cols_1-4-1 laptops-cols_inherit tablets-cols_inherit mobiles-cols_1 valign_top type_default stacking_default\"><div class=\"wpb_column vc_column_container\"><div class=\"vc_column-inner\"><\/div><\/div><div class=\"wpb_column vc_column_container\"><div class=\"vc_column-inner\"><h2 class=\"w-text us_custom_064d3121\"><span class=\"w-text-h\"><span class=\"w-text-value\">Pre\u010du pieg\u0101de<\/span><\/span><\/h2><div class=\"w-separator size_custom\" style=\"height:2vmax\"><\/div><div class=\"wpb_text_column\"><div class=\"wpb_wrapper\"><div class=\"wpb_text_column wpb_content_element\">\n<div class=\"wpb_wrapper\">\n<p><strong>PIEG\u0100DES METODES<\/strong><\/p>\n<p><img loading=\"lazy\" decoding=\"async\" class=\"alignnone wp-image-26331\" src=\"https:\/\/zooprekes24.lt\/wp-content\/uploads\/naujas-siuntu.jpg\" width=\"400\" height=\"269\" \/><\/p>\n<p>P\u0113c apstiprin\u0101\u0161anas j\u016bsu pas\u016bt\u012bjums b\u016bs gatavs laik\u0101.\u00a0<strong>1 - 4 darba dienas<\/strong>\u00a0un nos\u016bt\u012bti uz jebkuru Lietuvas pils\u0113tu. Atkar\u012bb\u0101 no izv\u0113l\u0113t\u0101 pieg\u0101des veida m\u0113s nos\u016bt\u012bsim preci pa pastu vai ar kurjeru uz j\u016bsu m\u0101j\u0101m, biroju vai jebkuru citu jums \u0113rtu vietu. L\u016bdzu, \u0146emiet v\u0113r\u0101, ka\u00a0<strong>gan kurjerpasta, gan pasta pakalpojumu gad\u012bjum\u0101 pas\u016bt\u012bjumu var pieg\u0101d\u0101t vair\u0101kos s\u016bt\u012bjumos, ja tiek p\u0101rsniegts maksim\u0101lais daudzums.<\/strong>\u00a0<strong>30 kg<\/strong>\u00a0<strong>s\u016bt\u012bjumi<\/strong>\u00a0<strong>svars (Omniva maksim\u0101lais svars ir 25 kg) un maksim\u0101lais s\u016bt\u012bjuma izm\u0113rs:<\/strong><\/p>\n<ul>\n<li>Omniva pasta noda\u013ca: 39 cm (augstums) x 38 cm (platums) x 64 cm (dzi\u013cums)<\/li>\n<li>Venipak pasta noda\u013ca: 41 cm (augstums) x 39,5 cm (platums) x 61 cm (dzi\u013cums)<\/li>\n<\/ul>\n<p><strong>PIED\u0100V\u0100JUMS\u00a0<\/strong><strong>UZ PASTA NODA\u013bU<\/strong><\/p>\n<p><strong>1. Pieg\u0101de uz Omniva pasta noda\u013cu<\/strong><\/p>\n<p><strong><img loading=\"lazy\" decoding=\"async\" class=\"alignnone wp-image-26332\" src=\"https:\/\/zooprekes24.lt\/wp-content\/uploads\/Omniva-pastomatas.jpg\" alt=\"\" width=\"401\" height=\"265\" srcset=\"https:\/\/zooprekes24.lt\/wp-content\/uploads\/Omniva-pastomatas.jpg 1160w, https:\/\/zooprekes24.lt\/wp-content\/uploads\/Omniva-pastomatas-300x199.jpg 300w, https:\/\/zooprekes24.lt\/wp-content\/uploads\/Omniva-pastomatas-1024x678.jpg 1024w, https:\/\/zooprekes24.lt\/wp-content\/uploads\/Omniva-pastomatas-600x397.jpg 600w, https:\/\/zooprekes24.lt\/wp-content\/uploads\/Omniva-pastomatas-64x42.jpg 64w\" sizes=\"auto, (max-width: 401px) 100vw, 401px\" \/><\/strong><\/p>\n<p><strong>1.1 Pas\u016bt\u012bjumu uz pasta noda\u013cu nog\u0101d\u0101 Omniva paku dienests:\u00a0<\/strong>J\u016bsu pas\u016bt\u012bjums tiek nos\u016bt\u012bts uz j\u016bsu izv\u0113l\u0113to Omniva pasta noda\u013cu. Pieg\u0101des laiks\u00a0<strong>1 - 2 darba dienas<\/strong>\u00a0p\u0113c pre\u010du nos\u016bt\u012b\u0161anas. Kad preces tiek nog\u0101d\u0101tas pasta noda\u013c\u0101, sa\u0146\u0113m\u0113js tiek inform\u0113ts ar SMS un\/vai e-pastu. Zi\u0146ojum\u0101 b\u016bs nor\u0101d\u012bta visa nepiecie\u0161am\u0101 inform\u0101cija, lai s\u016bt\u012bjumu var\u0113tu sa\u0146emt pasta noda\u013c\u0101.\u00a0<strong>S\u016bt\u012bjumi tiek uzglab\u0101ti 7 dienas.<\/strong><\/p>\n<p><strong>1.2. Pieg\u0101des cena pieg\u0101dei uz Omniva pasta noda\u013cu:<\/strong>\u00a0Pas\u016bt\u012bjumi ar v\u0113rt\u012bbu<strong>\u00a045 Eur<\/strong>\u00a0un citi s\u016bt\u012bjumi tiek pieg\u0101d\u0101ti Omniva pasta noda\u013c\u0101s vis\u0101 Lietuv\u0101.\u00a0<strong>BEZMAKSAS<\/strong>. Pas\u016bt\u012bjumiem, kuru summa ir maz\u0101ka par 45 eiro, piem\u0113ro \u0161\u0101dus noteikumus.<strong>\u00a02,50 Eur<\/strong>\u00a0pieg\u0101des maksa par pieg\u0101di uz vis\u0101m Lietuvas Omniva pasta noda\u013c\u0101m. Pas\u016bt\u012bjumi netiek pieg\u0101d\u0101ti br\u012bvdien\u0101s un sv\u0113tku dien\u0101s.<\/p>\n<p><strong><em>* Ja pie Jums piem\u0113rot\u0101 pasta autom\u0101ta redzat uzrakstu \"REFILLED\", iesak\u0101m izv\u0113l\u0113ties citu pasta autom\u0101tu. J\u016bs varat apskat\u012bt maz\u0101k aiz\u0146emt\u0101s pasta noda\u013cas\u00a0<\/em><\/strong><strong><u><a href=\"https:\/\/www.omniva.lt\/verslo\/pastomatu_adresai\/vietos\" target=\"_blank\" rel=\"noopener\"><em>\u0161eit<\/em><\/a><\/u><\/strong><strong><em>.<\/em><\/strong><\/p>\n<p><strong>2. Pristatymas \u012f Venipak pa\u0161tomat\u0105<\/strong><\/p>\n<p><strong><img loading=\"lazy\" decoding=\"async\" class=\"alignnone wp-image-26334\" src=\"https:\/\/zooprekes24.lt\/wp-content\/uploads\/Venipak-pastomatas.png\" alt=\"\" width=\"401\" height=\"265\" srcset=\"https:\/\/zooprekes24.lt\/wp-content\/uploads\/Venipak-pastomatas.png 1160w, https:\/\/zooprekes24.lt\/wp-content\/uploads\/Venipak-pastomatas-300x199.png 300w, https:\/\/zooprekes24.lt\/wp-content\/uploads\/Venipak-pastomatas-1024x678.png 1024w, https:\/\/zooprekes24.lt\/wp-content\/uploads\/Venipak-pastomatas-600x397.png 600w, https:\/\/zooprekes24.lt\/wp-content\/uploads\/Venipak-pastomatas-64x42.png 64w\" sizes=\"auto, (max-width: 401px) 100vw, 401px\" \/><\/strong><\/p>\n<p><strong>2.1. U\u017esakym\u0105 pristato \u012f pa\u0161tomat\u0105, Venipak siunt\u0173 tarnyba: <\/strong>J\u016bsu pas\u016bt\u012bjums tiek nos\u016bt\u012bts uz j\u016bsu izv\u0113l\u0113to Venipak pasta noda\u013cu. Pieg\u0101des laiks\u00a0<strong>1 darba diena<\/strong><strong>a<\/strong>\u00a0p\u0113c pre\u010du nos\u016bt\u012b\u0161anas. Kad preces tiek nog\u0101d\u0101tas pasta noda\u013c\u0101, sa\u0146\u0113m\u0113js tiek inform\u0113ts ar SMS. Zi\u0146ul\u0113 b\u016bs nor\u0101d\u012bta visa nepiecie\u0161am\u0101 inform\u0101cija, lai s\u016bt\u012bjumu var\u0113tu sa\u0146emt pasta noda\u013c\u0101.\u00a0<strong>S\u016bt\u012bjumi tiek uzglab\u0101ti 7 darba dienas.<\/strong><\/p>\n<p><strong>2.2. Pristatymo kaina pristatant \u012f Venipak pa\u0161tomat\u0105:<\/strong>\u00a0Pas\u016bt\u012bjumi ar v\u0113rt\u012bbu<strong>\u00a045 Eur<\/strong>\u00a0un daudz ko citu, pieg\u0101d\u0101 Venipak pasta noda\u013c\u0101s vis\u0101 Lietuv\u0101.\u00a0<strong>BEZMAKSAS<\/strong>. Pas\u016bt\u012bjumiem, kuru summa ir maz\u0101ka par 45 eiro, piem\u0113ro \u0161\u0101dus noteikumus.<strong>\u00a02,30 Eur<\/strong>\u00a0pieg\u0101des maksa par pieg\u0101di uz vis\u0101m Venipak pasta noda\u013c\u0101m Lietuv\u0101. Pieg\u0101de tiek veikta no pirmdienas l\u012bdz piektdienai no plkst. 8.00 l\u012bdz 17.00. Sestdien\u0101s pieg\u0101des tiek veiktas tikai liel\u0101kaj\u0101s Lietuvas pils\u0113t\u0101s - Vi\u013c\u0146\u0101, Kau\u0146\u0101, Klaip\u0113d\u0101, \u0160au\u013cos, Panev\u0113\u017e\u0101 un Al\u012bt\u0101. Valsts sv\u0113tku dien\u0101s pas\u016bt\u012bjumi netiek pieg\u0101d\u0101ti.<\/p>\n<p><strong>PIED\u0100V\u0100JUMS\u00a0<\/strong><strong>V\u0112RT\u012aBA<\/strong><\/p>\n<p><strong>1. Pieg\u0101de uz m\u0101j\u0101m vis\u0101 Lietuv\u0101, izmantojot Venipak kurjeru<\/strong><\/p>\n<p><strong><img loading=\"lazy\" decoding=\"async\" class=\"alignnone wp-image-26335\" src=\"https:\/\/zooprekes24.lt\/wp-content\/uploads\/Venipak-kurjeris.png\" alt=\"\" width=\"401\" height=\"265\" srcset=\"https:\/\/zooprekes24.lt\/wp-content\/uploads\/Venipak-kurjeris.png 1160w, https:\/\/zooprekes24.lt\/wp-content\/uploads\/Venipak-kurjeris-300x199.png 300w, https:\/\/zooprekes24.lt\/wp-content\/uploads\/Venipak-kurjeris-1024x678.png 1024w, https:\/\/zooprekes24.lt\/wp-content\/uploads\/Venipak-kurjeris-600x397.png 600w, https:\/\/zooprekes24.lt\/wp-content\/uploads\/Venipak-kurjeris-64x42.png 64w\" sizes=\"auto, (max-width: 401px) 100vw, 401px\" \/><\/strong><\/p>\n<p><strong>1.1.<\/strong>\u00a0<strong>J\u016bsu pas\u016bt\u012bjumu vis\u0101 Lietuv\u0101 pieg\u0101d\u0101s Venipak kurjerpasts:<\/strong>\u00a0Preces tiek pieg\u0101d\u0101tas uz j\u016bsu m\u0101j\u0101m, biroju vai citu vietu katru darba dienu no plkst. 8:00 l\u012bdz 17:00. Pieg\u0101des laiks\u00a0<strong>1 - 2 darba dienas<\/strong>\u00a0p\u0113c pre\u010du nos\u016bt\u012b\u0161anas. Kurjers sazin\u0101sies ar jums pa j\u016bsu nor\u0101d\u012bto kontaktt\u0101lruni un br\u012bdin\u0101s j\u016bs par savu iera\u0161anos pirms pre\u010du pieg\u0101des. Ja klientam tas ir \u0113rt\u0101k, kurjers var pied\u0101v\u0101t atst\u0101t preces tuv\u0101kaj\u0101 Venipak pasta noda\u013c\u0101 vai sa\u0146em\u0161anas punkt\u0101. Ja vien nav pan\u0101kta cita vieno\u0161an\u0101s, pas\u016bt\u012bt\u0101s preces tiks nodotas tikai personai, kas t\u0101s pas\u016bt\u012bjusi. Pirms s\u016bt\u012bjuma pie\u0146em\u0161anas p\u0101rbaudiet t\u0101 st\u0101vokli (s\u016bt\u012bjums nedr\u012bkst b\u016bt atv\u0113rts, sapl\u0113sts vai cit\u0101di boj\u0101ts). Ja iepakojums ir boj\u0101ts, l\u016bdzu, nekav\u0113joties pazi\u0146ojiet par to kurjeram, nepie\u0146emiet s\u016bt\u012bjumu un zi\u0146ojiet par to mums pa t\u0101lruni +37062400666. Ja j\u016bs pie\u0146emat boj\u0101tu s\u016bt\u012bjumu un to nepaman\u0101t, tas tiks uzskat\u012bts par pieg\u0101d\u0101tu bez boj\u0101jumiem.<\/p>\n<p><strong>1.2. pieg\u0101des cena Venipak paku pieg\u0101des kurjerpastam:<\/strong>\u00a0Pas\u016bt\u012bjumi ar v\u0113rt\u012bbu\u00a0<strong>99 Eur<\/strong>\u00a0un daudz ko citu, kas tiek pieg\u0101d\u0101ts vis\u0101 Lietuv\u0101\u00a0<strong>BEZMAKSAS<\/strong>iz\u0146emot Kur\u0161u k\u0101pu. Pas\u016bt\u012bjumiem, kuru summa ir maz\u0101ka par 99 EUR, piem\u0113ro \u0161\u0101dus noteikumus.\u00a0<strong>4,50 Eur<\/strong>\u00a0pieg\u0101des maksa vis\u0101 Lietuv\u0101, iz\u0146emot Kur\u0161u k\u0101pu. Pas\u016bt\u012bjumi netiek pieg\u0101d\u0101ti br\u012bvdien\u0101s un sv\u0113tku dien\u0101s.<\/p>\n<p><strong><em>SVAR\u012aGI! Pieg\u0101des aizkav\u0113\u0161anos var izrais\u012bt neparedz\u0113ti apst\u0101k\u013ci, piem\u0113ram, palielin\u0101ts s\u016bt\u012bjumu apjoms rekl\u0101mas periodos, sv\u0113tku periodi (\u012bpa\u0161i Ziemassv\u0113tki un Jaunais gads), p\u0101rvad\u0101t\u0101ja lo\u0123istikas k\u013c\u016bdas, nepareiza nos\u016bt\u012b\u0161anas inform\u0101cija utt.<\/em><\/strong><\/p>\n<p><strong><em>Ja paman\u0101t, ka pieg\u0101des inform\u0101cij\u0101 ir pie\u013cauta k\u013c\u016bda, l\u016bdzu, p\u0113c iesp\u0113jas \u0101tr\u0101k inform\u0113jiet m\u016bs par to, zvanot Klientu apkalpo\u0161anas dienestam pa t\u0101lruni +37062400666 vai s\u016btot e-pastu uz klientams@zooprekes24.lt.<\/em><\/strong><\/p>\n<p><strong>IZ\u0145EM\u0160ANAS METODES<\/strong><\/p>\n<p>M\u0113s sagatavosim j\u016bsu pas\u016bt\u012bjumu sa\u0146em\u0161anai no m\u016bsu noliktavas.\u00a0<strong>Vi\u013c\u0146a<\/strong>\u00a0\u0160e\u0161kin\u0117s iel\u0101 26 (iek\u0161pagalms, aizmugures rampa pa labi)\u00a0<strong><a href=\"https:\/\/goo.gl\/maps\/AEN1P6UvTFMw1ynd6\" target=\"_blank\" rel=\"noopener\">skat\u012bt kart\u0113<\/a><\/strong>, noliktavas darba laiks: I-V: 10:00 - 19:00,\u00a0<strong>VI-VII: Sl\u0113gts\u00a0<\/strong>L\u016bdzu, \u0146emiet v\u0113r\u0101, ka valsts sv\u0113tku dien\u0101s noliktava ir sl\u0113gta. Lai iepaz\u012btos ar sl\u0113gto dienu sarakstu, l\u016bdzu, skatiet\u00a0<strong><u><a href=\"https:\/\/day.lt\/sventes\/nedarbo\" target=\"_blank\" rel=\"noopener\">\u0161eit<\/a><\/u>.<\/strong><\/p>\n<p><strong>1. Sav\u0101k\u0161ana no noliktavas<\/strong><\/p>\n<p><img loading=\"lazy\" decoding=\"async\" class=\"alignnone wp-image-26336\" src=\"https:\/\/zooprekes24.lt\/wp-content\/uploads\/Siunta-atsiemimui.png\" alt=\"\" width=\"401\" height=\"267\" srcset=\"https:\/\/zooprekes24.lt\/wp-content\/uploads\/Siunta-atsiemimui.png 1160w, https:\/\/zooprekes24.lt\/wp-content\/uploads\/Siunta-atsiemimui-300x200.png 300w, https:\/\/zooprekes24.lt\/wp-content\/uploads\/Siunta-atsiemimui-1024x683.png 1024w, https:\/\/zooprekes24.lt\/wp-content\/uploads\/Siunta-atsiemimui-600x400.png 600w, https:\/\/zooprekes24.lt\/wp-content\/uploads\/Siunta-atsiemimui-64x43.png 64w\" sizes=\"auto, (max-width: 401px) 100vw, 401px\" \/><\/p>\n<p>Pas\u016bt\u012bjumu sa\u0146em\u0161ana ZOOPREKES24 noliktav\u0101 ir<strong>BEZMAKSAS<\/strong>. Produkti\u00a0<strong>gatavs sa\u0146em\u0161anai 2 - 5 darba dienu laik\u0101<\/strong>\u00a0un tiek uzglab\u0101ti 7 kalend\u0101r\u0101s dienas no br\u012b\u017ea, kad sa\u0146emat apstiprin\u0101juma \u012bszi\u0146u, ka prece ir gatava sa\u0146em\u0161anai. Preces var sa\u0146emt ar\u012b cita persona, nevis persona, kas veikusi pas\u016bt\u012bjumu. Sav\u0101k\u0161anas laik\u0101 jums b\u016bs j\u0101nor\u0101da pas\u016bt\u012bjuma numurs un t\u0101s personas v\u0101rds un uzv\u0101rds, kura pas\u016bt\u012bja preci. Pre\u010du sa\u0146em\u0161ana ir iesp\u0113jama tikai tad, ja esat iepriek\u0161 samaks\u0101jis par preci interneta veikal\u0101.<\/p>\n<p><strong>1.1 Kad es varu atsaukt savu pas\u016bt\u012bjumu?<\/strong><\/p>\n<p>J\u016bs varat ierasties sa\u0146emt pas\u016bt\u012bjumu tikai p\u0113c tam, kad esat sa\u0146\u0113mis \u012bszi\u0146u, ka pas\u016bt\u012bjums ir gatavs sa\u0146em\u0161anai. J\u016bs varat sa\u0146emt savu pas\u016bt\u012bjumu 7 kalend\u0101ro dienu laik\u0101 p\u0113c \u012bszi\u0146as sa\u0146em\u0161anas.<\/p>\n<p><strong>1.2. K\u0101 mani inform\u0113s, kad mans pas\u016bt\u012bjums b\u016bs gatavs?<\/strong><\/p>\n<p>M\u0113s j\u016bs inform\u0113sim ar SMS, kad j\u016bsu pas\u016bt\u012bjums b\u016bs gatavs sa\u0146em\u0161anai.\u00a0<strong>Ja j\u016bs nesa\u0146emsiet \u012bszi\u0146u un ierad\u012bsieties noliktav\u0101 agr\u0101k, j\u016bsu pas\u016bt\u012bjums neb\u016bs gatavs un j\u016bs nevar\u0113siet to sa\u0146emt.<\/strong><\/p>\n<p><strong>1.3 Cik ilg\u0101 laik\u0101 man ir j\u0101ierodas, lai sa\u0146emtu savu pas\u016bt\u012bjumu?<\/strong><\/p>\n<p>Pas\u016btiet no\u00a0<strong>j\u0101sav\u0101c 7 kalend\u0101ro dienu laik\u0101<\/strong>\u00a0no SMS sa\u0146em\u0161anas. Ja pas\u016bt\u012bjums netiks sa\u0146emts noteiktaj\u0101 termi\u0146\u0101, pas\u016bt\u012bjums tiks anul\u0113ts un pas\u016bt\u012bt\u0101s preces tiks atgrieztas atpaka\u013c plaukt\u0101. Pas\u016bt\u012bjumu no ZOOPREKES24 noliktavas var sa\u0146emt tikai noliktavas darba laik\u0101. Darba laiku var atrast\u00a0<strong><u><a href=\"https:\/\/zooprekes24.lt\/lv\/sazinieties-ar\/\">\u0161eit<\/a><\/u>.\u00a0<\/strong><\/p>\n<\/div>\n<\/div>\n<\/div><\/div><\/div><\/div><div class=\"wpb_column vc_column_container\"><div class=\"vc_column-inner\"><\/div><\/div><\/div><\/div><\/section>","protected":false},"excerpt":{"rendered":"","protected":false},"author":381,"featured_media":0,"parent":0,"menu_order":0,"comment_status":"closed","ping_status":"closed","template":"","meta":{"_acf_changed":false,"slim_seo":{"title":"Preki\u0173 pristatymas - Zooprekes24","description":"Pieg\u0101de PIEG\u0100DES VEIDI P\u0113c pas\u016bt\u012bjuma apstiprin\u0101\u0161anas m\u0113s sagatavosim to 1 - 4 darba dienu laik\u0101 un nos\u016bt\u012bsim to uz jebkuru Lietuvas pils\u0113tu. M\u0113s nos\u016bt\u0101m preces uz p"},"iawp_total_views":4369,"footnotes":""},"class_list":["post-25","page","type-page","status-publish","hentry"],"acf":[],"_links":{"self":[{"href":"https:\/\/zooprekes24.lt\/lv\/wp-json\/wp\/v2\/pages\/25","targetHints":{"allow":["GET"]}}],"collection":[{"href":"https:\/\/zooprekes24.lt\/lv\/wp-json\/wp\/v2\/pages"}],"about":[{"href":"https:\/\/zooprekes24.lt\/lv\/wp-json\/wp\/v2\/types\/page"}],"author":[{"embeddable":true,"href":"https:\/\/zooprekes24.lt\/lv\/wp-json\/wp\/v2\/users\/381"}],"replies":[{"embeddable":true,"href":"https:\/\/zooprekes24.lt\/lv\/wp-json\/wp\/v2\/comments?post=25"}],"version-history":[{"count":2,"href":"https:\/\/zooprekes24.lt\/lv\/wp-json\/wp\/v2\/pages\/25\/revisions"}],"predecessor-version":[{"id":40564,"href":"https:\/\/zooprekes24.lt\/lv\/wp-json\/wp\/v2\/pages\/25\/revisions\/40564"}],"wp:attachment":[{"href":"https:\/\/zooprekes24.lt\/lv\/wp-json\/wp\/v2\/media?parent=25"}],"curies":[{"name":"wp","href":"https:\/\/api.w.org\/{rel}","templated":true}]}}