{"id":47279,"date":"2026-03-17T10:30:35","date_gmt":"2026-03-17T08:30:35","guid":{"rendered":"https:\/\/zooprekes24.lt\/?post_type=product&#038;p=47279"},"modified":"2026-03-23T17:05:59","modified_gmt":"2026-03-23T15:05:59","slug":"happet-coco-disc-kokoso-substratas-terariumams-ir-augalams-550g","status":"publish","type":"product","link":"https:\/\/zooprekes24.lt\/et\/produktas\/happet-coco-disc-kokoso-substratas-terariumams-ir-augalams-550g\/","title":{"rendered":"Happet Coco Disc kokoso substratas terariumams ir augalams, 550 g"},"content":{"rendered":"<ul>\n<li><span>Saugus augalams ir gyv\u016bnams.<\/span><\/li>\n<li><span>Tinkamas naudoti terariumuose.<\/span><\/li>\n<li><span>Efektyviai sugeria dr\u0117gm\u0117s pertekli\u0173.<\/span><\/li>\n<li><span>Tinkamas naudoti tiek sausas, tiek dr\u0117gnas.<\/span><\/li>\n<li><span>Lengvai paruo\u0161iamas ir naudojamas po i\u0161brinkinimo.<\/span><\/li>\n<li><span>Nepelija ir nep\u016bva &#8211; u\u017etikrina \u0161vari\u0105 ir higieni\u0161k\u0105 aplink\u0105.<\/span><\/li>\n<li>Tinkamas ropliams, varliagyviams, vabzd\u017eiams ir voragyviams.<\/li>\n<li><span>Pagamintas i\u0161 suspausto kokoso plau\u0161o &#8211; i\u0161brinksta naudojimui.<\/span><\/li>\n<li><span>Nat\u016bralus kokoso substratas &#8211; padeda palaikyti stabil\u0173 mikroklimat\u0105.<\/span><\/li>\n<\/ul>","protected":false},"excerpt":{"rendered":"<p>Saugus augalams ir gyv\u016bnams. Tinkamas naudoti terariumuose. Efektyviai sugeria dr\u0117gm\u0117s pertekli\u0173. Tinkamas naudoti tiek sausas, tiek dr\u0117gnas. Lengvai paruo\u0161iamas ir naudojamas po i\u0161brinkinimo. Nepelija ir nep\u016bva &#8211; u\u017etikrina \u0161vari\u0105 ir higieni\u0161k\u0105 aplink\u0105. Tinkamas ropliams, varliagyviams, vabzd\u017eiams ir voragyviams. Pagamintas i\u0161 suspausto kokoso plau\u0161o &#8211; i\u0161brinksta naudojimui. Nat\u016bralus kokoso substratas &#8211; padeda palaikyti stabil\u0173 mikroklimat\u0105.<\/p>","protected":false},"featured_media":47280,"comment_status":"closed","ping_status":"closed","template":"","meta":{"_acf_changed":false,"slim_seo":{"title":"Happet Coco Disc kokoso substratas terariumams ir augalams, 550 g - Zooprekes24","description":"Saugus augalams ir gyv\u016bnams. Tinkamas naudoti terariumuose. Efektyviai sugeria dr\u0117gm\u0117s pertekli\u0173. Tinkamas naudoti tiek sausas, tiek dr\u0117gnas. Lengvai paruo\u0161iama"},"iawp_total_views":1},"product_brand":[],"product_cat":[9299],"product_tag":[],"class_list":{"0":"post-47279","1":"product","2":"type-product","3":"status-publish","4":"has-post-thumbnail","6":"product_cat-grauzikams","7":"pa_prekiu-zenklai-happet","9":"first","10":"instock","11":"featured","12":"taxable","13":"shipping-taxable","14":"purchasable","15":"product-type-simple"},"acf":[],"_links":{"self":[{"href":"https:\/\/zooprekes24.lt\/et\/wp-json\/wp\/v2\/product\/47279","targetHints":{"allow":["GET"]}}],"collection":[{"href":"https:\/\/zooprekes24.lt\/et\/wp-json\/wp\/v2\/product"}],"about":[{"href":"https:\/\/zooprekes24.lt\/et\/wp-json\/wp\/v2\/types\/product"}],"replies":[{"embeddable":true,"href":"https:\/\/zooprekes24.lt\/et\/wp-json\/wp\/v2\/comments?post=47279"}],"wp:featuredmedia":[{"embeddable":true,"href":"https:\/\/zooprekes24.lt\/et\/wp-json\/wp\/v2\/media\/47280"}],"wp:attachment":[{"href":"https:\/\/zooprekes24.lt\/et\/wp-json\/wp\/v2\/media?parent=47279"}],"wp:term":[{"taxonomy":"product_brand","embeddable":true,"href":"https:\/\/zooprekes24.lt\/et\/wp-json\/wp\/v2\/product_brand?post=47279"},{"taxonomy":"product_cat","embeddable":true,"href":"https:\/\/zooprekes24.lt\/et\/wp-json\/wp\/v2\/product_cat?post=47279"},{"taxonomy":"product_tag","embeddable":true,"href":"https:\/\/zooprekes24.lt\/et\/wp-json\/wp\/v2\/product_tag?post=47279"}],"curies":[{"name":"wp","href":"https:\/\/api.w.org\/{rel}","templated":true}]}}