{"id":47277,"date":"2026-03-17T10:21:37","date_gmt":"2026-03-17T08:21:37","guid":{"rendered":"https:\/\/zooprekes24.lt\/?post_type=product&#038;p=47277"},"modified":"2026-03-23T17:05:30","modified_gmt":"2026-03-23T15:05:30","slug":"happet-coco-chip-stambios-frakcijos-kokoso-kevalo-substratas-terariumams-ir-augalams-500g","status":"publish","type":"product","link":"https:\/\/zooprekes24.lt\/et\/produktas\/happet-coco-chip-stambios-frakcijos-kokoso-kevalo-substratas-terariumams-ir-augalams-500g\/","title":{"rendered":"Happet Coco Chip stambios frakcijos kokoso kevalo substratas terariumams ir augalams, 500 g"},"content":{"rendered":"<ul>\n<li><span>Lengvai valomas ir pri\u017ei\u016brimas.<\/span><\/li>\n<li><span>Saugus gyv\u016bn\u0173 kv\u0117pavimo takams.<\/span><\/li>\n<li><span>Tinkamas terariumams ir augalams.<\/span><\/li>\n<li><span>Gali b\u016bti naudojamas tiek sausas, tiek dr\u0117gnas.<\/span><\/li>\n<li><span>Padeda palaikyti tinkam\u0105 dr\u0117gm\u0117s lyg\u012f ir mikroklimat\u0105.<\/span><\/li>\n<li><span>Nepelija ir nep\u016bva &#8211; u\u017etikrina \u0161vari\u0105 ir higieni\u0161k\u0105 aplink\u0105.<\/span><\/li>\n<li><span>Efektyviai sugeria dr\u0117gm\u0117s pertekli\u0173 ir nemalonius kvapus.<\/span><\/li>\n<li>Tinkamas ropliams, varliagyviams, vabzd\u017eiams ir voragyviams.<\/li>\n<li><span>Gali b\u016bti naudojamas mul\u010diavimui ir dirvo\u017eemio strukt\u016brai gerinti.<\/span><\/li>\n<li><span>Stambios frakcijos kokoso kevalo substratas &#8211; u\u017etikrina ger\u0105 oro cirkuliacij\u0105.<\/span><\/li>\n<\/ul>","protected":false},"excerpt":{"rendered":"<p>Lengvai valomas ir pri\u017ei\u016brimas. Saugus gyv\u016bn\u0173 kv\u0117pavimo takams. Tinkamas terariumams ir augalams. Gali b\u016bti naudojamas tiek sausas, tiek dr\u0117gnas. Padeda palaikyti tinkam\u0105 dr\u0117gm\u0117s lyg\u012f ir mikroklimat\u0105. Nepelija ir nep\u016bva &#8211; u\u017etikrina \u0161vari\u0105 ir higieni\u0161k\u0105 aplink\u0105. Efektyviai sugeria dr\u0117gm\u0117s pertekli\u0173 ir nemalonius kvapus. Tinkamas ropliams, varliagyviams, vabzd\u017eiams ir voragyviams. Gali b\u016bti naudojamas mul\u010diavimui ir dirvo\u017eemio strukt\u016brai&#8230;<\/p>","protected":false},"featured_media":47289,"comment_status":"closed","ping_status":"closed","template":"","meta":{"_acf_changed":false,"slim_seo":{"title":"Happet Coco Chip stambios frakcijos kokoso kevalo substratas terariumams ir augalams, 500 g - Zooprekes24","description":"Lengvai valomas ir pri\u017ei\u016brimas. Saugus gyv\u016bn\u0173 kv\u0117pavimo takams. Tinkamas terariumams ir augalams. Gali b\u016bti naudojamas tiek sausas, tiek dr\u0117gnas. Padeda palaiky"},"iawp_total_views":4},"product_brand":[],"product_cat":[9299],"product_tag":[],"class_list":{"0":"post-47277","1":"product","2":"type-product","3":"status-publish","4":"has-post-thumbnail","6":"product_cat-grauzikams","7":"pa_prekiu-zenklai-happet","9":"first","10":"instock","11":"featured","12":"taxable","13":"shipping-taxable","14":"purchasable","15":"product-type-simple"},"acf":[],"_links":{"self":[{"href":"https:\/\/zooprekes24.lt\/et\/wp-json\/wp\/v2\/product\/47277","targetHints":{"allow":["GET"]}}],"collection":[{"href":"https:\/\/zooprekes24.lt\/et\/wp-json\/wp\/v2\/product"}],"about":[{"href":"https:\/\/zooprekes24.lt\/et\/wp-json\/wp\/v2\/types\/product"}],"replies":[{"embeddable":true,"href":"https:\/\/zooprekes24.lt\/et\/wp-json\/wp\/v2\/comments?post=47277"}],"wp:featuredmedia":[{"embeddable":true,"href":"https:\/\/zooprekes24.lt\/et\/wp-json\/wp\/v2\/media\/47289"}],"wp:attachment":[{"href":"https:\/\/zooprekes24.lt\/et\/wp-json\/wp\/v2\/media?parent=47277"}],"wp:term":[{"taxonomy":"product_brand","embeddable":true,"href":"https:\/\/zooprekes24.lt\/et\/wp-json\/wp\/v2\/product_brand?post=47277"},{"taxonomy":"product_cat","embeddable":true,"href":"https:\/\/zooprekes24.lt\/et\/wp-json\/wp\/v2\/product_cat?post=47277"},{"taxonomy":"product_tag","embeddable":true,"href":"https:\/\/zooprekes24.lt\/et\/wp-json\/wp\/v2\/product_tag?post=47277"}],"curies":[{"name":"wp","href":"https:\/\/api.w.org\/{rel}","templated":true}]}}