{"id":47275,"date":"2026-03-17T10:06:25","date_gmt":"2026-03-17T08:06:25","guid":{"rendered":"https:\/\/zooprekes24.lt\/?post_type=product&#038;p=47275"},"modified":"2026-03-23T17:04:44","modified_gmt":"2026-03-23T15:04:44","slug":"bazyl-ag-bathing-and-care-powder-dezinfekuojanti-priemone-grauziku-kraikui-450g","status":"publish","type":"product","link":"https:\/\/zooprekes24.lt\/et\/produktas\/bazyl-ag-bathing-and-care-powder-dezinfekuojanti-priemone-grauziku-kraikui-450g\/","title":{"rendered":"Bazyl Ag+ Bathing and Care Powder dezinfekuojanti priemon\u0117 grau\u017eik\u0173 kraikui, 450 g"},"content":{"rendered":"<ul>\n<li>Dezinfekuojanti priemon\u0117, skirta pilti \u012f kraik\u0105.<\/li>\n<li>Stabdo bakterij\u0173, grybelio dauginim\u0105si ir naikina nemalon\u0173 kvap\u0105.<\/li>\n<li>I\u0161valo ir pa\u0161alina priemai\u0161as bei riebalus i\u0161 gyv\u016bno kailio.<\/li>\n<li><span>Saugi naudoti tiek \u017emon\u0117ms, tiek gyv\u016bnams.<\/span><\/li>\n<\/ul>","protected":false},"excerpt":{"rendered":"<p>Dezinfekuojanti priemon\u0117, skirta pilti \u012f kraik\u0105. Stabdo bakterij\u0173, grybelio dauginim\u0105si ir naikina nemalon\u0173 kvap\u0105. I\u0161valo ir pa\u0161alina priemai\u0161as bei riebalus i\u0161 gyv\u016bno kailio. Saugi naudoti tiek \u017emon\u0117ms, tiek gyv\u016bnams.<\/p>","protected":false},"featured_media":47276,"comment_status":"closed","ping_status":"closed","template":"","meta":{"_acf_changed":false,"slim_seo":{"title":"Bazyl Ag+ Bathing and Care Powder dezinfekuojanti priemon\u0117 grau\u017eik\u0173 kraikui, 450 g - Zooprekes24","description":"Dezinfekuojanti priemon\u0117, skirta pilti \u012f kraik\u0105. Stabdo bakterij\u0173, grybelio dauginim\u0105si ir naikina nemalon\u0173 kvap\u0105. I\u0161valo ir pa\u0161alina priemai\u0161as bei riebalus i\u0161"},"iawp_total_views":105},"product_brand":[],"product_cat":[9299],"product_tag":[],"class_list":{"0":"post-47275","1":"product","2":"type-product","3":"status-publish","4":"has-post-thumbnail","6":"product_cat-grauzikams","7":"pa_prekiu-zenklai-bazyl","9":"first","10":"instock","11":"featured","12":"taxable","13":"shipping-taxable","14":"purchasable","15":"product-type-simple"},"acf":[],"_links":{"self":[{"href":"https:\/\/zooprekes24.lt\/et\/wp-json\/wp\/v2\/product\/47275","targetHints":{"allow":["GET"]}}],"collection":[{"href":"https:\/\/zooprekes24.lt\/et\/wp-json\/wp\/v2\/product"}],"about":[{"href":"https:\/\/zooprekes24.lt\/et\/wp-json\/wp\/v2\/types\/product"}],"replies":[{"embeddable":true,"href":"https:\/\/zooprekes24.lt\/et\/wp-json\/wp\/v2\/comments?post=47275"}],"wp:featuredmedia":[{"embeddable":true,"href":"https:\/\/zooprekes24.lt\/et\/wp-json\/wp\/v2\/media\/47276"}],"wp:attachment":[{"href":"https:\/\/zooprekes24.lt\/et\/wp-json\/wp\/v2\/media?parent=47275"}],"wp:term":[{"taxonomy":"product_brand","embeddable":true,"href":"https:\/\/zooprekes24.lt\/et\/wp-json\/wp\/v2\/product_brand?post=47275"},{"taxonomy":"product_cat","embeddable":true,"href":"https:\/\/zooprekes24.lt\/et\/wp-json\/wp\/v2\/product_cat?post=47275"},{"taxonomy":"product_tag","embeddable":true,"href":"https:\/\/zooprekes24.lt\/et\/wp-json\/wp\/v2\/product_tag?post=47275"}],"curies":[{"name":"wp","href":"https:\/\/api.w.org\/{rel}","templated":true}]}}