{"id":47264,"date":"2026-03-17T09:37:06","date_gmt":"2026-03-17T07:37:06","guid":{"rendered":"https:\/\/zooprekes24.lt\/?post_type=product&#038;p=47264"},"modified":"2026-03-23T17:01:08","modified_gmt":"2026-03-23T15:01:08","slug":"little-one-smelis-sinsiloms-1kg","status":"publish","type":"product","link":"https:\/\/zooprekes24.lt\/et\/produktas\/little-one-smelis-sinsiloms-1kg\/","title":{"rendered":"Little One sm\u0117lis \u0161in\u0161iloms 1 kg"},"content":{"rendered":"<ul>\n<li>Mink\u0161tos sm\u0117lio granul\u0117s suteikia kailiui purumo ir blizgesio.<\/li>\n<li>Puikiai pa\u0161alina ne\u0161varumus ir riebalus.<\/li>\n<\/ul>","protected":false},"excerpt":{"rendered":"<p>Mink\u0161tos sm\u0117lio granul\u0117s suteikia kailiui purumo ir blizgesio. Puikiai pa\u0161alina ne\u0161varumus ir riebalus.<\/p>","protected":false},"featured_media":47265,"comment_status":"closed","ping_status":"closed","template":"","meta":{"_acf_changed":false,"slim_seo":{"title":"Little One sm\u0117lis \u0161in\u0161iloms 1 kg - Zooprekes24","description":"Mink\u0161tos sm\u0117lio granul\u0117s suteikia kailiui purumo ir blizgesio. Puikiai pa\u0161alina ne\u0161varumus ir riebalus."},"iawp_total_views":9},"product_brand":[],"product_cat":[9299],"product_tag":[],"class_list":{"0":"post-47264","1":"product","2":"type-product","3":"status-publish","4":"has-post-thumbnail","6":"product_cat-grauzikams","7":"pa_prekiu-zenklai-little-one","9":"first","10":"instock","11":"featured","12":"taxable","13":"shipping-taxable","14":"purchasable","15":"product-type-simple"},"acf":[],"_links":{"self":[{"href":"https:\/\/zooprekes24.lt\/et\/wp-json\/wp\/v2\/product\/47264","targetHints":{"allow":["GET"]}}],"collection":[{"href":"https:\/\/zooprekes24.lt\/et\/wp-json\/wp\/v2\/product"}],"about":[{"href":"https:\/\/zooprekes24.lt\/et\/wp-json\/wp\/v2\/types\/product"}],"replies":[{"embeddable":true,"href":"https:\/\/zooprekes24.lt\/et\/wp-json\/wp\/v2\/comments?post=47264"}],"wp:featuredmedia":[{"embeddable":true,"href":"https:\/\/zooprekes24.lt\/et\/wp-json\/wp\/v2\/media\/47265"}],"wp:attachment":[{"href":"https:\/\/zooprekes24.lt\/et\/wp-json\/wp\/v2\/media?parent=47264"}],"wp:term":[{"taxonomy":"product_brand","embeddable":true,"href":"https:\/\/zooprekes24.lt\/et\/wp-json\/wp\/v2\/product_brand?post=47264"},{"taxonomy":"product_cat","embeddable":true,"href":"https:\/\/zooprekes24.lt\/et\/wp-json\/wp\/v2\/product_cat?post=47264"},{"taxonomy":"product_tag","embeddable":true,"href":"https:\/\/zooprekes24.lt\/et\/wp-json\/wp\/v2\/product_tag?post=47264"}],"curies":[{"name":"wp","href":"https:\/\/api.w.org\/{rel}","templated":true}]}}