{"id":47262,"date":"2026-03-17T09:32:38","date_gmt":"2026-03-17T07:32:38","guid":{"rendered":"https:\/\/zooprekes24.lt\/?post_type=product&#038;p=47262"},"modified":"2026-03-23T17:00:24","modified_gmt":"2026-03-23T15:00:24","slug":"little-one-kalnu-sienas-grauzikams-su-kiaulpienemis-400g","status":"publish","type":"product","link":"https:\/\/zooprekes24.lt\/et\/produktas\/little-one-kalnu-sienas-grauzikams-su-kiaulpienemis-400g\/","title":{"rendered":"Little One kaln\u0173 \u0161ienas grau\u017eikams, su kiaulpien\u0117mis, 400 g"},"content":{"rendered":"<ul>\n<li>\u0160ienas su kiaulpien\u0117mis, naudingomis \u0161ird\u017eiai, kraujagysli\u0173 sistemai, kepenims ir inkstams.<\/li>\n<li>Nat\u016braliai u\u017eauginta ir saul\u0117je d\u017eiovinta \u017eol\u0117, puikiai tinkanti grau\u017eik\u0173 narvams.<\/li>\n<li>\u0160ienas gausus skaidul\u0173, palaikan\u010di\u0173 dant\u0173 sveikat\u0105 ir vir\u0161kinamojo trakto veikl\u0105.<\/li>\n<\/ul>","protected":false},"excerpt":{"rendered":"<p>\u0160ienas su kiaulpien\u0117mis, naudingomis \u0161ird\u017eiai, kraujagysli\u0173 sistemai, kepenims ir inkstams. Nat\u016braliai u\u017eauginta ir saul\u0117je d\u017eiovinta \u017eol\u0117, puikiai tinkanti grau\u017eik\u0173 narvams. \u0160ienas gausus skaidul\u0173, palaikan\u010di\u0173 dant\u0173 sveikat\u0105 ir vir\u0161kinamojo trakto veikl\u0105.<\/p>","protected":false},"featured_media":47263,"comment_status":"closed","ping_status":"closed","template":"","meta":{"_acf_changed":false,"slim_seo":{"title":"Little One kaln\u0173 \u0161ienas grau\u017eikams, su kiaulpien\u0117mis, 400 g - Zooprekes24","description":"\u0160ienas su kiaulpien\u0117mis, naudingomis \u0161ird\u017eiai, kraujagysli\u0173 sistemai, kepenims ir inkstams. Nat\u016braliai u\u017eauginta ir saul\u0117je d\u017eiovinta \u017eol\u0117, puikiai tinkanti gra"},"iawp_total_views":2},"product_brand":[],"product_cat":[9299],"product_tag":[],"class_list":{"0":"post-47262","1":"product","2":"type-product","3":"status-publish","4":"has-post-thumbnail","6":"product_cat-grauzikams","7":"pa_prekiu-zenklai-little-one","9":"first","10":"instock","11":"featured","12":"taxable","13":"shipping-taxable","14":"purchasable","15":"product-type-simple"},"acf":[],"_links":{"self":[{"href":"https:\/\/zooprekes24.lt\/et\/wp-json\/wp\/v2\/product\/47262","targetHints":{"allow":["GET"]}}],"collection":[{"href":"https:\/\/zooprekes24.lt\/et\/wp-json\/wp\/v2\/product"}],"about":[{"href":"https:\/\/zooprekes24.lt\/et\/wp-json\/wp\/v2\/types\/product"}],"replies":[{"embeddable":true,"href":"https:\/\/zooprekes24.lt\/et\/wp-json\/wp\/v2\/comments?post=47262"}],"wp:featuredmedia":[{"embeddable":true,"href":"https:\/\/zooprekes24.lt\/et\/wp-json\/wp\/v2\/media\/47263"}],"wp:attachment":[{"href":"https:\/\/zooprekes24.lt\/et\/wp-json\/wp\/v2\/media?parent=47262"}],"wp:term":[{"taxonomy":"product_brand","embeddable":true,"href":"https:\/\/zooprekes24.lt\/et\/wp-json\/wp\/v2\/product_brand?post=47262"},{"taxonomy":"product_cat","embeddable":true,"href":"https:\/\/zooprekes24.lt\/et\/wp-json\/wp\/v2\/product_cat?post=47262"},{"taxonomy":"product_tag","embeddable":true,"href":"https:\/\/zooprekes24.lt\/et\/wp-json\/wp\/v2\/product_tag?post=47262"}],"curies":[{"name":"wp","href":"https:\/\/api.w.org\/{rel}","templated":true}]}}