{"id":47138,"date":"2026-03-13T12:39:13","date_gmt":"2026-03-13T10:39:13","guid":{"rendered":"https:\/\/zooprekes24.lt\/?post_type=product&#038;p=47138"},"modified":"2026-03-23T16:59:20","modified_gmt":"2026-03-23T14:59:20","slug":"little-one-kalnu-sienas-grauzikams","status":"publish","type":"product","link":"https:\/\/zooprekes24.lt\/et\/produktas\/little-one-kalnu-sienas-grauzikams\/","title":{"rendered":"Little One kaln\u0173 \u0161ienas grau\u017eikams"},"content":{"rendered":"<ul>\n<li>Nat\u016braliai u\u017eauginta ir saul\u0117je d\u017eiovinta \u017eol\u0117, puikiai tinkanti grau\u017eik\u0173 narvams.<\/li>\n<li>\u0160ienas gausus skaidul\u0173, palaikan\u010di\u0173 sveik\u0105 vir\u0161kinim\u0105.<\/li>\n<\/ul>","protected":false},"excerpt":{"rendered":"<p>Nat\u016braliai u\u017eauginta ir saul\u0117je d\u017eiovinta \u017eol\u0117, puikiai tinkanti grau\u017eik\u0173 narvams. \u0160ienas gausus skaidul\u0173, palaikan\u010di\u0173 sveik\u0105 vir\u0161kinim\u0105.<\/p>","protected":false},"featured_media":47141,"comment_status":"closed","ping_status":"closed","template":"","meta":{"_acf_changed":false,"slim_seo":{"title":"Little One kaln\u0173 \u0161ienas grau\u017eikams - Zooprekes24","description":"Nat\u016braliai u\u017eauginta ir saul\u0117je d\u017eiovinta \u017eol\u0117, puikiai tinkanti grau\u017eik\u0173 narvams. \u0160ienas gausus skaidul\u0173, palaikan\u010di\u0173 sveik\u0105 vir\u0161kinim\u0105."},"iawp_total_views":4},"product_brand":[],"product_cat":[9299],"product_tag":[],"class_list":{"0":"post-47138","1":"product","2":"type-product","3":"status-publish","4":"has-post-thumbnail","6":"product_cat-grauzikams","7":"pa_prekiu-zenklai-little-one","9":"first","10":"instock","11":"featured","12":"taxable","13":"shipping-taxable","14":"purchasable","15":"product-type-variable"},"acf":[],"_links":{"self":[{"href":"https:\/\/zooprekes24.lt\/et\/wp-json\/wp\/v2\/product\/47138","targetHints":{"allow":["GET"]}}],"collection":[{"href":"https:\/\/zooprekes24.lt\/et\/wp-json\/wp\/v2\/product"}],"about":[{"href":"https:\/\/zooprekes24.lt\/et\/wp-json\/wp\/v2\/types\/product"}],"replies":[{"embeddable":true,"href":"https:\/\/zooprekes24.lt\/et\/wp-json\/wp\/v2\/comments?post=47138"}],"wp:featuredmedia":[{"embeddable":true,"href":"https:\/\/zooprekes24.lt\/et\/wp-json\/wp\/v2\/media\/47141"}],"wp:attachment":[{"href":"https:\/\/zooprekes24.lt\/et\/wp-json\/wp\/v2\/media?parent=47138"}],"wp:term":[{"taxonomy":"product_brand","embeddable":true,"href":"https:\/\/zooprekes24.lt\/et\/wp-json\/wp\/v2\/product_brand?post=47138"},{"taxonomy":"product_cat","embeddable":true,"href":"https:\/\/zooprekes24.lt\/et\/wp-json\/wp\/v2\/product_cat?post=47138"},{"taxonomy":"product_tag","embeddable":true,"href":"https:\/\/zooprekes24.lt\/et\/wp-json\/wp\/v2\/product_tag?post=47138"}],"curies":[{"name":"wp","href":"https:\/\/api.w.org\/{rel}","templated":true}]}}