{"id":47132,"date":"2026-03-13T11:24:20","date_gmt":"2026-03-13T09:24:20","guid":{"rendered":"https:\/\/zooprekes24.lt\/?post_type=product&#038;p=47132"},"modified":"2026-03-23T16:56:41","modified_gmt":"2026-03-23T14:56:41","slug":"cosypet-naturalus-medzio-granuliu-kraikas-katems-ir-grauzikams-10l","status":"publish","type":"product","link":"https:\/\/zooprekes24.lt\/et\/produktas\/cosypet-naturalus-medzio-granuliu-kraikas-katems-ir-grauzikams-10l\/","title":{"rendered":"CosyPet nat\u016bralus med\u017eio granuli\u0173 kraikas kat\u0117ms ir grau\u017eikams 10L"},"content":{"rendered":"<h3>Su\u0161okantis kraikas CosyPet yra kat\u0117ms, grau\u017eikams ir klimatui draugi\u0161kas kraikas. Tvarus produktas gaminamas i\u0161 gryno augalinio pluo\u0161to, kuris apdorojamas taip, kad susidaryt\u0173 mink\u0161tos granul\u0117s su ma\u017eai dulki\u0173. CosyPet nat\u016bralus pjuveninis kraikas malonus gyv\u016bno leten\u0117l\u0117ms, panaudotas su\u0161oka \u012f grumstelius tod\u0117l yra labai ekonomi\u0161kas. Joki\u0173 kvap\u0173, stabil\u016bs gumul\u0117liai, lengvas pa\u0161alinimas. Pagamintas Vokietijoje.<\/h3>\n<ul>\n<li>Suurep\u00e4rane niiskuse ja ebameeldivate l\u00f5hnade imendumine.<\/li>\n<li>Puitlaastude allapanu on \u00f5rn ja ei \u00e4rrita looma jalgu.<\/li>\n<li>Kraiko granul\u0117s suyra vandenyje, tod\u0117l j\u012f dr\u0105siai galima nuleisti tualete.<\/li>\n<li>Saab kompostida, kuna on 100% biolagunev.<\/li>\n<li>Pagamintas i\u0161 100 proc. nat\u016bralaus pluo\u0161to &#8211; egl\u0117s ir pu\u0161ies medienos dro\u017eli\u0173.<\/li>\n<li>Kraikas yra malonaus, nat\u016bralaus kvapo &#8211; be joki\u0173 dirbtini\u0173 aromatini\u0173 med\u017eiag\u0173.<\/li>\n<li>Skirtingai nei kit\u0173 gamintoj\u0173 produktai, \u0161is kraikas beveik nedulka ir nesukelia alergijos.<\/li>\n<\/ul>","protected":false},"excerpt":{"rendered":"<p>Su\u0161okantis kraikas CosyPet yra kat\u0117ms, grau\u017eikams ir klimatui draugi\u0161kas kraikas. Tvarus produktas gaminamas i\u0161 gryno augalinio pluo\u0161to, kuris apdorojamas taip, kad susidaryt\u0173 mink\u0161tos granul\u0117s su ma\u017eai dulki\u0173. CosyPet nat\u016bralus pjuveninis kraikas malonus gyv\u016bno leten\u0117l\u0117ms, panaudotas su\u0161oka \u012f grumstelius tod\u0117l yra labai ekonomi\u0161kas. Joki\u0173 kvap\u0173, stabil\u016bs gumul\u0117liai, lengvas pa\u0161alinimas. Pagamintas Vokietijoje. Puikiai sugeria dr\u0117gm\u0119 ir nemalonius&#8230;<\/p>","protected":false},"featured_media":47086,"comment_status":"closed","ping_status":"closed","template":"","meta":{"_acf_changed":false,"slim_seo":{"title":"CosyPet nat\u016bralus med\u017eio granuli\u0173 kraikas kat\u0117ms ir grau\u017eikams 10L - Zooprekes24","description":"Su\u0161okantis kraikas CosyPet yra kat\u0117ms, grau\u017eikams ir klimatui draugi\u0161kas kraikas. Tvarus produktas gaminamas i\u0161 gryno augalinio pluo\u0161to, kuris apdorojamas taip,"},"iawp_total_views":248},"product_brand":[],"product_cat":[9299,78,25,9009],"product_tag":[1940],"class_list":{"0":"post-47132","1":"product","2":"type-product","3":"status-publish","4":"has-post-thumbnail","6":"product_cat-grauzikams","7":"product_cat-higiena-ir-prieziura-katems","8":"product_cat-katems","9":"product_cat-kraikas","10":"product_tag-naturalus-kraikas-katems","11":"pa_kraiko-rusis-medzio-drozles","12":"pa_prekiu-zenklai-cosypet","14":"first","15":"instock","16":"featured","17":"taxable","18":"shipping-taxable","19":"purchasable","20":"product-type-simple"},"acf":[],"_links":{"self":[{"href":"https:\/\/zooprekes24.lt\/et\/wp-json\/wp\/v2\/product\/47132","targetHints":{"allow":["GET"]}}],"collection":[{"href":"https:\/\/zooprekes24.lt\/et\/wp-json\/wp\/v2\/product"}],"about":[{"href":"https:\/\/zooprekes24.lt\/et\/wp-json\/wp\/v2\/types\/product"}],"replies":[{"embeddable":true,"href":"https:\/\/zooprekes24.lt\/et\/wp-json\/wp\/v2\/comments?post=47132"}],"wp:featuredmedia":[{"embeddable":true,"href":"https:\/\/zooprekes24.lt\/et\/wp-json\/wp\/v2\/media\/47086"}],"wp:attachment":[{"href":"https:\/\/zooprekes24.lt\/et\/wp-json\/wp\/v2\/media?parent=47132"}],"wp:term":[{"taxonomy":"product_brand","embeddable":true,"href":"https:\/\/zooprekes24.lt\/et\/wp-json\/wp\/v2\/product_brand?post=47132"},{"taxonomy":"product_cat","embeddable":true,"href":"https:\/\/zooprekes24.lt\/et\/wp-json\/wp\/v2\/product_cat?post=47132"},{"taxonomy":"product_tag","embeddable":true,"href":"https:\/\/zooprekes24.lt\/et\/wp-json\/wp\/v2\/product_tag?post=47132"}],"curies":[{"name":"wp","href":"https:\/\/api.w.org\/{rel}","templated":true}]}}