{"id":47122,"date":"2026-03-13T10:57:54","date_gmt":"2026-03-13T08:57:54","guid":{"rendered":"https:\/\/zooprekes24.lt\/?post_type=product&#038;p=47122"},"modified":"2026-03-23T13:52:53","modified_gmt":"2026-03-23T11:52:53","slug":"comfy-cornelius-petit-kukuruzu-granuliu-kraikas-grauzikams-ir-pauksciams-su-laukiniu-braskiu-aromatu-7l","status":"publish","type":"product","link":"https:\/\/zooprekes24.lt\/et\/produktas\/comfy-cornelius-petit-kukuruzu-granuliu-kraikas-grauzikams-ir-pauksciams-su-laukiniu-braskiu-aromatu-7l\/","title":{"rendered":"Comfy Cornelius Petit kukur\u016bz\u0173 granuli\u0173 kraikas grau\u017eikams ir pauk\u0161\u010diams, su laukini\u0173 bra\u0161ki\u0173 aromatu, 7L"},"content":{"rendered":"<ul>\n<li>Nat\u016bralus, biologi\u0161kai skaidus ir tinkamas kompostuoti.<\/li>\n<li>Nesukelia alergijos ir nedulka.<\/li>\n<li>Efektyviai sugeria dr\u0117gm\u0119 ir kvapus.<\/li>\n<li>Itin \u0161velnus smulki\u0173 augintini\u0173 kojoms.<\/li>\n<li>\u0160velnaus bra\u0161ki\u0173 aromato.<\/li>\n<\/ul>","protected":false},"excerpt":{"rendered":"<p>Nat\u016bralus, biologi\u0161kai skaidus ir tinkamas kompostuoti. Nesukelia alergijos ir nedulka. Efektyviai sugeria dr\u0117gm\u0119 ir kvapus. Itin \u0161velnus smulki\u0173 augintini\u0173 kojoms. \u0160velnaus bra\u0161ki\u0173 aromato.<\/p>","protected":false},"featured_media":47123,"comment_status":"closed","ping_status":"closed","template":"","meta":{"_acf_changed":false,"slim_seo":{"title":"Comfy Cornelius Petit kukur\u016bz\u0173 granuli\u0173 kraikas grau\u017eikams ir pauk\u0161\u010diams, su laukini\u0173 bra\u0161ki\u0173 aromatu, 7L - Zooprekes24","description":"Nat\u016bralus, biologi\u0161kai skaidus ir tinkamas kompostuoti. Nesukelia alergijos ir nedulka. Efektyviai sugeria dr\u0117gm\u0119 ir kvapus. Itin \u0161velnus smulki\u0173 augintini\u0173 koj"},"iawp_total_views":3},"product_brand":[],"product_cat":[9299,9279],"product_tag":[],"class_list":{"0":"post-47122","1":"product","2":"type-product","3":"status-publish","4":"has-post-thumbnail","6":"product_cat-grauzikams","7":"product_cat-pauksciams","8":"pa_kraiko-rusis-kukuruzu-granules","9":"pa_prekiu-zenklai-comfy","11":"first","12":"instock","13":"featured","14":"taxable","15":"shipping-taxable","16":"purchasable","17":"product-type-simple"},"acf":[],"_links":{"self":[{"href":"https:\/\/zooprekes24.lt\/et\/wp-json\/wp\/v2\/product\/47122","targetHints":{"allow":["GET"]}}],"collection":[{"href":"https:\/\/zooprekes24.lt\/et\/wp-json\/wp\/v2\/product"}],"about":[{"href":"https:\/\/zooprekes24.lt\/et\/wp-json\/wp\/v2\/types\/product"}],"replies":[{"embeddable":true,"href":"https:\/\/zooprekes24.lt\/et\/wp-json\/wp\/v2\/comments?post=47122"}],"wp:featuredmedia":[{"embeddable":true,"href":"https:\/\/zooprekes24.lt\/et\/wp-json\/wp\/v2\/media\/47123"}],"wp:attachment":[{"href":"https:\/\/zooprekes24.lt\/et\/wp-json\/wp\/v2\/media?parent=47122"}],"wp:term":[{"taxonomy":"product_brand","embeddable":true,"href":"https:\/\/zooprekes24.lt\/et\/wp-json\/wp\/v2\/product_brand?post=47122"},{"taxonomy":"product_cat","embeddable":true,"href":"https:\/\/zooprekes24.lt\/et\/wp-json\/wp\/v2\/product_cat?post=47122"},{"taxonomy":"product_tag","embeddable":true,"href":"https:\/\/zooprekes24.lt\/et\/wp-json\/wp\/v2\/product_tag?post=47122"}],"curies":[{"name":"wp","href":"https:\/\/api.w.org\/{rel}","templated":true}]}}