{"id":47094,"date":"2026-03-12T11:08:51","date_gmt":"2026-03-12T09:08:51","guid":{"rendered":"https:\/\/zooprekes24.lt\/?post_type=product&#038;p=47094"},"modified":"2026-03-23T13:46:40","modified_gmt":"2026-03-23T11:46:40","slug":"comfy-pinokio-naturalus-pjuveninis-kraikas-kaciukams-7l","status":"publish","type":"product","link":"https:\/\/zooprekes24.lt\/et\/produktas\/comfy-pinokio-naturalus-pjuveninis-kraikas-kaciukams-7l\/","title":{"rendered":"Comfy Pinokio nat\u016bralus pjuveninis kraikas ka\u010diukams 7L"},"content":{"rendered":"<ul>\n<li>Nat\u016bralus ir biologi\u0161kai skaidus kraikas, tinkantis kompostuoti.<\/li>\n<li>Nedulka ir nekimba prie leten\u0117li\u0173.<\/li>\n<li>Efektyviai sugeria dr\u0117gm\u0119 ir kvapus.<\/li>\n<li>Pagamintas i\u0161 nat\u016bralios pu\u0161\u0173 ir egli\u0173 medienos.<\/li>\n<li>Malonaus medienos aromato.<\/li>\n<\/ul>","protected":false},"excerpt":{"rendered":"<p>Nat\u016bralus ir biologi\u0161kai skaidus kraikas, tinkantis kompostuoti. Nedulka ir nekimba prie leten\u0117li\u0173. Efektyviai sugeria dr\u0117gm\u0119 ir kvapus. Pagamintas i\u0161 nat\u016bralios pu\u0161\u0173 ir egli\u0173 medienos. Malonaus medienos aromato.<\/p>","protected":false},"featured_media":47096,"comment_status":"closed","ping_status":"closed","template":"","meta":{"_acf_changed":false,"slim_seo":{"title":"Comfy Pinokio nat\u016bralus pjuveninis kraikas ka\u010diukams 7L - Zooprekes24","description":"Nat\u016bralus ir biologi\u0161kai skaidus kraikas, tinkantis kompostuoti. Nedulka ir nekimba prie leten\u0117li\u0173. Efektyviai sugeria dr\u0117gm\u0119 ir kvapus. Pagamintas i\u0161 nat\u016bralio"},"iawp_total_views":2},"product_brand":[],"product_cat":[78,25,9009],"product_tag":[1940],"class_list":{"0":"post-47094","1":"product","2":"type-product","3":"status-publish","4":"has-post-thumbnail","6":"product_cat-higiena-ir-prieziura-katems","7":"product_cat-katems","8":"product_cat-kraikas","9":"product_tag-naturalus-kraikas-katems","10":"pa_kraiko-rusis-medzio-drozles","11":"pa_prekiu-zenklai-comfy","13":"first","14":"instock","15":"featured","16":"taxable","17":"shipping-taxable","18":"purchasable","19":"product-type-simple"},"acf":[],"_links":{"self":[{"href":"https:\/\/zooprekes24.lt\/et\/wp-json\/wp\/v2\/product\/47094","targetHints":{"allow":["GET"]}}],"collection":[{"href":"https:\/\/zooprekes24.lt\/et\/wp-json\/wp\/v2\/product"}],"about":[{"href":"https:\/\/zooprekes24.lt\/et\/wp-json\/wp\/v2\/types\/product"}],"replies":[{"embeddable":true,"href":"https:\/\/zooprekes24.lt\/et\/wp-json\/wp\/v2\/comments?post=47094"}],"wp:featuredmedia":[{"embeddable":true,"href":"https:\/\/zooprekes24.lt\/et\/wp-json\/wp\/v2\/media\/47096"}],"wp:attachment":[{"href":"https:\/\/zooprekes24.lt\/et\/wp-json\/wp\/v2\/media?parent=47094"}],"wp:term":[{"taxonomy":"product_brand","embeddable":true,"href":"https:\/\/zooprekes24.lt\/et\/wp-json\/wp\/v2\/product_brand?post=47094"},{"taxonomy":"product_cat","embeddable":true,"href":"https:\/\/zooprekes24.lt\/et\/wp-json\/wp\/v2\/product_cat?post=47094"},{"taxonomy":"product_tag","embeddable":true,"href":"https:\/\/zooprekes24.lt\/et\/wp-json\/wp\/v2\/product_tag?post=47094"}],"curies":[{"name":"wp","href":"https:\/\/api.w.org\/{rel}","templated":true}]}}