{"id":47077,"date":"2026-03-12T10:07:52","date_gmt":"2026-03-12T08:07:52","guid":{"rendered":"https:\/\/zooprekes24.lt\/?post_type=product&#038;p=47077"},"modified":"2026-03-23T13:22:25","modified_gmt":"2026-03-23T11:22:25","slug":"cosycat-naturalus-pjuveninis-kaciu-kraikas-20l","status":"publish","type":"product","link":"https:\/\/zooprekes24.lt\/et\/produktas\/cosycat-naturalus-pjuveninis-kaciu-kraikas-20l\/","title":{"rendered":"CosyCat nat\u016bralus pjuveninis ka\u010di\u0173 kraikas 20L"},"content":{"rendered":"<h3>CosyCat Bouncing Cat Litter on kassi- ja kliimas\u00f5bralik allapanu. J\u00e4tkusuutlik toode on valmistatud puhtast taimekiust, mis on t\u00f6\u00f6deldud pehmete ja v\u00e4hese tolmuga graanuliteks. CosyCat naturaalne saepuru kassipuru on kassi k\u00e4ppadele s\u00f5bralik ja kasutamisel klumpab kokku, mist\u00f5ttu on see v\u00e4ga \u00f6konoomne. Ei tekita l\u00f5hnu, stabiilsed klombid, lihtne eemaldamine. Valmistatud Saksamaal.<\/h3>\n<ul>\n<li>Suurep\u00e4rane niiskuse ja ebameeldivate l\u00f5hnade imendumine.<\/li>\n<li>Puitlaastude allapanu on \u00f5rn ja ei \u00e4rrita looma jalgu.<\/li>\n<li>Saab kompostida, kuna on 100% biolagunev.<\/li>\n<li>Pagamintas i\u0161 100 proc. nat\u016bralaus pluo\u0161to &#8211; egl\u0117s ir pu\u0161ies medienos dro\u017eli\u0173.<\/li>\n<li>Saepuru kassipuru laguneb vees, nii et seda saab ohutult WC-s alla loputada.<\/li>\n<li>Kraikas yra malonaus, nat\u016bralaus kvapo &#8211; be joki\u0173 dirbtini\u0173 aromatini\u0173 med\u017eiag\u0173.<\/li>\n<li>Erinevalt teiste tootjate toodetest on see allapanu praktiliselt tolmuvaba ja mitteallergiline.<\/li>\n<\/ul>","protected":false},"excerpt":{"rendered":"<p>Su\u0161okantis ka\u010di\u0173 kraikas CosyCat yra kat\u0117ms ir klimatui draugi\u0161kas kraikas. Tvarus produktas gaminamas i\u0161 gryno augalinio pluo\u0161to, kuris apdorojamas taip, kad susidaryt\u0173 mink\u0161tos granul\u0117s su ma\u017eai dulki\u0173.\u00a0CosyCat nat\u016bralus pjuveninis ka\u010di\u0173 kraikas malonus kat\u0117s leten\u0117l\u0117ms,\u00a0panaudotas su\u0161oka \u012f grumstelius tod\u0117l yra labai ekonomi\u0161kas. Joki\u0173 kvap\u0173, stabil\u016bs gumul\u0117liai, lengvas pa\u0161alinimas. Pagaminta Vokietijoje. Puikiai sugeria dr\u0117gm\u0119 ir nemalonius kvapus&#8230;.<\/p>","protected":false},"featured_media":47078,"comment_status":"closed","ping_status":"closed","template":"","meta":{"_acf_changed":false,"slim_seo":{"title":"CosyCat nat\u016bralus pjuveninis ka\u010di\u0173 kraikas 20L - Zooprekes24","description":"Su\u0161okantis ka\u010di\u0173 kraikas CosyCat yra kat\u0117ms ir klimatui draugi\u0161kas kraikas. Tvarus produktas gaminamas i\u0161 gryno augalinio pluo\u0161to, kuris apdorojamas taip, kad s"},"iawp_total_views":2},"product_brand":[],"product_cat":[78,25,9009],"product_tag":[1940],"class_list":{"0":"post-47077","1":"product","2":"type-product","3":"status-publish","4":"has-post-thumbnail","6":"product_cat-higiena-ir-prieziura-katems","7":"product_cat-katems","8":"product_cat-kraikas","9":"product_tag-naturalus-kraikas-katems","10":"pa_kraiko-rusis-medzio-drozles","11":"pa_prekiu-zenklai-cosycat","13":"first","14":"instock","15":"featured","16":"taxable","17":"shipping-taxable","18":"purchasable","19":"product-type-simple"},"acf":[],"_links":{"self":[{"href":"https:\/\/zooprekes24.lt\/et\/wp-json\/wp\/v2\/product\/47077","targetHints":{"allow":["GET"]}}],"collection":[{"href":"https:\/\/zooprekes24.lt\/et\/wp-json\/wp\/v2\/product"}],"about":[{"href":"https:\/\/zooprekes24.lt\/et\/wp-json\/wp\/v2\/types\/product"}],"replies":[{"embeddable":true,"href":"https:\/\/zooprekes24.lt\/et\/wp-json\/wp\/v2\/comments?post=47077"}],"wp:featuredmedia":[{"embeddable":true,"href":"https:\/\/zooprekes24.lt\/et\/wp-json\/wp\/v2\/media\/47078"}],"wp:attachment":[{"href":"https:\/\/zooprekes24.lt\/et\/wp-json\/wp\/v2\/media?parent=47077"}],"wp:term":[{"taxonomy":"product_brand","embeddable":true,"href":"https:\/\/zooprekes24.lt\/et\/wp-json\/wp\/v2\/product_brand?post=47077"},{"taxonomy":"product_cat","embeddable":true,"href":"https:\/\/zooprekes24.lt\/et\/wp-json\/wp\/v2\/product_cat?post=47077"},{"taxonomy":"product_tag","embeddable":true,"href":"https:\/\/zooprekes24.lt\/et\/wp-json\/wp\/v2\/product_tag?post=47077"}],"curies":[{"name":"wp","href":"https:\/\/api.w.org\/{rel}","templated":true}]}}