{"id":46638,"date":"2026-03-02T12:39:34","date_gmt":"2026-03-02T10:39:34","guid":{"rendered":"https:\/\/zooprekes24.lt\/?post_type=product&#038;p=46638"},"modified":"2026-03-02T17:16:15","modified_gmt":"2026-03-02T15:16:15","slug":"kudo-mini-adult-lamb-rice-sausas-maistas-sunims-3kg","status":"publish","type":"product","link":"https:\/\/zooprekes24.lt\/et\/produktas\/kudo-mini-adult-lamb-rice-sausas-maistas-sunims-3kg\/","title":{"rendered":"Kudo Mini Adult Lamb &#038; Rice sausas maistas \u0161unims 3 kg"},"content":{"rendered":"<ul>\n<li data-start=\"118\" data-end=\"255\">Kudo gamyboje taikoma pa\u017eangi \u0161alto spaudimo technologija, leid\u017eianti i\u0161saugoti ingredientus kuo nat\u016bralesn\u0117je ir maistingesn\u0117je formoje.<\/li>\n<li data-start=\"257\" data-end=\"485\">\u0160alto spaudimo metodas \u2013 modernus po\u017ei\u016bris \u012f augintini\u0173 maisto gamyb\u0105. Pa\u0161aras apdorojamas ne auk\u0161tesn\u0117je nei 75\u00b0C temperat\u016broje, o procesas trunka vos kelias sekundes, tod\u0117l maksimaliai i\u0161saugomos vertingos maistin\u0117s med\u017eiagos.<\/li>\n<li data-start=\"487\" data-end=\"614\">Pa\u0161aras papildytas nat\u016braliu, gard\u017eiu \u017euvies pada\u017eu, kuris sustiprina skon\u012f ir padidina \u0117damum\u0105 net i\u0161rankesniems augintiniams.<\/li>\n<li data-start=\"616\" data-end=\"849\">\u0160alto spaudimo granul\u0117s skrandyje nei\u0161brinksta, o greitai suyra, tod\u0117l vir\u0161kinimas tampa lengvesnis ir efektyvesnis. \u0160i technologija padeda i\u0161saugoti nat\u016brali\u0105 ingredient\u0173 vert\u0119 ir palaikyti ger\u0105 augintinio savijaut\u0105 bei gyvybingum\u0105.<\/li>\n<\/ul>","protected":false},"excerpt":{"rendered":"<p>Kudo gamyboje taikoma pa\u017eangi \u0161alto spaudimo technologija, leid\u017eianti i\u0161saugoti ingredientus kuo nat\u016bralesn\u0117je ir maistingesn\u0117je formoje. \u0160alto spaudimo metodas \u2013 modernus po\u017ei\u016bris \u012f augintini\u0173 maisto gamyb\u0105. Pa\u0161aras apdorojamas ne auk\u0161tesn\u0117je nei 75\u00b0C temperat\u016broje, o procesas trunka vos kelias sekundes, tod\u0117l maksimaliai i\u0161saugomos vertingos maistin\u0117s med\u017eiagos. Pa\u0161aras papildytas nat\u016braliu, gard\u017eiu \u017euvies pada\u017eu, kuris sustiprina skon\u012f ir padidina&#8230;<\/p>","protected":false},"featured_media":46639,"comment_status":"closed","ping_status":"closed","template":"","meta":{"_acf_changed":false,"slim_seo":{"title":"Kudo Mini Adult Lamb & Rice sausas maistas \u0161unims 3 kg - Zooprekes24","description":"Kudo gamyboje taikoma pa\u017eangi \u0161alto spaudimo technologija, leid\u017eianti i\u0161saugoti ingredientus kuo nat\u016bralesn\u0117je ir maistingesn\u0117je formoje. \u0160alto spaudimo metodas"},"iawp_total_views":2},"product_brand":[],"product_cat":[9294,9002,8999,29,31],"product_tag":[],"class_list":{"0":"post-46638","1":"product","2":"type-product","3":"status-publish","4":"has-post-thumbnail","6":"product_cat-kudo-sunims","7":"product_cat-sausas-maistas","8":"product_cat-sunims","9":"product_cat-sunu-maistas","10":"product_cat-sunu-prekiu-gamintojai","11":"pa_pasaro-sudetis-eriena","12":"pa_pasaro-sudetis-ryziai","13":"pa_prekiu-zenklai-kudo","14":"pa_suns-amzius-suaugusiems","15":"pa_veisles-dydis-mazoms-veislems","17":"first","18":"instock","19":"featured","20":"taxable","21":"shipping-taxable","22":"purchasable","23":"product-type-simple"},"acf":[],"_links":{"self":[{"href":"https:\/\/zooprekes24.lt\/et\/wp-json\/wp\/v2\/product\/46638","targetHints":{"allow":["GET"]}}],"collection":[{"href":"https:\/\/zooprekes24.lt\/et\/wp-json\/wp\/v2\/product"}],"about":[{"href":"https:\/\/zooprekes24.lt\/et\/wp-json\/wp\/v2\/types\/product"}],"replies":[{"embeddable":true,"href":"https:\/\/zooprekes24.lt\/et\/wp-json\/wp\/v2\/comments?post=46638"}],"wp:featuredmedia":[{"embeddable":true,"href":"https:\/\/zooprekes24.lt\/et\/wp-json\/wp\/v2\/media\/46639"}],"wp:attachment":[{"href":"https:\/\/zooprekes24.lt\/et\/wp-json\/wp\/v2\/media?parent=46638"}],"wp:term":[{"taxonomy":"product_brand","embeddable":true,"href":"https:\/\/zooprekes24.lt\/et\/wp-json\/wp\/v2\/product_brand?post=46638"},{"taxonomy":"product_cat","embeddable":true,"href":"https:\/\/zooprekes24.lt\/et\/wp-json\/wp\/v2\/product_cat?post=46638"},{"taxonomy":"product_tag","embeddable":true,"href":"https:\/\/zooprekes24.lt\/et\/wp-json\/wp\/v2\/product_tag?post=46638"}],"curies":[{"name":"wp","href":"https:\/\/api.w.org\/{rel}","templated":true}]}}