{"id":46606,"date":"2026-03-02T10:33:35","date_gmt":"2026-03-02T08:33:35","guid":{"rendered":"https:\/\/zooprekes24.lt\/?post_type=product&#038;p=46606"},"modified":"2026-03-03T07:37:58","modified_gmt":"2026-03-03T05:37:58","slug":"kudo-medium-maxi-junior-lamb-rice-sausas-maistas-suniukams","status":"publish","type":"product","link":"https:\/\/zooprekes24.lt\/et\/produktas\/kudo-medium-maxi-junior-lamb-rice-sausas-maistas-suniukams\/","title":{"rendered":"Kudo Medium Maxi Junior Lamb &#038; Rice sausas maistas \u0161uniukams"},"content":{"rendered":"<ul>\n<li data-start=\"118\" data-end=\"255\">Kudo gamyboje taikoma pa\u017eangi \u0161alto spaudimo technologija, leid\u017eianti i\u0161saugoti ingredientus kuo nat\u016bralesn\u0117je ir maistingesn\u0117je formoje.<\/li>\n<li data-start=\"257\" data-end=\"485\">\u0160alto spaudimo metodas &#8211; modernus po\u017ei\u016bris \u012f augintini\u0173 maisto gamyb\u0105. Pa\u0161aras apdorojamas ne auk\u0161tesn\u0117je nei 75\u00b0C temperat\u016broje, o procesas trunka vos kelias sekundes, tod\u0117l maksimaliai i\u0161saugomos vertingos maistin\u0117s med\u017eiagos.<\/li>\n<li data-start=\"487\" data-end=\"614\">Pa\u0161aras papildytas nat\u016braliu, gard\u017eiu \u017euvies pada\u017eu, kuris sustiprina skon\u012f ir padidina \u0117damum\u0105 net i\u0161rankesniems augintiniams.<\/li>\n<li data-start=\"616\" data-end=\"849\">\u0160alto spaudimo granul\u0117s skrandyje nei\u0161brinksta, o greitai suyra, tod\u0117l vir\u0161kinimas tampa lengvesnis ir efektyvesnis. \u0160i technologija padeda i\u0161saugoti nat\u016brali\u0105 ingredient\u0173 vert\u0119 ir palaikyti ger\u0105 augintinio savijaut\u0105 bei gyvybingum\u0105.<\/li>\n<\/ul>","protected":false},"excerpt":{"rendered":"<p>Kudo gamyboje taikoma pa\u017eangi \u0161alto spaudimo technologija, leid\u017eianti i\u0161saugoti ingredientus kuo nat\u016bralesn\u0117je ir maistingesn\u0117je formoje. \u0160alto spaudimo metodas &#8211; modernus po\u017ei\u016bris \u012f augintini\u0173 maisto gamyb\u0105. Pa\u0161aras apdorojamas ne auk\u0161tesn\u0117je nei 75\u00b0C temperat\u016broje, o procesas trunka vos kelias sekundes, tod\u0117l maksimaliai i\u0161saugomos vertingos maistin\u0117s med\u017eiagos. Pa\u0161aras papildytas nat\u016braliu, gard\u017eiu \u017euvies pada\u017eu, kuris sustiprina skon\u012f ir padidina&#8230;<\/p>","protected":false},"featured_media":46609,"comment_status":"closed","ping_status":"closed","template":"","meta":{"_acf_changed":false,"slim_seo":{"title":"Kudo Medium Maxi Junior Lamb & Rice sausas maistas \u0161uniukams - Zooprekes24","description":"Kudo gamyboje taikoma pa\u017eangi \u0161alto spaudimo technologija, leid\u017eianti i\u0161saugoti ingredientus kuo nat\u016bralesn\u0117je ir maistingesn\u0117je formoje. \u0160alto spaudimo metodas"},"iawp_total_views":3},"product_brand":[],"product_cat":[9294,9002,8999,29,31],"product_tag":[],"class_list":{"0":"post-46606","1":"product","2":"type-product","3":"status-publish","4":"has-post-thumbnail","6":"product_cat-kudo-sunims","7":"product_cat-sausas-maistas","8":"product_cat-sunims","9":"product_cat-sunu-maistas","10":"product_cat-sunu-prekiu-gamintojai","11":"pa_pasaro-sudetis-eriena","12":"pa_pasaro-sudetis-ryziai","13":"pa_prekiu-zenklai-kudo","14":"pa_suns-amzius-jauniems","15":"pa_veisles-dydis-didelems-veislems","16":"pa_veisles-dydis-vidutinems-veislems","18":"first","19":"instock","20":"featured","21":"taxable","22":"shipping-taxable","23":"purchasable","24":"product-type-variable"},"acf":[],"_links":{"self":[{"href":"https:\/\/zooprekes24.lt\/et\/wp-json\/wp\/v2\/product\/46606","targetHints":{"allow":["GET"]}}],"collection":[{"href":"https:\/\/zooprekes24.lt\/et\/wp-json\/wp\/v2\/product"}],"about":[{"href":"https:\/\/zooprekes24.lt\/et\/wp-json\/wp\/v2\/types\/product"}],"replies":[{"embeddable":true,"href":"https:\/\/zooprekes24.lt\/et\/wp-json\/wp\/v2\/comments?post=46606"}],"wp:featuredmedia":[{"embeddable":true,"href":"https:\/\/zooprekes24.lt\/et\/wp-json\/wp\/v2\/media\/46609"}],"wp:attachment":[{"href":"https:\/\/zooprekes24.lt\/et\/wp-json\/wp\/v2\/media?parent=46606"}],"wp:term":[{"taxonomy":"product_brand","embeddable":true,"href":"https:\/\/zooprekes24.lt\/et\/wp-json\/wp\/v2\/product_brand?post=46606"},{"taxonomy":"product_cat","embeddable":true,"href":"https:\/\/zooprekes24.lt\/et\/wp-json\/wp\/v2\/product_cat?post=46606"},{"taxonomy":"product_tag","embeddable":true,"href":"https:\/\/zooprekes24.lt\/et\/wp-json\/wp\/v2\/product_tag?post=46606"}],"curies":[{"name":"wp","href":"https:\/\/api.w.org\/{rel}","templated":true}]}}