{"id":46019,"date":"2026-02-18T12:45:58","date_gmt":"2026-02-18T10:45:58","guid":{"rendered":"https:\/\/zooprekes24.lt\/?post_type=product&#038;p=46019"},"modified":"2026-02-18T14:26:29","modified_gmt":"2026-02-18T12:26:29","slug":"biokats-kaciu-kraiko-gaiviklis-dezodorantas-iv-kvapu-700g","status":"publish","type":"product","link":"https:\/\/zooprekes24.lt\/et\/produktas\/biokats-kaciu-kraiko-gaiviklis-dezodorantas-iv-kvapu-700g\/","title":{"rendered":"Biokats ka\u010di\u0173 kraiko gaiviklis-dezodorantas, \u012fv. kvap\u0173, 700 g"},"content":{"rendered":"","protected":false},"excerpt":{"rendered":"","protected":false},"featured_media":46024,"comment_status":"closed","ping_status":"closed","template":"","meta":{"_acf_changed":false,"slim_seo":{"title":"Biokats ka\u010di\u0173 kraiko gaiviklis-dezodorantas, \u012fv. kvap\u0173, 700 g - Zooprekes24","description":""},"iawp_total_views":3},"product_brand":[],"product_cat":[9235,78,25],"product_tag":[],"class_list":{"0":"post-46019","1":"product","2":"type-product","3":"status-publish","4":"has-post-thumbnail","6":"product_cat-demiu-ir-kvapu-salinimo-priemones","7":"product_cat-higiena-ir-prieziura-katems","8":"product_cat-katems","9":"pa_prekiu-zenklai-gimborn","11":"first","12":"instock","13":"featured","14":"taxable","15":"shipping-taxable","16":"purchasable","17":"product-type-variable"},"acf":[],"_links":{"self":[{"href":"https:\/\/zooprekes24.lt\/et\/wp-json\/wp\/v2\/product\/46019","targetHints":{"allow":["GET"]}}],"collection":[{"href":"https:\/\/zooprekes24.lt\/et\/wp-json\/wp\/v2\/product"}],"about":[{"href":"https:\/\/zooprekes24.lt\/et\/wp-json\/wp\/v2\/types\/product"}],"replies":[{"embeddable":true,"href":"https:\/\/zooprekes24.lt\/et\/wp-json\/wp\/v2\/comments?post=46019"}],"wp:featuredmedia":[{"embeddable":true,"href":"https:\/\/zooprekes24.lt\/et\/wp-json\/wp\/v2\/media\/46024"}],"wp:attachment":[{"href":"https:\/\/zooprekes24.lt\/et\/wp-json\/wp\/v2\/media?parent=46019"}],"wp:term":[{"taxonomy":"product_brand","embeddable":true,"href":"https:\/\/zooprekes24.lt\/et\/wp-json\/wp\/v2\/product_brand?post=46019"},{"taxonomy":"product_cat","embeddable":true,"href":"https:\/\/zooprekes24.lt\/et\/wp-json\/wp\/v2\/product_cat?post=46019"},{"taxonomy":"product_tag","embeddable":true,"href":"https:\/\/zooprekes24.lt\/et\/wp-json\/wp\/v2\/product_tag?post=46019"}],"curies":[{"name":"wp","href":"https:\/\/api.w.org\/{rel}","templated":true}]}}