{"id":46006,"date":"2026-02-18T11:44:31","date_gmt":"2026-02-18T09:44:31","guid":{"rendered":"https:\/\/zooprekes24.lt\/?post_type=product&#038;p=46006"},"modified":"2026-02-18T14:18:50","modified_gmt":"2026-02-18T12:18:50","slug":"dogoteka-multiadapt-pasaro-papildas-imunitetui-ir-energijai-palaikyti-sunims-ir-katems-n60","status":"publish","type":"product","link":"https:\/\/zooprekes24.lt\/et\/produktas\/dogoteka-multiadapt-pasaro-papildas-imunitetui-ir-energijai-palaikyti-sunims-ir-katems-n60\/","title":{"rendered":"DOGOteka MultiAdapt pa\u0161aro papildas imunitetui ir energijai palaikyti, \u0161unims ir kat\u0117ms, N60"},"content":{"rendered":"<h3 style=\"font-weight: 400;\">MultiAdapt gali b\u016bti naudingas \u0161iais atvejais:<\/h3>\n<ul style=\"font-weight: 400;\">\n<li>Esant maisto med\u017eiag\u0173 tr\u016bkumui.<\/li>\n<li>Ypatinga b\u016bkl\u0117, pavyzd\u017eiui, n\u0117\u0161tumas ir laktacija.<\/li>\n<li>Augantiems \u0161uniukams\/ka\u010diukams ir pagyvenusiems \u0161unims\/kat\u0117ms.<\/li>\n<li>Norint palaikyti puik\u0173 raumen\u0173 tonus\u0105 darbiniams ir sportiniams \u0161unims.<\/li>\n<li>B\u016bsenos, kai reikia, kad pager\u0117t\u0173 darbingumas ar rezultatai (pvz: raumen\u0173 lygiu, imuninei sistemai stiprinti ir pan.).<\/li>\n<li>Sveikimas \u012fprastomis s\u0105lygomis (pvz: pooperaciniu sveikimo laikotarpiu).<\/li>\n<li>Sveikimas po sekinan\u010di\u0173 lig\u0173, kai yra imunin\u0117s apsaugos stimuliavimo poreikis.<\/li>\n<li>Palaikyti puiki\u0105 odos ir kailio b\u016bkl\u0119.<\/li>\n<\/ul>","protected":false},"excerpt":{"rendered":"<p>MultiAdapt gali b\u016bti naudingas \u0161iais atvejais: Esant maisto med\u017eiag\u0173 tr\u016bkumui. Ypatinga b\u016bkl\u0117, pavyzd\u017eiui, n\u0117\u0161tumas ir laktacija. Augantiems \u0161uniukams\/ka\u010diukams ir pagyvenusiems \u0161unims\/kat\u0117ms. Norint palaikyti puik\u0173 raumen\u0173 tonus\u0105 darbiniams ir sportiniams \u0161unims. B\u016bsenos, kai reikia, kad pager\u0117t\u0173 darbingumas ar rezultatai (pvz: raumen\u0173 lygiu, imuninei sistemai stiprinti ir pan.). Sveikimas \u012fprastomis s\u0105lygomis (pvz: pooperaciniu sveikimo laikotarpiu). Sveikimas po&#8230;<\/p>","protected":false},"featured_media":46010,"comment_status":"closed","ping_status":"closed","template":"","meta":{"_acf_changed":false,"slim_seo":{"title":"DOGOteka MultiAdapt pa\u0161aro papildas imunitetui ir energijai palaikyti, \u0161unims ir kat\u0117ms, N60 - Zooprekes24","description":"MultiAdapt gali b\u016bti naudingas \u0161iais atvejais: Esant maisto med\u017eiag\u0173 tr\u016bkumui. Ypatinga b\u016bkl\u0117, pavyzd\u017eiui, n\u0117\u0161tumas ir laktacija. Augantiems \u0161uniukams\/ka\u010diukams"},"iawp_total_views":60},"product_brand":[],"product_cat":[25,104,32,8999,9017,9022],"product_tag":[],"class_list":{"0":"post-46006","1":"product","2":"type-product","3":"status-publish","4":"has-post-thumbnail","6":"product_cat-katems","7":"product_cat-kitos-kaciu-prekes","8":"product_cat-kitos-sunu-prekes","9":"product_cat-sunims","10":"product_cat-vitaminai-ir-papildai-katems","11":"product_cat-vitaminai-ir-papildai-sunims","12":"pa_prekiu-zenklai-dogoteka","13":"pa_suns-amzius-jauniems","14":"pa_suns-amzius-senjorams","15":"pa_suns-amzius-suaugusiems","16":"pa_suns-amzius-visiems-amziams","17":"pa_veisles-dydis-didelems-veislems","18":"pa_veisles-dydis-mazoms-veislems","19":"pa_veisles-dydis-vidutinems-veislems","20":"pa_veisles-dydis-visu-dydziu-veislems","22":"first","23":"instock","24":"featured","25":"taxable","26":"shipping-taxable","27":"purchasable","28":"product-type-simple"},"acf":[],"_links":{"self":[{"href":"https:\/\/zooprekes24.lt\/et\/wp-json\/wp\/v2\/product\/46006","targetHints":{"allow":["GET"]}}],"collection":[{"href":"https:\/\/zooprekes24.lt\/et\/wp-json\/wp\/v2\/product"}],"about":[{"href":"https:\/\/zooprekes24.lt\/et\/wp-json\/wp\/v2\/types\/product"}],"replies":[{"embeddable":true,"href":"https:\/\/zooprekes24.lt\/et\/wp-json\/wp\/v2\/comments?post=46006"}],"wp:featuredmedia":[{"embeddable":true,"href":"https:\/\/zooprekes24.lt\/et\/wp-json\/wp\/v2\/media\/46010"}],"wp:attachment":[{"href":"https:\/\/zooprekes24.lt\/et\/wp-json\/wp\/v2\/media?parent=46006"}],"wp:term":[{"taxonomy":"product_brand","embeddable":true,"href":"https:\/\/zooprekes24.lt\/et\/wp-json\/wp\/v2\/product_brand?post=46006"},{"taxonomy":"product_cat","embeddable":true,"href":"https:\/\/zooprekes24.lt\/et\/wp-json\/wp\/v2\/product_cat?post=46006"},{"taxonomy":"product_tag","embeddable":true,"href":"https:\/\/zooprekes24.lt\/et\/wp-json\/wp\/v2\/product_tag?post=46006"}],"curies":[{"name":"wp","href":"https:\/\/api.w.org\/{rel}","templated":true}]}}