{"id":45939,"date":"2026-02-17T11:26:26","date_gmt":"2026-02-17T09:26:26","guid":{"rendered":"https:\/\/zooprekes24.lt\/?post_type=product&#038;p=45939"},"modified":"2026-02-18T13:11:18","modified_gmt":"2026-02-18T11:11:18","slug":"gimdog-zaislas-sunims-virvinis-dinozauras-iv-spalvu-3vnt","status":"publish","type":"product","link":"https:\/\/zooprekes24.lt\/et\/produktas\/gimdog-zaislas-sunims-virvinis-dinozauras-iv-spalvu-3vnt\/","title":{"rendered":"GimDog \u017eaislas \u0161unims virvinis dinozauras, \u012fv. spalv\u0173, 3 vnt"},"content":{"rendered":"","protected":false},"excerpt":{"rendered":"","protected":false},"featured_media":45941,"comment_status":"closed","ping_status":"closed","template":"","meta":{"_acf_changed":false,"slim_seo":{"title":"GimDog \u017eaislas \u0161unims virvinis dinozauras, \u012fv. spalv\u0173, 3 vnt - Zooprekes24","description":""},"iawp_total_views":9},"product_brand":[],"product_cat":[32,8999,9024],"product_tag":[],"class_list":{"0":"post-45939","1":"product","2":"type-product","3":"status-publish","4":"has-post-thumbnail","6":"product_cat-kitos-sunu-prekes","7":"product_cat-sunims","8":"product_cat-zaislai-sunims","9":"pa_prekiu-zenklai-gimborn","10":"pa_zaislo-tipas-cypiantis","11":"pa_zaislo-tipas-metymui","13":"first","14":"instock","15":"featured","16":"taxable","17":"shipping-taxable","18":"purchasable","19":"product-type-simple"},"acf":[],"_links":{"self":[{"href":"https:\/\/zooprekes24.lt\/et\/wp-json\/wp\/v2\/product\/45939","targetHints":{"allow":["GET"]}}],"collection":[{"href":"https:\/\/zooprekes24.lt\/et\/wp-json\/wp\/v2\/product"}],"about":[{"href":"https:\/\/zooprekes24.lt\/et\/wp-json\/wp\/v2\/types\/product"}],"replies":[{"embeddable":true,"href":"https:\/\/zooprekes24.lt\/et\/wp-json\/wp\/v2\/comments?post=45939"}],"wp:featuredmedia":[{"embeddable":true,"href":"https:\/\/zooprekes24.lt\/et\/wp-json\/wp\/v2\/media\/45941"}],"wp:attachment":[{"href":"https:\/\/zooprekes24.lt\/et\/wp-json\/wp\/v2\/media?parent=45939"}],"wp:term":[{"taxonomy":"product_brand","embeddable":true,"href":"https:\/\/zooprekes24.lt\/et\/wp-json\/wp\/v2\/product_brand?post=45939"},{"taxonomy":"product_cat","embeddable":true,"href":"https:\/\/zooprekes24.lt\/et\/wp-json\/wp\/v2\/product_cat?post=45939"},{"taxonomy":"product_tag","embeddable":true,"href":"https:\/\/zooprekes24.lt\/et\/wp-json\/wp\/v2\/product_tag?post=45939"}],"curies":[{"name":"wp","href":"https:\/\/api.w.org\/{rel}","templated":true}]}}