{"id":45922,"date":"2026-02-17T10:07:42","date_gmt":"2026-02-17T08:07:42","guid":{"rendered":"https:\/\/zooprekes24.lt\/?post_type=product&#038;p=45922"},"modified":"2026-02-18T12:23:58","modified_gmt":"2026-02-18T10:23:58","slug":"trixie-zaislas-katems-ant-medinio-pagaliuko-su-spalvotomis-juostelemis-ir-varpeliu","status":"publish","type":"product","link":"https:\/\/zooprekes24.lt\/et\/produktas\/trixie-zaislas-katems-ant-medinio-pagaliuko-su-spalvotomis-juostelemis-ir-varpeliu\/","title":{"rendered":"Trixie \u017eaislas kat\u0117ms ant medinio pagaliuko, su spalvotomis juostel\u0117mis ir varpeliu"},"content":{"rendered":"","protected":false},"excerpt":{"rendered":"","protected":false},"featured_media":45923,"comment_status":"closed","ping_status":"closed","template":"","meta":{"_acf_changed":false,"slim_seo":{"title":"Trixie \u017eaislas kat\u0117ms ant medinio pagaliuko, su spalvotomis juostel\u0117mis ir varpeliu - Zooprekes24","description":""},"iawp_total_views":2},"product_brand":[],"product_cat":[83,9268,25,104,9222,9238],"product_tag":[],"class_list":{"0":"post-45922","1":"product","2":"type-product","3":"status-publish","4":"has-post-thumbnail","6":"product_cat-kaciu-prekiu-gamintojai","7":"product_cat-kaledos","8":"product_cat-katems","9":"product_cat-kitos-kaciu-prekes","10":"product_cat-trixie-katems","11":"product_cat-zaislai-katems","12":"pa_prekiu-zenklai-trixie","13":"pa_zaislo-tipas-ant-pagaliuko","14":"pa_zaislo-tipas-su-varpeliu","16":"first","17":"instock","18":"featured","19":"taxable","20":"shipping-taxable","21":"purchasable","22":"product-type-simple"},"acf":[],"_links":{"self":[{"href":"https:\/\/zooprekes24.lt\/et\/wp-json\/wp\/v2\/product\/45922","targetHints":{"allow":["GET"]}}],"collection":[{"href":"https:\/\/zooprekes24.lt\/et\/wp-json\/wp\/v2\/product"}],"about":[{"href":"https:\/\/zooprekes24.lt\/et\/wp-json\/wp\/v2\/types\/product"}],"replies":[{"embeddable":true,"href":"https:\/\/zooprekes24.lt\/et\/wp-json\/wp\/v2\/comments?post=45922"}],"wp:featuredmedia":[{"embeddable":true,"href":"https:\/\/zooprekes24.lt\/et\/wp-json\/wp\/v2\/media\/45923"}],"wp:attachment":[{"href":"https:\/\/zooprekes24.lt\/et\/wp-json\/wp\/v2\/media?parent=45922"}],"wp:term":[{"taxonomy":"product_brand","embeddable":true,"href":"https:\/\/zooprekes24.lt\/et\/wp-json\/wp\/v2\/product_brand?post=45922"},{"taxonomy":"product_cat","embeddable":true,"href":"https:\/\/zooprekes24.lt\/et\/wp-json\/wp\/v2\/product_cat?post=45922"},{"taxonomy":"product_tag","embeddable":true,"href":"https:\/\/zooprekes24.lt\/et\/wp-json\/wp\/v2\/product_tag?post=45922"}],"curies":[{"name":"wp","href":"https:\/\/api.w.org\/{rel}","templated":true}]}}