{"id":45913,"date":"2026-02-17T09:33:32","date_gmt":"2026-02-17T07:33:32","guid":{"rendered":"https:\/\/zooprekes24.lt\/?post_type=product&#038;p=45913"},"modified":"2026-02-18T12:23:09","modified_gmt":"2026-02-18T10:23:09","slug":"trixie-metalinis-karabinas-iv-dydziu","status":"publish","type":"product","link":"https:\/\/zooprekes24.lt\/et\/produktas\/trixie-metalinis-karabinas-iv-dydziu\/","title":{"rendered":"Trixie metalinis karabinas, \u012fv. dyd\u017ei\u0173"},"content":{"rendered":"<p>Dyd\u017eiai:<\/p>\n<ul>\n<li>XS-S: <span>tinka iki 12 mm skersmens,<\/span><\/li>\n<li>S-M: <span>tinka iki 13 mm skersmens,<\/span><\/li>\n<li>M-L: <span>tinka iki 19 mm skersmens,<\/span><\/li>\n<li>L-XL: <span>tinka iki 25 mm skersmens.<\/span><\/li>\n<\/ul>","protected":false},"excerpt":{"rendered":"<p>Dyd\u017eiai: XS-S: tinka iki 12 mm skersmens, S-M: tinka iki 13 mm skersmens, M-L: tinka iki 19 mm skersmens, L-XL: tinka iki 25 mm skersmens.<\/p>","protected":false},"featured_media":45919,"comment_status":"closed","ping_status":"closed","template":"","meta":{"_acf_changed":false,"slim_seo":{"title":"Trixie metalinis karabinas, \u012fv. dyd\u017ei\u0173 - Zooprekes24","description":"Dyd\u017eiai: XS-S: tinka iki 12 mm skersmens, S-M: tinka iki 13 mm skersmens, M-L: tinka iki 19 mm skersmens, L-XL: tinka iki 25 mm skersmens."},"iawp_total_views":6},"product_brand":[],"product_cat":[32,9074,8999,31,9219],"product_tag":[],"class_list":{"0":"post-45913","1":"product","2":"type-product","3":"status-publish","4":"has-post-thumbnail","6":"product_cat-kitos-sunu-prekes","7":"product_cat-pavadeliai-antsnukiai-petnesos","8":"product_cat-sunims","9":"product_cat-sunu-prekiu-gamintojai","10":"product_cat-trixie-sunims","11":"pa_prekiu-zenklai-trixie","13":"first","14":"instock","15":"featured","16":"taxable","17":"shipping-taxable","18":"purchasable","19":"product-type-variable"},"acf":[],"_links":{"self":[{"href":"https:\/\/zooprekes24.lt\/et\/wp-json\/wp\/v2\/product\/45913","targetHints":{"allow":["GET"]}}],"collection":[{"href":"https:\/\/zooprekes24.lt\/et\/wp-json\/wp\/v2\/product"}],"about":[{"href":"https:\/\/zooprekes24.lt\/et\/wp-json\/wp\/v2\/types\/product"}],"replies":[{"embeddable":true,"href":"https:\/\/zooprekes24.lt\/et\/wp-json\/wp\/v2\/comments?post=45913"}],"wp:featuredmedia":[{"embeddable":true,"href":"https:\/\/zooprekes24.lt\/et\/wp-json\/wp\/v2\/media\/45919"}],"wp:attachment":[{"href":"https:\/\/zooprekes24.lt\/et\/wp-json\/wp\/v2\/media?parent=45913"}],"wp:term":[{"taxonomy":"product_brand","embeddable":true,"href":"https:\/\/zooprekes24.lt\/et\/wp-json\/wp\/v2\/product_brand?post=45913"},{"taxonomy":"product_cat","embeddable":true,"href":"https:\/\/zooprekes24.lt\/et\/wp-json\/wp\/v2\/product_cat?post=45913"},{"taxonomy":"product_tag","embeddable":true,"href":"https:\/\/zooprekes24.lt\/et\/wp-json\/wp\/v2\/product_tag?post=45913"}],"curies":[{"name":"wp","href":"https:\/\/api.w.org\/{rel}","templated":true}]}}