{"id":45785,"date":"2026-02-13T10:30:00","date_gmt":"2026-02-13T08:30:00","guid":{"rendered":"https:\/\/zooprekes24.lt\/?post_type=product&#038;p=45785"},"modified":"2026-02-14T21:32:23","modified_gmt":"2026-02-14T19:32:23","slug":"gimcat-duo-malt-cheese-pasta-katems-skatina-plauku-kamuoliuku-pasisalinima-50g","status":"publish","type":"product","link":"https:\/\/zooprekes24.lt\/et\/produktas\/gimcat-duo-malt-cheese-pasta-katems-skatina-plauku-kamuoliuku-pasisalinima-50g\/","title":{"rendered":"GimCat Duo Malt &#038; Cheese pasta kat\u0117ms, skatina plauk\u0173 kamuoliuk\u0173 pasi\u0161alinim\u0105, 50 g"},"content":{"rendered":"<ul>\n<li>Salyklo, s\u0117men\u0173 aliejaus, celiulioz\u0117s ir beta-gliukano derinys padeda nat\u016braliai nuryti plaukus.<\/li>\n<li>Suma\u017eina plauk\u0173 kamuoliuk\u0173 kaupim\u0105si skrandyje ir poreik\u012f vemti.<\/li>\n<li><span>Gardus itali\u0161kas kietasis s\u016bris paver\u010dia \u0161i\u0105 past\u0105 itin skaniu ir viliojan\u010diu skan\u0117stu.<\/span><\/li>\n<\/ul>","protected":false},"excerpt":{"rendered":"<p>Salyklo, s\u0117men\u0173 aliejaus, celiulioz\u0117s ir beta-gliukano derinys padeda nat\u016braliai nuryti plaukus. Suma\u017eina plauk\u0173 kamuoliuk\u0173 kaupim\u0105si skrandyje ir poreik\u012f vemti. Gardus itali\u0161kas kietasis s\u016bris paver\u010dia \u0161i\u0105 past\u0105 itin skaniu ir viliojan\u010diu skan\u0117stu.<\/p>","protected":false},"featured_media":45789,"comment_status":"closed","ping_status":"closed","template":"","meta":{"_acf_changed":false,"slim_seo":{"title":"GimCat Duo Malt & Cheese pasta kat\u0117ms, skatina plauk\u0173 kamuoliuk\u0173 pasi\u0161alinim\u0105, 50 g - Zooprekes24","description":"Salyklo, s\u0117men\u0173 aliejaus, celiulioz\u0117s ir beta-gliukano derinys padeda nat\u016braliai nuryti plaukus. Suma\u017eina plauk\u0173 kamuoliuk\u0173 kaupim\u0105si skrandyje ir poreik\u012f vemti"},"iawp_total_views":4},"product_brand":[],"product_cat":[9271,83,25,104,9017],"product_tag":[],"class_list":{"0":"post-45785","1":"product","2":"type-product","3":"status-publish","4":"has-post-thumbnail","6":"product_cat-gimcat-katems","7":"product_cat-kaciu-prekiu-gamintojai","8":"product_cat-katems","9":"product_cat-kitos-kaciu-prekes","10":"product_cat-vitaminai-ir-papildai-katems","11":"pa_pasaro-sudetis-suris","12":"pa_prekiu-zenklai-gimborn","14":"first","15":"instock","16":"featured","17":"taxable","18":"shipping-taxable","19":"purchasable","20":"product-type-simple"},"acf":[],"_links":{"self":[{"href":"https:\/\/zooprekes24.lt\/et\/wp-json\/wp\/v2\/product\/45785","targetHints":{"allow":["GET"]}}],"collection":[{"href":"https:\/\/zooprekes24.lt\/et\/wp-json\/wp\/v2\/product"}],"about":[{"href":"https:\/\/zooprekes24.lt\/et\/wp-json\/wp\/v2\/types\/product"}],"replies":[{"embeddable":true,"href":"https:\/\/zooprekes24.lt\/et\/wp-json\/wp\/v2\/comments?post=45785"}],"wp:featuredmedia":[{"embeddable":true,"href":"https:\/\/zooprekes24.lt\/et\/wp-json\/wp\/v2\/media\/45789"}],"wp:attachment":[{"href":"https:\/\/zooprekes24.lt\/et\/wp-json\/wp\/v2\/media?parent=45785"}],"wp:term":[{"taxonomy":"product_brand","embeddable":true,"href":"https:\/\/zooprekes24.lt\/et\/wp-json\/wp\/v2\/product_brand?post=45785"},{"taxonomy":"product_cat","embeddable":true,"href":"https:\/\/zooprekes24.lt\/et\/wp-json\/wp\/v2\/product_cat?post=45785"},{"taxonomy":"product_tag","embeddable":true,"href":"https:\/\/zooprekes24.lt\/et\/wp-json\/wp\/v2\/product_tag?post=45785"}],"curies":[{"name":"wp","href":"https:\/\/api.w.org\/{rel}","templated":true}]}}