{"id":45781,"date":"2026-02-13T10:03:54","date_gmt":"2026-02-13T08:03:54","guid":{"rendered":"https:\/\/zooprekes24.lt\/?post_type=product&#038;p=45781"},"modified":"2026-02-18T12:13:57","modified_gmt":"2026-02-18T10:13:57","slug":"gimcat-adult-tuna-courgette-traskus-skanestai-katems-50g","status":"publish","type":"product","link":"https:\/\/zooprekes24.lt\/et\/produktas\/gimcat-adult-tuna-courgette-traskus-skanestai-katems-50g\/","title":{"rendered":"GimCat Adult Tuna &#038; Courgette tra\u0161k\u016bs skan\u0117stai kat\u0117ms 50 g"},"content":{"rendered":"","protected":false},"excerpt":{"rendered":"","protected":false},"featured_media":45782,"comment_status":"closed","ping_status":"closed","template":"","meta":{"_acf_changed":false,"slim_seo":{"title":"GimCat Adult Tuna & Courgette tra\u0161k\u016bs skan\u0117stai kat\u0117ms 50 g - Zooprekes24","description":""},"iawp_total_views":11},"product_brand":[],"product_cat":[9271,72,83,25,9018],"product_tag":[],"class_list":{"0":"post-45781","1":"product","2":"type-product","3":"status-publish","4":"has-post-thumbnail","6":"product_cat-gimcat-katems","7":"product_cat-kaciu-maistas","8":"product_cat-kaciu-prekiu-gamintojai","9":"product_cat-katems","10":"product_cat-skanestai","11":"pa_pasaro-sudetis-darzoves","12":"pa_pasaro-sudetis-tunas","13":"pa_pasaro-sudetis-zuvis","14":"pa_prekiu-zenklai-gimborn","16":"first","17":"instock","18":"featured","19":"taxable","20":"shipping-taxable","21":"purchasable","22":"product-type-simple"},"acf":[],"_links":{"self":[{"href":"https:\/\/zooprekes24.lt\/et\/wp-json\/wp\/v2\/product\/45781","targetHints":{"allow":["GET"]}}],"collection":[{"href":"https:\/\/zooprekes24.lt\/et\/wp-json\/wp\/v2\/product"}],"about":[{"href":"https:\/\/zooprekes24.lt\/et\/wp-json\/wp\/v2\/types\/product"}],"replies":[{"embeddable":true,"href":"https:\/\/zooprekes24.lt\/et\/wp-json\/wp\/v2\/comments?post=45781"}],"wp:featuredmedia":[{"embeddable":true,"href":"https:\/\/zooprekes24.lt\/et\/wp-json\/wp\/v2\/media\/45782"}],"wp:attachment":[{"href":"https:\/\/zooprekes24.lt\/et\/wp-json\/wp\/v2\/media?parent=45781"}],"wp:term":[{"taxonomy":"product_brand","embeddable":true,"href":"https:\/\/zooprekes24.lt\/et\/wp-json\/wp\/v2\/product_brand?post=45781"},{"taxonomy":"product_cat","embeddable":true,"href":"https:\/\/zooprekes24.lt\/et\/wp-json\/wp\/v2\/product_cat?post=45781"},{"taxonomy":"product_tag","embeddable":true,"href":"https:\/\/zooprekes24.lt\/et\/wp-json\/wp\/v2\/product_tag?post=45781"}],"curies":[{"name":"wp","href":"https:\/\/api.w.org\/{rel}","templated":true}]}}