{"id":45758,"date":"2026-02-12T11:20:17","date_gmt":"2026-02-12T09:20:17","guid":{"rendered":"https:\/\/zooprekes24.lt\/?post_type=product&#038;p=45758"},"modified":"2026-02-18T11:59:56","modified_gmt":"2026-02-18T09:59:56","slug":"vitapol-smakers-skanestas-su-vaisiais-pauksciams-skirtas-nimfinems-papugelems-45g","status":"publish","type":"product","link":"https:\/\/zooprekes24.lt\/et\/produktas\/vitapol-smakers-skanestas-su-vaisiais-pauksciams-skirtas-nimfinems-papugelems-45g\/","title":{"rendered":"Vitapol Smakers skan\u0117stas su vaisiais pauk\u0161\u010diams, skirtas nimfin\u0117ms pap\u016bg\u0117l\u0117ms, 45 g"},"content":{"rendered":"","protected":false},"excerpt":{"rendered":"<p class=\"MsoNoSpacing\">Kuivtoit kanaga tiinetele ja imetavatele emasloomadele ning kutsikatele.<\/p>","protected":false},"featured_media":45759,"comment_status":"closed","ping_status":"closed","template":"","meta":{"_acf_changed":false,"slim_seo":{"title":"Vitapol Smakers skan\u0117stas su vaisiais pauk\u0161\u010diams, skirtas nimfin\u0117ms pap\u016bg\u0117l\u0117ms, 45 g - Zooprekes24","description":"Kuivtoit kanaga tiinetele ja imetavatele emasloomadele ning kutsikatele."},"iawp_total_views":1},"product_brand":[],"product_cat":[9279],"product_tag":[],"class_list":{"0":"post-45758","1":"product","2":"type-product","3":"status-publish","4":"has-post-thumbnail","6":"product_cat-pauksciams","7":"pa_prekiu-zenklai-vitapol","9":"first","10":"instock","11":"taxable","12":"shipping-taxable","13":"purchasable","14":"product-type-simple"},"acf":[],"_links":{"self":[{"href":"https:\/\/zooprekes24.lt\/et\/wp-json\/wp\/v2\/product\/45758","targetHints":{"allow":["GET"]}}],"collection":[{"href":"https:\/\/zooprekes24.lt\/et\/wp-json\/wp\/v2\/product"}],"about":[{"href":"https:\/\/zooprekes24.lt\/et\/wp-json\/wp\/v2\/types\/product"}],"replies":[{"embeddable":true,"href":"https:\/\/zooprekes24.lt\/et\/wp-json\/wp\/v2\/comments?post=45758"}],"wp:featuredmedia":[{"embeddable":true,"href":"https:\/\/zooprekes24.lt\/et\/wp-json\/wp\/v2\/media\/45759"}],"wp:attachment":[{"href":"https:\/\/zooprekes24.lt\/et\/wp-json\/wp\/v2\/media?parent=45758"}],"wp:term":[{"taxonomy":"product_brand","embeddable":true,"href":"https:\/\/zooprekes24.lt\/et\/wp-json\/wp\/v2\/product_brand?post=45758"},{"taxonomy":"product_cat","embeddable":true,"href":"https:\/\/zooprekes24.lt\/et\/wp-json\/wp\/v2\/product_cat?post=45758"},{"taxonomy":"product_tag","embeddable":true,"href":"https:\/\/zooprekes24.lt\/et\/wp-json\/wp\/v2\/product_tag?post=45758"}],"curies":[{"name":"wp","href":"https:\/\/api.w.org\/{rel}","templated":true}]}}