{"id":45494,"date":"2026-02-09T19:31:35","date_gmt":"2026-02-09T17:31:35","guid":{"rendered":"https:\/\/zooprekes24.lt\/?post_type=product&#038;p=45494"},"modified":"2026-02-10T17:24:44","modified_gmt":"2026-02-10T15:24:44","slug":"gimdog-bambuko-kaulas-sunims-su-sonines-aromatu-iv-dydziu","status":"publish","type":"product","link":"https:\/\/zooprekes24.lt\/et\/produktas\/gimdog-bambuko-kaulas-sunims-su-sonines-aromatu-iv-dydziu\/","title":{"rendered":"GimDog bambuko kaulas \u0161unims, su \u0161onin\u0117s aromatu, \u012fv. dyd\u017ei\u0173"},"content":{"rendered":"","protected":false},"excerpt":{"rendered":"","protected":false},"featured_media":45500,"comment_status":"closed","ping_status":"closed","template":"","meta":{"_acf_changed":false,"slim_seo":{"title":"GimDog bambuko kaulas \u0161unims, su \u0161onin\u0117s aromatu, \u012fv. dyd\u017ei\u0173 - Zooprekes24","description":""},"iawp_total_views":18},"product_brand":[],"product_cat":[9039,8999,30],"product_tag":[],"class_list":{"0":"post-45494","1":"product","2":"type-product","3":"status-publish","4":"has-post-thumbnail","6":"product_cat-kaulai-ir-susukta-oda","7":"product_cat-sunims","8":"product_cat-sunu-skanestai","9":"pa_prekiu-zenklai-gimborn","10":"pa_suns-amzius-jauniems","11":"pa_suns-amzius-senjorams","12":"pa_suns-amzius-suaugusiems","13":"pa_suns-amzius-visiems-amziams","14":"pa_veisles-dydis-didelems-veislems","15":"pa_veisles-dydis-mazoms-veislems","16":"pa_veisles-dydis-vidutinems-veislems","17":"pa_veisles-dydis-visu-dydziu-veislems","19":"first","20":"instock","21":"featured","22":"taxable","23":"shipping-taxable","24":"purchasable","25":"product-type-variable"},"acf":[],"_links":{"self":[{"href":"https:\/\/zooprekes24.lt\/et\/wp-json\/wp\/v2\/product\/45494","targetHints":{"allow":["GET"]}}],"collection":[{"href":"https:\/\/zooprekes24.lt\/et\/wp-json\/wp\/v2\/product"}],"about":[{"href":"https:\/\/zooprekes24.lt\/et\/wp-json\/wp\/v2\/types\/product"}],"replies":[{"embeddable":true,"href":"https:\/\/zooprekes24.lt\/et\/wp-json\/wp\/v2\/comments?post=45494"}],"wp:featuredmedia":[{"embeddable":true,"href":"https:\/\/zooprekes24.lt\/et\/wp-json\/wp\/v2\/media\/45500"}],"wp:attachment":[{"href":"https:\/\/zooprekes24.lt\/et\/wp-json\/wp\/v2\/media?parent=45494"}],"wp:term":[{"taxonomy":"product_brand","embeddable":true,"href":"https:\/\/zooprekes24.lt\/et\/wp-json\/wp\/v2\/product_brand?post=45494"},{"taxonomy":"product_cat","embeddable":true,"href":"https:\/\/zooprekes24.lt\/et\/wp-json\/wp\/v2\/product_cat?post=45494"},{"taxonomy":"product_tag","embeddable":true,"href":"https:\/\/zooprekes24.lt\/et\/wp-json\/wp\/v2\/product_tag?post=45494"}],"curies":[{"name":"wp","href":"https:\/\/api.w.org\/{rel}","templated":true}]}}