{"id":45492,"date":"2026-02-09T19:22:32","date_gmt":"2026-02-09T17:22:32","guid":{"rendered":"https:\/\/zooprekes24.lt\/?post_type=product&#038;p=45492"},"modified":"2026-02-18T11:42:46","modified_gmt":"2026-02-18T09:42:46","slug":"abakus-naturalios-dziovintos-kalakuto-kojos-skanestas-sunims-10vnt","status":"publish","type":"product","link":"https:\/\/zooprekes24.lt\/et\/produktas\/abakus-naturalios-dziovintos-kalakuto-kojos-skanestas-sunims-10vnt\/","title":{"rendered":"Abakus nat\u016bralios d\u017eiovintos kalakuto kojos, skan\u0117stas \u0161unims, 10 vnt"},"content":{"rendered":"","protected":false},"excerpt":{"rendered":"","protected":false},"featured_media":45493,"comment_status":"closed","ping_status":"closed","template":"","meta":{"_acf_changed":false,"slim_seo":{"title":"Abakus nat\u016bralios d\u017eiovintos kalakuto kojos, skan\u0117stas \u0161unims, 10 vnt - Zooprekes24","description":""},"iawp_total_views":1},"product_brand":[],"product_cat":[9010,8999,30],"product_tag":[],"class_list":{"0":"post-45492","1":"product","2":"type-product","3":"status-publish","4":"has-post-thumbnail","6":"product_cat-naturalus-skanestai","7":"product_cat-sunims","8":"product_cat-sunu-skanestai","9":"pa_pasaro-sudetis-kalakutiena","10":"pa_prekiu-zenklai-abakus","11":"pa_suns-amzius-suaugusiems","12":"pa_veisles-dydis-didelems-veislems","13":"pa_veisles-dydis-mazoms-veislems","14":"pa_veisles-dydis-vidutinems-veislems","15":"pa_veisles-dydis-visu-dydziu-veislems","17":"first","18":"instock","19":"featured","20":"taxable","21":"shipping-taxable","22":"purchasable","23":"product-type-simple"},"acf":[],"_links":{"self":[{"href":"https:\/\/zooprekes24.lt\/et\/wp-json\/wp\/v2\/product\/45492","targetHints":{"allow":["GET"]}}],"collection":[{"href":"https:\/\/zooprekes24.lt\/et\/wp-json\/wp\/v2\/product"}],"about":[{"href":"https:\/\/zooprekes24.lt\/et\/wp-json\/wp\/v2\/types\/product"}],"replies":[{"embeddable":true,"href":"https:\/\/zooprekes24.lt\/et\/wp-json\/wp\/v2\/comments?post=45492"}],"wp:featuredmedia":[{"embeddable":true,"href":"https:\/\/zooprekes24.lt\/et\/wp-json\/wp\/v2\/media\/45493"}],"wp:attachment":[{"href":"https:\/\/zooprekes24.lt\/et\/wp-json\/wp\/v2\/media?parent=45492"}],"wp:term":[{"taxonomy":"product_brand","embeddable":true,"href":"https:\/\/zooprekes24.lt\/et\/wp-json\/wp\/v2\/product_brand?post=45492"},{"taxonomy":"product_cat","embeddable":true,"href":"https:\/\/zooprekes24.lt\/et\/wp-json\/wp\/v2\/product_cat?post=45492"},{"taxonomy":"product_tag","embeddable":true,"href":"https:\/\/zooprekes24.lt\/et\/wp-json\/wp\/v2\/product_tag?post=45492"}],"curies":[{"name":"wp","href":"https:\/\/api.w.org\/{rel}","templated":true}]}}