{"id":45445,"date":"2026-02-06T18:15:43","date_gmt":"2026-02-06T16:15:43","guid":{"rendered":"https:\/\/zooprekes24.lt\/?post_type=product&#038;p=45445"},"modified":"2026-02-09T12:18:33","modified_gmt":"2026-02-09T10:18:33","slug":"doggyebag-minksti-sirdeles-formos-sausainiai-skanestas-sunims-90g","status":"publish","type":"product","link":"https:\/\/zooprekes24.lt\/et\/produktas\/doggyebag-minksti-sirdeles-formos-sausainiai-skanestas-sunims-90g\/","title":{"rendered":"DoggyeBag mink\u0161ti \u0161irdel\u0117s formos sausainiai, skan\u0117stas \u0161unims, 90 g"},"content":{"rendered":"","protected":false},"excerpt":{"rendered":"","protected":false},"featured_media":45446,"comment_status":"closed","ping_status":"closed","template":"","meta":{"_acf_changed":false,"slim_seo":{"title":"DoggyeBag mink\u0161ti \u0161irdel\u0117s formos sausainiai, skan\u0117stas \u0161unims, 90 g - Zooprekes24","description":""},"iawp_total_views":8},"product_brand":[],"product_cat":[9032,8999,30],"product_tag":[],"class_list":{"0":"post-45445","1":"product","2":"type-product","3":"status-publish","4":"has-post-thumbnail","6":"product_cat-sausainiai-ir-kepinukai","7":"product_cat-sunims","8":"product_cat-sunu-skanestai","9":"pa_prekiu-zenklai-doggyebag","10":"pa_suns-amzius-suaugusiems","11":"pa_veisles-dydis-didelems-veislems","12":"pa_veisles-dydis-mazoms-veislems","13":"pa_veisles-dydis-vidutinems-veislems","14":"pa_veisles-dydis-visu-dydziu-veislems","16":"first","17":"instock","18":"featured","19":"taxable","20":"shipping-taxable","21":"purchasable","22":"product-type-simple"},"acf":[],"_links":{"self":[{"href":"https:\/\/zooprekes24.lt\/et\/wp-json\/wp\/v2\/product\/45445","targetHints":{"allow":["GET"]}}],"collection":[{"href":"https:\/\/zooprekes24.lt\/et\/wp-json\/wp\/v2\/product"}],"about":[{"href":"https:\/\/zooprekes24.lt\/et\/wp-json\/wp\/v2\/types\/product"}],"replies":[{"embeddable":true,"href":"https:\/\/zooprekes24.lt\/et\/wp-json\/wp\/v2\/comments?post=45445"}],"wp:featuredmedia":[{"embeddable":true,"href":"https:\/\/zooprekes24.lt\/et\/wp-json\/wp\/v2\/media\/45446"}],"wp:attachment":[{"href":"https:\/\/zooprekes24.lt\/et\/wp-json\/wp\/v2\/media?parent=45445"}],"wp:term":[{"taxonomy":"product_brand","embeddable":true,"href":"https:\/\/zooprekes24.lt\/et\/wp-json\/wp\/v2\/product_brand?post=45445"},{"taxonomy":"product_cat","embeddable":true,"href":"https:\/\/zooprekes24.lt\/et\/wp-json\/wp\/v2\/product_cat?post=45445"},{"taxonomy":"product_tag","embeddable":true,"href":"https:\/\/zooprekes24.lt\/et\/wp-json\/wp\/v2\/product_tag?post=45445"}],"curies":[{"name":"wp","href":"https:\/\/api.w.org\/{rel}","templated":true}]}}