{"id":45424,"date":"2026-02-06T16:55:07","date_gmt":"2026-02-06T14:55:07","guid":{"rendered":"https:\/\/zooprekes24.lt\/?post_type=product&#038;p=45424"},"modified":"2026-02-11T12:09:16","modified_gmt":"2026-02-11T10:09:16","slug":"vitapol-karmeo-life-nelukstentos-saulegrazos-naturalus-lesalas-papugoms-300g","status":"publish","type":"product","link":"https:\/\/zooprekes24.lt\/et\/produktas\/vitapol-karmeo-life-nelukstentos-saulegrazos-naturalus-lesalas-papugoms-300g\/","title":{"rendered":"Vitapol Karmeo Life neluk\u0161tentos saul\u0117gr\u0105\u017eos, nat\u016bralus lesalas pap\u016bgoms, 300 g"},"content":{"rendered":"","protected":false},"excerpt":{"rendered":"<p class=\"MsoNoSpacing\">Kuivtoit kanaga tiinetele ja imetavatele emasloomadele ning kutsikatele.<\/p>","protected":false},"featured_media":45638,"comment_status":"closed","ping_status":"closed","template":"","meta":{"_acf_changed":false,"slim_seo":{"title":"Vitapol Karmeo Life neluk\u0161tentos saul\u0117gr\u0105\u017eos, nat\u016bralus lesalas pap\u016bgoms, 300 g - Zooprekes24","description":"Kuivtoit kanaga tiinetele ja imetavatele emasloomadele ning kutsikatele."},"iawp_total_views":2},"product_brand":[],"product_cat":[9279],"product_tag":[],"class_list":{"0":"post-45424","1":"product","2":"type-product","3":"status-publish","4":"has-post-thumbnail","6":"product_cat-pauksciams","7":"pa_prekiu-zenklai-vitapol","9":"first","10":"instock","11":"taxable","12":"shipping-taxable","13":"purchasable","14":"product-type-simple"},"acf":[],"_links":{"self":[{"href":"https:\/\/zooprekes24.lt\/et\/wp-json\/wp\/v2\/product\/45424","targetHints":{"allow":["GET"]}}],"collection":[{"href":"https:\/\/zooprekes24.lt\/et\/wp-json\/wp\/v2\/product"}],"about":[{"href":"https:\/\/zooprekes24.lt\/et\/wp-json\/wp\/v2\/types\/product"}],"replies":[{"embeddable":true,"href":"https:\/\/zooprekes24.lt\/et\/wp-json\/wp\/v2\/comments?post=45424"}],"wp:featuredmedia":[{"embeddable":true,"href":"https:\/\/zooprekes24.lt\/et\/wp-json\/wp\/v2\/media\/45638"}],"wp:attachment":[{"href":"https:\/\/zooprekes24.lt\/et\/wp-json\/wp\/v2\/media?parent=45424"}],"wp:term":[{"taxonomy":"product_brand","embeddable":true,"href":"https:\/\/zooprekes24.lt\/et\/wp-json\/wp\/v2\/product_brand?post=45424"},{"taxonomy":"product_cat","embeddable":true,"href":"https:\/\/zooprekes24.lt\/et\/wp-json\/wp\/v2\/product_cat?post=45424"},{"taxonomy":"product_tag","embeddable":true,"href":"https:\/\/zooprekes24.lt\/et\/wp-json\/wp\/v2\/product_tag?post=45424"}],"curies":[{"name":"wp","href":"https:\/\/api.w.org\/{rel}","templated":true}]}}