{"id":45348,"date":"2026-02-05T10:17:15","date_gmt":"2026-02-05T08:17:15","guid":{"rendered":"https:\/\/zooprekes24.lt\/?post_type=product&#038;p=45348"},"modified":"2026-02-06T15:59:33","modified_gmt":"2026-02-06T13:59:33","slug":"trixie-twin-dvieju-skyriu-maiselis-skanestams-galima-nesiot-per-peti-melynas","status":"publish","type":"product","link":"https:\/\/zooprekes24.lt\/et\/produktas\/trixie-twin-dvieju-skyriu-maiselis-skanestams-galima-nesiot-per-peti-melynas\/","title":{"rendered":"Trixie Twin dviej\u0173 skyri\u0173 mai\u0161elis skan\u0117stams, galima ne\u0161iot per pet\u012f, m\u0117lynas"},"content":{"rendered":"","protected":false},"excerpt":{"rendered":"","protected":false},"featured_media":45349,"comment_status":"closed","ping_status":"closed","template":"","meta":{"_acf_changed":false,"slim_seo":{"title":"Trixie Twin dviej\u0173 skyri\u0173 mai\u0161elis skan\u0117stams, galima ne\u0161iot per pet\u012f, m\u0117lynas - Zooprekes24","description":""},"iawp_total_views":5},"product_brand":[],"product_cat":[9079,9221,32,8999,31,9219],"product_tag":[],"class_list":{"0":"post-45348","1":"product","2":"type-product","3":"status-publish","4":"has-post-thumbnail","6":"product_cat-drabuziai-ir-aksesuarai","7":"product_cat-kelioniu-ir-isvyku-prekes-sunims","8":"product_cat-kitos-sunu-prekes","9":"product_cat-sunims","10":"product_cat-sunu-prekiu-gamintojai","11":"product_cat-trixie-sunims","12":"pa_prekiu-zenklai-trixie","14":"first","15":"instock","16":"featured","17":"taxable","18":"shipping-taxable","19":"purchasable","20":"product-type-simple"},"acf":[],"_links":{"self":[{"href":"https:\/\/zooprekes24.lt\/et\/wp-json\/wp\/v2\/product\/45348","targetHints":{"allow":["GET"]}}],"collection":[{"href":"https:\/\/zooprekes24.lt\/et\/wp-json\/wp\/v2\/product"}],"about":[{"href":"https:\/\/zooprekes24.lt\/et\/wp-json\/wp\/v2\/types\/product"}],"replies":[{"embeddable":true,"href":"https:\/\/zooprekes24.lt\/et\/wp-json\/wp\/v2\/comments?post=45348"}],"wp:featuredmedia":[{"embeddable":true,"href":"https:\/\/zooprekes24.lt\/et\/wp-json\/wp\/v2\/media\/45349"}],"wp:attachment":[{"href":"https:\/\/zooprekes24.lt\/et\/wp-json\/wp\/v2\/media?parent=45348"}],"wp:term":[{"taxonomy":"product_brand","embeddable":true,"href":"https:\/\/zooprekes24.lt\/et\/wp-json\/wp\/v2\/product_brand?post=45348"},{"taxonomy":"product_cat","embeddable":true,"href":"https:\/\/zooprekes24.lt\/et\/wp-json\/wp\/v2\/product_cat?post=45348"},{"taxonomy":"product_tag","embeddable":true,"href":"https:\/\/zooprekes24.lt\/et\/wp-json\/wp\/v2\/product_tag?post=45348"}],"curies":[{"name":"wp","href":"https:\/\/api.w.org\/{rel}","templated":true}]}}