{"id":45326,"date":"2026-02-05T09:15:35","date_gmt":"2026-02-05T07:15:35","guid":{"rendered":"https:\/\/zooprekes24.lt\/?post_type=product&#038;p=45326"},"modified":"2026-02-06T16:14:19","modified_gmt":"2026-02-06T14:14:19","slug":"gimdog-purskalas-suniukams-padeda-pripratinti-ir-ismokyti-atlikti-gamtinius-reikalus-ant-palutes-100ml","status":"publish","type":"product","link":"https:\/\/zooprekes24.lt\/et\/produktas\/gimdog-purskalas-suniukams-padeda-pripratinti-ir-ismokyti-atlikti-gamtinius-reikalus-ant-palutes-100ml\/","title":{"rendered":"GimDog pur\u0161kalas \u0161uniukams, padeda pripratinti ir i\u0161mokyti atlikti gamtinius reikalus ant palut\u0117s, 100 ml"},"content":{"rendered":"","protected":false},"excerpt":{"rendered":"","protected":false},"featured_media":45327,"comment_status":"closed","ping_status":"closed","template":"","meta":{"_acf_changed":false,"slim_seo":{"title":"GimDog pur\u0161kalas \u0161uniukams, padeda pripratinti ir i\u0161mokyti atlikti gamtinius reikalus ant palut\u0117s, 100 ml - Zooprekes24","description":""},"iawp_total_views":4},"product_brand":[],"product_cat":[9005,32,8999],"product_tag":[],"class_list":{"0":"post-45326","1":"product","2":"type-product","3":"status-publish","4":"has-post-thumbnail","6":"product_cat-higienos-ir-valymo-priemones","7":"product_cat-kitos-sunu-prekes","8":"product_cat-sunims","9":"pa_prekiu-zenklai-gimborn","11":"first","12":"instock","13":"featured","14":"taxable","15":"shipping-taxable","16":"purchasable","17":"product-type-simple"},"acf":[],"_links":{"self":[{"href":"https:\/\/zooprekes24.lt\/et\/wp-json\/wp\/v2\/product\/45326","targetHints":{"allow":["GET"]}}],"collection":[{"href":"https:\/\/zooprekes24.lt\/et\/wp-json\/wp\/v2\/product"}],"about":[{"href":"https:\/\/zooprekes24.lt\/et\/wp-json\/wp\/v2\/types\/product"}],"replies":[{"embeddable":true,"href":"https:\/\/zooprekes24.lt\/et\/wp-json\/wp\/v2\/comments?post=45326"}],"wp:featuredmedia":[{"embeddable":true,"href":"https:\/\/zooprekes24.lt\/et\/wp-json\/wp\/v2\/media\/45327"}],"wp:attachment":[{"href":"https:\/\/zooprekes24.lt\/et\/wp-json\/wp\/v2\/media?parent=45326"}],"wp:term":[{"taxonomy":"product_brand","embeddable":true,"href":"https:\/\/zooprekes24.lt\/et\/wp-json\/wp\/v2\/product_brand?post=45326"},{"taxonomy":"product_cat","embeddable":true,"href":"https:\/\/zooprekes24.lt\/et\/wp-json\/wp\/v2\/product_cat?post=45326"},{"taxonomy":"product_tag","embeddable":true,"href":"https:\/\/zooprekes24.lt\/et\/wp-json\/wp\/v2\/product_tag?post=45326"}],"curies":[{"name":"wp","href":"https:\/\/api.w.org\/{rel}","templated":true}]}}