{"id":45298,"date":"2026-02-04T09:41:29","date_gmt":"2026-02-04T07:41:29","guid":{"rendered":"https:\/\/zooprekes24.lt\/?post_type=product&#038;p=45298"},"modified":"2026-02-04T16:53:25","modified_gmt":"2026-02-04T14:53:25","slug":"gimcat-nutri-pockets-dental-poultry-traskus-skanestai-katems-su-idaru-mazina-dantu-akmenu-ir-apnasu-formavimasi-60g","status":"publish","type":"product","link":"https:\/\/zooprekes24.lt\/et\/produktas\/gimcat-nutri-pockets-dental-poultry-traskus-skanestai-katems-su-idaru-mazina-dantu-akmenu-ir-apnasu-formavimasi-60g\/","title":{"rendered":"GimCat Nutri Pockets Dental &#038; Poultry tra\u0161k\u016bs skan\u0117stai kat\u0117ms su \u012fdaru, ma\u017eina dant\u0173 akmen\u0173 ir apna\u0161\u0173 formavim\u0105si, 60 g"},"content":{"rendered":"","protected":false},"excerpt":{"rendered":"","protected":false},"featured_media":45299,"comment_status":"closed","ping_status":"closed","template":"","meta":{"_acf_changed":false,"slim_seo":{"title":"GimCat Nutri Pockets Dental & Poultry tra\u0161k\u016bs skan\u0117stai kat\u0117ms su \u012fdaru, ma\u017eina dant\u0173 akmen\u0173 ir apna\u0161\u0173 formavim\u0105si, 60 g - Zooprekes24","description":""},"iawp_total_views":15},"product_brand":[],"product_cat":[9271,72,83,25,9018],"product_tag":[],"class_list":{"0":"post-45298","1":"product","2":"type-product","3":"status-publish","4":"has-post-thumbnail","6":"product_cat-gimcat-katems","7":"product_cat-kaciu-maistas","8":"product_cat-kaciu-prekiu-gamintojai","9":"product_cat-katems","10":"product_cat-skanestai","11":"pa_pasaro-sudetis-paukstiena","12":"pa_prekiu-zenklai-gimborn","14":"first","15":"instock","16":"featured","17":"taxable","18":"shipping-taxable","19":"purchasable","20":"product-type-simple"},"acf":[],"_links":{"self":[{"href":"https:\/\/zooprekes24.lt\/et\/wp-json\/wp\/v2\/product\/45298","targetHints":{"allow":["GET"]}}],"collection":[{"href":"https:\/\/zooprekes24.lt\/et\/wp-json\/wp\/v2\/product"}],"about":[{"href":"https:\/\/zooprekes24.lt\/et\/wp-json\/wp\/v2\/types\/product"}],"replies":[{"embeddable":true,"href":"https:\/\/zooprekes24.lt\/et\/wp-json\/wp\/v2\/comments?post=45298"}],"wp:featuredmedia":[{"embeddable":true,"href":"https:\/\/zooprekes24.lt\/et\/wp-json\/wp\/v2\/media\/45299"}],"wp:attachment":[{"href":"https:\/\/zooprekes24.lt\/et\/wp-json\/wp\/v2\/media?parent=45298"}],"wp:term":[{"taxonomy":"product_brand","embeddable":true,"href":"https:\/\/zooprekes24.lt\/et\/wp-json\/wp\/v2\/product_brand?post=45298"},{"taxonomy":"product_cat","embeddable":true,"href":"https:\/\/zooprekes24.lt\/et\/wp-json\/wp\/v2\/product_cat?post=45298"},{"taxonomy":"product_tag","embeddable":true,"href":"https:\/\/zooprekes24.lt\/et\/wp-json\/wp\/v2\/product_tag?post=45298"}],"curies":[{"name":"wp","href":"https:\/\/api.w.org\/{rel}","templated":true}]}}