{"id":45291,"date":"2026-02-04T09:17:31","date_gmt":"2026-02-04T07:17:31","guid":{"rendered":"https:\/\/zooprekes24.lt\/?post_type=product&#038;p=45291"},"modified":"2026-02-04T16:55:03","modified_gmt":"2026-02-04T14:55:03","slug":"gimcat-nutri-pockets-catnip-multivitamin-traskus-skanestai-katems-su-idaru-aktyvina-organizmo-apsauga-ir-palaiko-gyvybinguma-60g","status":"publish","type":"product","link":"https:\/\/zooprekes24.lt\/et\/produktas\/gimcat-nutri-pockets-catnip-multivitamin-traskus-skanestai-katems-su-idaru-aktyvina-organizmo-apsauga-ir-palaiko-gyvybinguma-60g\/","title":{"rendered":"GimCat Nutri Pockets Catnip &#038; Multivitamin tra\u0161k\u016bs skan\u0117stai kat\u0117ms su \u012fdaru, aktyvina organizmo apsaug\u0105 ir palaiko gyvybingum\u0105, 60 g"},"content":{"rendered":"","protected":false},"excerpt":{"rendered":"","protected":false},"featured_media":45292,"comment_status":"closed","ping_status":"closed","template":"","meta":{"_acf_changed":false,"slim_seo":{"title":"GimCat Nutri Pockets Catnip & Multivitamin tra\u0161k\u016bs skan\u0117stai kat\u0117ms su \u012fdaru, aktyvina organizmo apsaug\u0105 ir palaiko gyvybingum\u0105, 60 g - Zooprekes24","description":""},"iawp_total_views":8},"product_brand":[],"product_cat":[9271,72,83,25,9018],"product_tag":[],"class_list":{"0":"post-45291","1":"product","2":"type-product","3":"status-publish","4":"has-post-thumbnail","6":"product_cat-gimcat-katems","7":"product_cat-kaciu-maistas","8":"product_cat-kaciu-prekiu-gamintojai","9":"product_cat-katems","10":"product_cat-skanestai","11":"pa_pasaro-sudetis-katzole","12":"pa_prekiu-zenklai-gimborn","14":"first","15":"instock","16":"featured","17":"taxable","18":"shipping-taxable","19":"purchasable","20":"product-type-simple"},"acf":[],"_links":{"self":[{"href":"https:\/\/zooprekes24.lt\/et\/wp-json\/wp\/v2\/product\/45291","targetHints":{"allow":["GET"]}}],"collection":[{"href":"https:\/\/zooprekes24.lt\/et\/wp-json\/wp\/v2\/product"}],"about":[{"href":"https:\/\/zooprekes24.lt\/et\/wp-json\/wp\/v2\/types\/product"}],"replies":[{"embeddable":true,"href":"https:\/\/zooprekes24.lt\/et\/wp-json\/wp\/v2\/comments?post=45291"}],"wp:featuredmedia":[{"embeddable":true,"href":"https:\/\/zooprekes24.lt\/et\/wp-json\/wp\/v2\/media\/45292"}],"wp:attachment":[{"href":"https:\/\/zooprekes24.lt\/et\/wp-json\/wp\/v2\/media?parent=45291"}],"wp:term":[{"taxonomy":"product_brand","embeddable":true,"href":"https:\/\/zooprekes24.lt\/et\/wp-json\/wp\/v2\/product_brand?post=45291"},{"taxonomy":"product_cat","embeddable":true,"href":"https:\/\/zooprekes24.lt\/et\/wp-json\/wp\/v2\/product_cat?post=45291"},{"taxonomy":"product_tag","embeddable":true,"href":"https:\/\/zooprekes24.lt\/et\/wp-json\/wp\/v2\/product_tag?post=45291"}],"curies":[{"name":"wp","href":"https:\/\/api.w.org\/{rel}","templated":true}]}}